{"id":1401,"date":"2021-08-26T11:32:25","date_gmt":"2021-08-26T11:32:25","guid":{"rendered":"https:\/\/shopcopy.medicest.eu\/usloviya-konfidencziaczii\/"},"modified":"2021-09-28T09:40:30","modified_gmt":"2021-09-28T09:40:30","slug":"privaatsustingimused","status":"publish","type":"page","link":"https:\/\/shopcopy.medicest.eu\/et\/privaatsustingimused\/","title":{"rendered":"Privaatsustingimused"},"content":{"rendered":"<div class=\"entry-content\">\n<p>Privaatsustingimused reguleerivad isikuandmete t\u00f6\u00f6tlemist ja k\u00fcpsiste kasutamist Medic-Esthetic O\u00dc (edaspidi Medicest) veebilehel https:\/\/shopcopy.medicest.eu (edaspidi <em>veebileht<\/em>).<\/p>\n<h3>M\u00f5isted<\/h3>\n<p><strong>Isikuandmete t\u00f6\u00f6tlemine<\/strong> on igasugune veebilehe kasutaja (edaspidi kasutaja) isikuandmetega tehtav tegevus \u2013 andmete kogumine, t\u00f6\u00f6tlemine, talletamine, parandamine v\u00f5i eemaldamine.<\/p>\n<p><strong>Kasutajad<\/strong> on k\u00f5ik isikud, kes k\u00fclastavad veebilehte, soetavad tooteid v\u00f5i edastavad Medicest\u2019le informatsiooni, n\u00e4iteks e-posti teel p\u00e4ringu.<\/p>\n<p><strong>Tooted<\/strong> on k\u00f5ik Medicest veebilehel m\u00fc\u00fcdavad tooted.<\/p>\n<h3>Isikuandmete t\u00f6\u00f6tlemine<\/h3>\n<p>Veebilehte kasutades annab kasutaja n\u00f5usoleku oma andmete t\u00f6\u00f6tlemiseks koosk\u00f5las k\u00e4esolevate privaatsustingimustega.<\/p>\n<p>Medicest kogub veebilehe kaudu alltoodud isikuandmeid j\u00e4rgnevalt kirjeldatud viisidel:<\/p>\n<ul>\n<li><strong>kasutaja e-posti aadress<\/strong> \u2013 liitumisel meililistiga v\u00f5i e-posti teel kirja saatmisel;<\/li>\n<li><strong>kasutaja nimi, aadress, telefon, e-posti aadress, soetatud toode, kogus, hind, kuup\u00e4ev<\/strong> \u2013 ostu sooritamisel;<\/li>\n<li><strong>veebilehe k\u00fclastatavuse statistika<\/strong> \u2013 Google Analyticsi, Facebook Pixeli abil.<\/li>\n<\/ul>\n<h3>Isikuandmete kasutamine<\/h3>\n<p>Medicest kasutab isikuandmeid:<\/p>\n<ul>\n<li>kasutajale toodete m\u00fc\u00fcgiks, kasutajaga suhtlemiseks, toodete saatmiseks ja arvete edastamiseks;<\/li>\n<li>kasutaja e-posti aadressile teavituste saatmiseks uutest toodetest, kampaaniapakkumistest, loosimistest ja blogipostitustest, kuid seda ainult kasutaja eelneval n\u00f5usolekul.<\/li>\n<\/ul>\n<p>Medicest kasutab veebilehe k\u00fclastatavuse statistikat veebilehe kasutajakogemuse parendamiseks ja efektiivsemaks turundamiseks.<\/p>\n<p>Kasutajal on igal ajal \u00f5igus keelata oma isikuandmete t\u00f6\u00f6tlemine, v\u00e4lja arvatud juhul, kui see on vajalik lepingust tuleneva n\u00f5ude t\u00e4itmiseks, sh toodete m\u00fc\u00fcgiks.<\/p>\n<h3>Isikuandmete edastamine kolmandatele isikutele<\/h3>\n<p>Kolmas isik on Medicest lepingu- v\u00f5i koost\u00f6\u00f6partner, kes t\u00f6\u00f6tleb isikuandmeid ja kelle toote v\u00f5i teenuse abil pakub Medicest kasutajale teenuseid.<\/p>\n<p>Medicest kasutab igap\u00e4evaseks tegevuseks kolmandaid isikuid, kes pakuvad:<\/p>\n<ul>\n<li>makselahendusi (pangad, Montonio*),<\/li>\n<li>toodete transporti,<\/li>\n<li>veebilehe majutust,<\/li>\n<li>veebilehe IT-tuge,<\/li>\n<li>e-mailide edastamist ja haldamist,<\/li>\n<li>veebilehe kasutusstatistika kogumist,<\/li>\n<li>sotsiaalmeedia kasutamist,<\/li>\n<li>raamatupidamistarkvara kasutamist.<\/li>\n<\/ul>\n<p>Selliste teenuste osutamisel v\u00f5ib lepingu- ja koost\u00f6\u00f6partneritel olla juurdep\u00e4\u00e4s kasutaja isikuandmetele ja\/v\u00f5i nad v\u00f5ivad neid t\u00f6\u00f6delda. Lepingu- ja koost\u00f6\u00f6partneritel \u00f5igusaktidest tulenev kohustus rakendada ja kohaldada turvameetmeid, et tagada isikuandmete puutumatus ja turvalisus.<\/p>\n<p>* Medicest on isikuandmete vastutav t\u00f6\u00f6tleja, Medicest edastab maksete teostamiseks vajalikud isikuandmed volitatud t\u00f6\u00f6tleja Montonio Finance O\u00dc-le.<\/p>\n<h3>Isikuandmete s\u00e4ilitamine ja turvalisus<\/h3>\n<p>Medicest s\u00e4ilitab isikuandmeid nii kaua, kuni see on eesm\u00e4rgi t\u00e4itmiseks v\u00f5i seadusest tulenevalt vajalik. N\u00e4iteks ostuga kaasnevate isikuandmete v\u00f5i meililistis olevat e-posti aadressi s\u00e4ilitatakse seni, kuni kasutaja avaldab soovi need sealt eemaldada. N\u00e4iteks raamatupidamisandmeid s\u00e4ilitatakse tulenevalt seadusandlusest 7 aastat majandusaasta l\u00f5ppemisest.<\/p>\n<p>Medicest rakendab k\u00f5iki m\u00f5istlikke meetmeid t\u00f6\u00f6deldavate isikuandmete kaitseks. Juurdep\u00e4\u00e4s isikuandmete muutmiseks ja t\u00f6\u00f6tlemiseks on ainult selleks volitatud isikutel ning k\u00f5ikide kasutajate isikuandmeid k\u00e4sitletakse kui konfidentsiaalset informatsiooni.<\/p>\n<h3>Kasutaja \u00f5igused<\/h3>\n<p>Kasutajal on \u00f5igus igal ajal:<\/p>\n<ul>\n<li>taotleda juurdep\u00e4\u00e4suks oma isikuandmetele,<\/li>\n<li>taotleda oma isikuandmete parandamist v\u00f5i t\u00e4iendamist,<\/li>\n<li>taotleda oma isikuandmete kustutamist;<\/li>\n<li>taotleda isikuandmete t\u00f6\u00f6tlemise piiramist;<\/li>\n<li>taotleda isikuandmete \u00fclekandmist.<\/li>\n<\/ul>\n<p>Oma \u00f5iguste kasutamiseks tuleb kasutajal saata e-posti aadressile info@medicest.eu vastavasisuline sooviavaldus.<\/p>\n<p>Kui kasutaja kuulub Medicest meililisti, on tal v\u00f5imalik kustutada end meililisti nimekirjast ja loobuda edasistest kirjadest e-kirja l\u00f5pus oleva lingi kaudu.<\/p>\n<p>K\u00fcpsiste kasutamise piiramiseks saab kasutaja teha vastavad valikud oma veebilehitseja seadete alt.<\/p>\n<p>Kui kasutaja usub, et tema \u00f5igusi on isikuandmete t\u00f6\u00f6tlemisel rikutud, on tal \u00f5igus p\u00f6\u00f6rduda Andmekaitse Inspektsiooni poole.<\/p>\n<h3>K\u00fcpsised<\/h3>\n<p>Nagu enamik veebilehti, kasutab ka Medicest veebileht erinevate funktsioonide jaoks k\u00fcpsiseid, eesm\u00e4rgiga tagada parem kasutajakogemus ja efektiivsem turundustegevus ning koguda kasutusstatistikat.<\/p>\n<p>Kasutades Medicest veebilehte, n\u00f5ustub kasutaja k\u00fcpsiste kasutamisega k\u00e4esolevas korras kirjeldatud viisil.<\/p>\n<p><strong>K\u00fcpsis<\/strong> on v\u00e4ike tekstifail, mille veebilehitseja salvestab automaatselt kasutaja poolt kasutatavasse seadmesse. K\u00fcpsised v\u00f5ivad olla loodud erinevate teenusepakkujate poolt, n\u00e4iteks Google ja Facebook. K\u00fcpsisefailid ei ole arvuti jaoks ohtlikud.<\/p>\n<p><strong>K\u00fcpsiseid on kahte t\u00fc\u00fcpi:<\/strong><\/p>\n<ul>\n<li><strong>P\u00fcsik\u00fcpsised<\/strong> on p\u00fcsivad, neid ei eemaldata enne kui kasutaja need kustutab v\u00f5i kuni need aeguvad (s\u00f5ltub k\u00fcpsise s\u00e4ilivusajast). Neid v\u00f5idakse kasutada n\u00e4iteks kasutaja kui veebilehe korduvk\u00fclastaja \u00e4ratundmiseks ja veebilehe sisu kohandamiseks vastavalt kasutaja vajadustele v\u00f5i statistiliste andmete kogumiseks.<\/li>\n<li><strong>Ajutised k\u00fcpsised ehk sessioonik\u00fcpsised<\/strong> on ajutised ja eemaldatakse, kui kasutaja veebilehelt lahkub v\u00f5i oma veebilehitseja sulgeb. Sessioonik\u00fcpsiseid v\u00f5idakse kasutada veebilehe teatud funktsioonide, n\u00e4iteks toote soetamise jms v\u00f5imaldamiseks.<\/li>\n<\/ul>\n<p>K\u00fcpsiseid kasutatakse teabe kogumiseks selle kohta, kuidas veebilehte kasutatakse, et seda kasutajatele isiklikumaks ja kasutajas\u00f5bralikumaks muuta. Lisaks aitavad k\u00fcpsised koguda kasutajastatistikat, mis v\u00f5imaldab m\u00f5\u00f5ta ja parandada veebilehe toimivust ning annab alusandmed, et viia l\u00e4bi efektiivset turundustegevust.<\/p>\n<p><strong>Kasutaja loetakse k\u00fcpsistega n\u00f5ustunuks, kui tema veebilehitseja seadistustes on k\u00fcpsised lubatud.<\/strong><\/p>\n<p>Enamik veebilehitsejaid on automaatselt seadistatud k\u00fcpsiseid vastu v\u00f5tma. Soovi korral v\u00f5ib kasutaja k\u00fcpsised oma veebilehitsejas \u00e4ra keelata aga tasub meeles pidada, et sellega v\u00f5ivad kaduda m\u00f5ned funktsioonid, mis on vajalikud Medicest veebilehe korralikuks toimimiseks. Juhiseid brauserist k\u00fcpsiste kustutamiseks ja seadistamiseks leiab n\u00e4iteks siit: <a href=\"https:\/\/support.mozilla.org\/et\/kb\/delete-cookies-remove-info-websites-stored\" target=\"_blank\" rel=\"noopener noreferrer nofollow\">Firefox<\/a>, <a href=\"https:\/\/support.google.com\/chrome\/answer\/95647?hl=en\" target=\"_blank\" rel=\"noopener noreferrer nofollow\">Chrome<\/a>, <a href=\"https:\/\/support.microsoft.com\/en-us\/help\/278835\/how-to-delete-cookie-files-in-internet-explorer\" target=\"_blank\" rel=\"noopener noreferrer nofollow\">Internet Explorer<\/a>.<\/p>\n<p>Kasutusstatistika kogumiseks kasutab Medicest Google Analytics teenust, kogudes andmeid k\u00fclastatud sisulehtede, k\u00fclastusaja, k\u00fclastuste arvu, kasutatavate seadmete, sisenemiskanalite ja muu statistika kohta.<\/p>\n<p>Google Analytics v\u00f5ib siiski koguda andmeid kasutajate aktiivsuse kohta ka ilma k\u00fcpsisefaile kasutamata. Selleks, et Google Analytics ei saaks andmeid kasutada, saab kasutaja paigaldada Google Analytics\u2019i blokeeriva rakenduse:<a href=\"https:\/\/tools.google.com\/dlpage\/gaoptout?hl=en\" target=\"_blank\" rel=\"noopener noreferrer nofollow\"> Google Analyticsist loobumise brauserilaiend<\/a>, mis toimib k\u00f5igi enimlevinud veebilehitsejatega.<\/p>\n<h3>Privaatsustingimuste muutmine<\/h3>\n<p>Medicest j\u00e4tab endale \u00f5iguse muuta privaatsustingimusi \u00fchepoolselt ja ette teatamata, eesm\u00e4rgiga kindlustada tingimuste vastavus \u00f5igusaktidele.<\/p>\n<p>K\u00f5igi privaatsustingimuste ja andmet\u00f6\u00f6tluse kohta tekkivate k\u00fcsimustega palume v\u00f5tta meiega \u00fchendust e-posti aadressil info@medicest.eu.<\/p>\n<\/div>\n","protected":false},"excerpt":{"rendered":"<p>Privaatsustingimused reguleerivad isikuandmete t\u00f6\u00f6tlemist ja k\u00fcpsiste kasutamist Medic-Esthetic O\u00dc (edaspidi Medicest) veebilehel https:\/\/shopcopy.medicest.eu (edaspidi veebileht). M\u00f5isted Isikuandmete t\u00f6\u00f6tlemine on igasugune veebilehe kasutaja (edaspidi kasutaja) isikuandmetega tehtav tegevus \u2013 andmete kogumine, t\u00f6\u00f6tlemine, talletamine, parandamine v\u00f5i eemaldamine. Kasutajad on k\u00f5ik isikud, kes k\u00fclastavad veebilehte, soetavad tooteid v\u00f5i edastavad Medicest\u2019le informatsiooni, n\u00e4iteks e-posti teel p\u00e4ringu. Tooted on k\u00f5ik [&hellip;]<\/p>\n","protected":false},"author":1,"featured_media":0,"parent":0,"menu_order":0,"comment_status":"closed","ping_status":"closed","template":"","meta":{"ocean_post_layout":"","ocean_both_sidebars_style":"","ocean_both_sidebars_content_width":0,"ocean_both_sidebars_sidebars_width":0,"ocean_sidebar":"0","ocean_second_sidebar":"0","ocean_disable_margins":"enable","ocean_add_body_class":"","ocean_shortcode_before_top_bar":"","ocean_shortcode_after_top_bar":"","ocean_shortcode_before_header":"","ocean_shortcode_after_header":"","ocean_has_shortcode":"","ocean_shortcode_after_title":"","ocean_shortcode_before_footer_widgets":"","ocean_shortcode_after_footer_widgets":"","ocean_shortcode_before_footer_bottom":"","ocean_shortcode_after_footer_bottom":"","ocean_display_top_bar":"default","ocean_display_header":"default","ocean_header_style":"","ocean_center_header_left_menu":"0","ocean_custom_header_template":"0","ocean_custom_logo":0,"ocean_custom_retina_logo":0,"ocean_custom_logo_max_width":0,"ocean_custom_logo_tablet_max_width":0,"ocean_custom_logo_mobile_max_width":0,"ocean_custom_logo_max_height":0,"ocean_custom_logo_tablet_max_height":0,"ocean_custom_logo_mobile_max_height":0,"ocean_header_custom_menu":"0","ocean_menu_typo_font_family":"0","ocean_menu_typo_font_subset":"","ocean_menu_typo_font_size":0,"ocean_menu_typo_font_size_tablet":0,"ocean_menu_typo_font_size_mobile":0,"ocean_menu_typo_font_size_unit":"px","ocean_menu_typo_font_weight":"","ocean_menu_typo_font_weight_tablet":"","ocean_menu_typo_font_weight_mobile":"","ocean_menu_typo_transform":"","ocean_menu_typo_transform_tablet":"","ocean_menu_typo_transform_mobile":"","ocean_menu_typo_line_height":0,"ocean_menu_typo_line_height_tablet":0,"ocean_menu_typo_line_height_mobile":0,"ocean_menu_typo_line_height_unit":"","ocean_menu_typo_spacing":0,"ocean_menu_typo_spacing_tablet":0,"ocean_menu_typo_spacing_mobile":0,"ocean_menu_typo_spacing_unit":"","ocean_menu_link_color":"","ocean_menu_link_color_hover":"","ocean_menu_link_color_active":"","ocean_menu_link_background":"","ocean_menu_link_hover_background":"","ocean_menu_link_active_background":"","ocean_menu_social_links_bg":"","ocean_menu_social_hover_links_bg":"","ocean_menu_social_links_color":"","ocean_menu_social_hover_links_color":"","ocean_disable_title":"default","ocean_disable_heading":"default","ocean_post_title":"","ocean_post_subheading":"","ocean_post_title_style":"","ocean_post_title_background_color":"","ocean_post_title_background":0,"ocean_post_title_bg_image_position":"","ocean_post_title_bg_image_attachment":"","ocean_post_title_bg_image_repeat":"","ocean_post_title_bg_image_size":"","ocean_post_title_height":0,"ocean_post_title_bg_overlay":0.5,"ocean_post_title_bg_overlay_color":"","ocean_disable_breadcrumbs":"default","ocean_breadcrumbs_color":"","ocean_breadcrumbs_separator_color":"","ocean_breadcrumbs_links_color":"","ocean_breadcrumbs_links_hover_color":"","ocean_display_footer_widgets":"default","ocean_display_footer_bottom":"default","ocean_custom_footer_template":"0","footnotes":""},"class_list":["post-1401","page","type-page","status-publish","hentry","entry","owp-thumbs-layout-vertical","owp-btn-normal","owp-tabs-layout-vertical","has-no-thumbnails","has-product-nav","circle-sale"],"yoast_head":"<!-- This site is optimized with the Yoast SEO plugin v23.6 - https:\/\/yoast.com\/wordpress\/plugins\/seo\/ -->\n<title>Privaatsustingimused - Medic-Esthetic beauty shop<\/title>\n<meta name=\"robots\" content=\"index, follow, max-snippet:-1, max-image-preview:large, max-video-preview:-1\" \/>\n<link rel=\"canonical\" href=\"https:\/\/shopcopy.medicest.eu\/et\/privaatsustingimused\/\" \/>\n<meta property=\"og:locale\" content=\"et_EE\" \/>\n<meta property=\"og:type\" content=\"article\" \/>\n<meta property=\"og:title\" content=\"Privaatsustingimused - Medic-Esthetic beauty shop\" \/>\n<meta property=\"og:description\" content=\"Privaatsustingimused reguleerivad isikuandmete t\u00f6\u00f6tlemist ja k\u00fcpsiste kasutamist Medic-Esthetic O\u00dc (edaspidi Medicest) veebilehel https:\/\/shopcopy.medicest.eu (edaspidi veebileht). M\u00f5isted Isikuandmete t\u00f6\u00f6tlemine on igasugune veebilehe kasutaja (edaspidi kasutaja) isikuandmetega tehtav tegevus \u2013 andmete kogumine, t\u00f6\u00f6tlemine, talletamine, parandamine v\u00f5i eemaldamine. Kasutajad on k\u00f5ik isikud, kes k\u00fclastavad veebilehte, soetavad tooteid v\u00f5i edastavad Medicest\u2019le informatsiooni, n\u00e4iteks e-posti teel p\u00e4ringu. Tooted on k\u00f5ik [&hellip;]\" \/>\n<meta property=\"og:url\" content=\"https:\/\/shopcopy.medicest.eu\/et\/privaatsustingimused\/\" \/>\n<meta property=\"og:site_name\" content=\"Medic-Esthetic beauty shop\" \/>\n<meta property=\"article:modified_time\" content=\"2021-09-28T09:40:30+00:00\" \/>\n<meta name=\"twitter:card\" content=\"summary_large_image\" \/>\n<meta name=\"twitter:label1\" content=\"Est. reading time\" \/>\n\t<meta name=\"twitter:data1\" content=\"4 minutit\" \/>\n<script type=\"application\/ld+json\" class=\"yoast-schema-graph\">{\"@context\":\"https:\/\/schema.org\",\"@graph\":[{\"@type\":\"WebPage\",\"@id\":\"https:\/\/shopcopy.medicest.eu\/et\/privaatsustingimused\/\",\"url\":\"https:\/\/shopcopy.medicest.eu\/et\/privaatsustingimused\/\",\"name\":\"Privaatsustingimused - Medic-Esthetic beauty shop\",\"isPartOf\":{\"@id\":\"https:\/\/shopcopy.medicest.eu\/#website\"},\"datePublished\":\"2021-08-26T11:32:25+00:00\",\"dateModified\":\"2021-09-28T09:40:30+00:00\",\"breadcrumb\":{\"@id\":\"https:\/\/shopcopy.medicest.eu\/et\/privaatsustingimused\/#breadcrumb\"},\"inLanguage\":\"et\",\"potentialAction\":[{\"@type\":\"ReadAction\",\"target\":[\"https:\/\/shopcopy.medicest.eu\/et\/privaatsustingimused\/\"]}]},{\"@type\":\"BreadcrumbList\",\"@id\":\"https:\/\/shopcopy.medicest.eu\/et\/privaatsustingimused\/#breadcrumb\",\"itemListElement\":[{\"@type\":\"ListItem\",\"position\":1,\"name\":\"\",\"item\":\"https:\/\/shopcopy.medicest.eu\/et\/\"},{\"@type\":\"ListItem\",\"position\":2,\"name\":\"Privaatsustingimused\"}]},{\"@type\":\"WebSite\",\"@id\":\"https:\/\/shopcopy.medicest.eu\/#website\",\"url\":\"https:\/\/shopcopy.medicest.eu\/\",\"name\":\"Medic-Esthetic beauty shop\",\"description\":\"Beauty shop\",\"publisher\":{\"@id\":\"https:\/\/shopcopy.medicest.eu\/#organization\"},\"potentialAction\":[{\"@type\":\"SearchAction\",\"target\":{\"@type\":\"EntryPoint\",\"urlTemplate\":\"https:\/\/shopcopy.medicest.eu\/?s={search_term_string}\"},\"query-input\":{\"@type\":\"PropertyValueSpecification\",\"valueRequired\":true,\"valueName\":\"search_term_string\"}}],\"inLanguage\":\"et\"},{\"@type\":\"Organization\",\"@id\":\"https:\/\/shopcopy.medicest.eu\/#organization\",\"name\":\"Medic-Esthetic beauty shop\",\"url\":\"https:\/\/shopcopy.medicest.eu\/\",\"logo\":{\"@type\":\"ImageObject\",\"inLanguage\":\"et\",\"@id\":\"https:\/\/shopcopy.medicest.eu\/#\/schema\/logo\/image\/\",\"url\":\"https:\/\/shopcopy.medicest.eu\/wp-content\/uploads\/2021\/12\/medicest-logo-new2021.png\",\"contentUrl\":\"https:\/\/shopcopy.medicest.eu\/wp-content\/uploads\/2021\/12\/medicest-logo-new2021.png\",\"width\":800,\"height\":211,\"caption\":\"Medic-Esthetic beauty shop\"},\"image\":{\"@id\":\"https:\/\/shopcopy.medicest.eu\/#\/schema\/logo\/image\/\"}}]}<\/script>\n<!-- \/ Yoast SEO plugin. -->","yoast_head_json":{"title":"Privaatsustingimused - Medic-Esthetic beauty shop","robots":{"index":"index","follow":"follow","max-snippet":"max-snippet:-1","max-image-preview":"max-image-preview:large","max-video-preview":"max-video-preview:-1"},"canonical":"https:\/\/shopcopy.medicest.eu\/et\/privaatsustingimused\/","og_locale":"et_EE","og_type":"article","og_title":"Privaatsustingimused - Medic-Esthetic beauty shop","og_description":"Privaatsustingimused reguleerivad isikuandmete t\u00f6\u00f6tlemist ja k\u00fcpsiste kasutamist Medic-Esthetic O\u00dc (edaspidi Medicest) veebilehel https:\/\/shopcopy.medicest.eu (edaspidi veebileht). M\u00f5isted Isikuandmete t\u00f6\u00f6tlemine on igasugune veebilehe kasutaja (edaspidi kasutaja) isikuandmetega tehtav tegevus \u2013 andmete kogumine, t\u00f6\u00f6tlemine, talletamine, parandamine v\u00f5i eemaldamine. Kasutajad on k\u00f5ik isikud, kes k\u00fclastavad veebilehte, soetavad tooteid v\u00f5i edastavad Medicest\u2019le informatsiooni, n\u00e4iteks e-posti teel p\u00e4ringu. Tooted on k\u00f5ik [&hellip;]","og_url":"https:\/\/shopcopy.medicest.eu\/et\/privaatsustingimused\/","og_site_name":"Medic-Esthetic beauty shop","article_modified_time":"2021-09-28T09:40:30+00:00","twitter_card":"summary_large_image","twitter_misc":{"Est. reading time":"4 minutit"},"schema":{"@context":"https:\/\/schema.org","@graph":[{"@type":"WebPage","@id":"https:\/\/shopcopy.medicest.eu\/et\/privaatsustingimused\/","url":"https:\/\/shopcopy.medicest.eu\/et\/privaatsustingimused\/","name":"Privaatsustingimused - Medic-Esthetic beauty shop","isPartOf":{"@id":"https:\/\/shopcopy.medicest.eu\/#website"},"datePublished":"2021-08-26T11:32:25+00:00","dateModified":"2021-09-28T09:40:30+00:00","breadcrumb":{"@id":"https:\/\/shopcopy.medicest.eu\/et\/privaatsustingimused\/#breadcrumb"},"inLanguage":"et","potentialAction":[{"@type":"ReadAction","target":["https:\/\/shopcopy.medicest.eu\/et\/privaatsustingimused\/"]}]},{"@type":"BreadcrumbList","@id":"https:\/\/shopcopy.medicest.eu\/et\/privaatsustingimused\/#breadcrumb","itemListElement":[{"@type":"ListItem","position":1,"name":"","item":"https:\/\/shopcopy.medicest.eu\/et\/"},{"@type":"ListItem","position":2,"name":"Privaatsustingimused"}]},{"@type":"WebSite","@id":"https:\/\/shopcopy.medicest.eu\/#website","url":"https:\/\/shopcopy.medicest.eu\/","name":"Medic-Esthetic beauty shop","description":"Beauty shop","publisher":{"@id":"https:\/\/shopcopy.medicest.eu\/#organization"},"potentialAction":[{"@type":"SearchAction","target":{"@type":"EntryPoint","urlTemplate":"https:\/\/shopcopy.medicest.eu\/?s={search_term_string}"},"query-input":{"@type":"PropertyValueSpecification","valueRequired":true,"valueName":"search_term_string"}}],"inLanguage":"et"},{"@type":"Organization","@id":"https:\/\/shopcopy.medicest.eu\/#organization","name":"Medic-Esthetic beauty shop","url":"https:\/\/shopcopy.medicest.eu\/","logo":{"@type":"ImageObject","inLanguage":"et","@id":"https:\/\/shopcopy.medicest.eu\/#\/schema\/logo\/image\/","url":"https:\/\/shopcopy.medicest.eu\/wp-content\/uploads\/2021\/12\/medicest-logo-new2021.png","contentUrl":"https:\/\/shopcopy.medicest.eu\/wp-content\/uploads\/2021\/12\/medicest-logo-new2021.png","width":800,"height":211,"caption":"Medic-Esthetic beauty shop"},"image":{"@id":"https:\/\/shopcopy.medicest.eu\/#\/schema\/logo\/image\/"}}]}},"_links":{"self":[{"href":"https:\/\/shopcopy.medicest.eu\/et\/wp-json\/wp\/v2\/pages\/1401","targetHints":{"allow":["GET"]}}],"collection":[{"href":"https:\/\/shopcopy.medicest.eu\/et\/wp-json\/wp\/v2\/pages"}],"about":[{"href":"https:\/\/shopcopy.medicest.eu\/et\/wp-json\/wp\/v2\/types\/page"}],"author":[{"embeddable":true,"href":"https:\/\/shopcopy.medicest.eu\/et\/wp-json\/wp\/v2\/users\/1"}],"replies":[{"embeddable":true,"href":"https:\/\/shopcopy.medicest.eu\/et\/wp-json\/wp\/v2\/comments?post=1401"}],"version-history":[{"count":3,"href":"https:\/\/shopcopy.medicest.eu\/et\/wp-json\/wp\/v2\/pages\/1401\/revisions"}],"predecessor-version":[{"id":2251,"href":"https:\/\/shopcopy.medicest.eu\/et\/wp-json\/wp\/v2\/pages\/1401\/revisions\/2251"}],"wp:attachment":[{"href":"https:\/\/shopcopy.medicest.eu\/et\/wp-json\/wp\/v2\/media?parent=1401"}],"curies":[{"name":"wp","href":"https:\/\/api.w.org\/{rel}","templated":true}]}}