{"id":3286,"date":"2022-04-13T16:57:57","date_gmt":"2022-04-13T13:57:57","guid":{"rendered":"https:\/\/shopcopy.medicest.eu\/jarelmaks\/"},"modified":"2022-04-13T17:02:14","modified_gmt":"2022-04-13T14:02:14","slug":"jarelmaks","status":"publish","type":"page","link":"https:\/\/shopcopy.medicest.eu\/et\/jarelmaks\/","title":{"rendered":"ESTO j\u00e4relmaks"},"content":{"rendered":"<h2><strong>ESTO j\u00e4relmaks \u2013 ei soovi maksta kogu summat korraga? Maksa osamaksete kaupa!<\/strong><\/h2>\n<p>Kasuta ostu eest tasumisel just <strong>ESTO j\u00e4relmaksu<\/strong> \u2013 k\u00f5ige soodsam, mugavam ja kiirem j\u00e4relmaksulink Eestis!<\/p>\n<p>J\u00e4relmaksuga tasumisel palume v\u00f5tta \u00fchendust ESTO v\u00f5i Medic-Esthetic-ga ning teile edastatakse j\u00e4relmaksulink. Maksmisel valige endale sobiv periood, igakuise osamakse suurus ning digiallkirjastage mugavalt <strong>ID-kaardi, Smart-ID v\u00f5i Mobiili-ID abil.<\/strong><\/p>\n<p>ESTO j\u00e4relmaksu puhul on tegemist \u00fclimalt kiire ning mugava makselahendusega, mis aitab koostada sulle sinu poolt valitud perioodi alusel maksegraafiku. Antud makselahendus teeb otsuse reaalajas ning aitab ostu sooritada v\u00e4hem kui 60 sekundiga.<\/p>\n<p><strong>T\u00c4HELEPANU!<\/strong> Iga j\u00e4relmaks on finantskohustus. Enne j\u00e4relmaksulepingu s\u00f5lmimist tutvuge vastava teenuse tingimustega ning vajadusel konsulteerige asjatundjaga.<\/p>\n<p>ESTO j\u00e4relmaksu pakkujaks on <strong>ESTO AS<\/strong> (reg. kood 14180709).<\/p>\n<p>ESTO j\u00e4relmaksu tavatingimused on j\u00e4rgmised:<\/p>\n<ul>\n<li>Fikseeritud intress 11,9%<\/li>\n<li>Lepingutasu 0 eurot<\/li>\n<li>Periood kuni 5 aastat<\/li>\n<\/ul>\n<p>ESTO j\u00e4relmaksu saavad taotleda k\u00f5ik 18-70-aastased Eesti Vabariigi kodanikud<strong>.<\/strong> <strong>ESTO j\u00e4relmaksu on v\u00f5imalik vormistada kiirelt ja mugavalt ka juriidilisele isikule.<\/strong><\/p>\n<p>Iga finantsotsusega kaasnevad riskid ja kohustused, mist\u00f5ttu palume laenutoodete tarbimise vajadus hoolikalt l\u00e4bi m\u00f5elda. N\u00e4iteks 1290-eurose laenusumma puhul 12 kuuks fikseeritud intressiga 11.90% aastas ja lepingutasuga 0 eurot on krediidi kulukuse m\u00e4\u00e4r 23.48%, kuumakse suurus 120.29 eurot ning tarbija poolt tagasimakstav kogusumma 1,443.48 eurot. J\u00e4relmaksu pakub ja haldab <strong>ESTO AS. <\/strong><\/p>\n<p><strong>\u00a0<\/strong><\/p>\n<p><iframe style=\"border: 0;\" src=\"https:\/\/api.esto.ee\/calculator?shop_id=spets24&amp;type=hire&amp;lang=et-ee\" width=\"500\" height=\"400\"><\/iframe><\/p>\n","protected":false},"excerpt":{"rendered":"<p>ESTO j\u00e4relmaks \u2013 ei soovi maksta kogu summat korraga? Maksa osamaksete kaupa! Kasuta ostu eest tasumisel just ESTO j\u00e4relmaksu \u2013 k\u00f5ige soodsam, mugavam ja kiirem j\u00e4relmaksulink Eestis! J\u00e4relmaksuga tasumisel palume v\u00f5tta \u00fchendust ESTO v\u00f5i Medic-Esthetic-ga ning teile edastatakse j\u00e4relmaksulink. Maksmisel valige endale sobiv periood, igakuise osamakse suurus ning digiallkirjastage mugavalt ID-kaardi, Smart-ID v\u00f5i Mobiili-ID abil. [&hellip;]<\/p>\n","protected":false},"author":1,"featured_media":0,"parent":0,"menu_order":0,"comment_status":"closed","ping_status":"closed","template":"","meta":{"ocean_post_layout":"","ocean_both_sidebars_style":"","ocean_both_sidebars_content_width":0,"ocean_both_sidebars_sidebars_width":0,"ocean_sidebar":"0","ocean_second_sidebar":"0","ocean_disable_margins":"enable","ocean_add_body_class":"","ocean_shortcode_before_top_bar":"","ocean_shortcode_after_top_bar":"","ocean_shortcode_before_header":"","ocean_shortcode_after_header":"","ocean_has_shortcode":"","ocean_shortcode_after_title":"","ocean_shortcode_before_footer_widgets":"","ocean_shortcode_after_footer_widgets":"","ocean_shortcode_before_footer_bottom":"","ocean_shortcode_after_footer_bottom":"","ocean_display_top_bar":"default","ocean_display_header":"default","ocean_header_style":"","ocean_center_header_left_menu":"0","ocean_custom_header_template":"0","ocean_custom_logo":0,"ocean_custom_retina_logo":0,"ocean_custom_logo_max_width":0,"ocean_custom_logo_tablet_max_width":0,"ocean_custom_logo_mobile_max_width":0,"ocean_custom_logo_max_height":0,"ocean_custom_logo_tablet_max_height":0,"ocean_custom_logo_mobile_max_height":0,"ocean_header_custom_menu":"0","ocean_menu_typo_font_family":"0","ocean_menu_typo_font_subset":"","ocean_menu_typo_font_size":0,"ocean_menu_typo_font_size_tablet":0,"ocean_menu_typo_font_size_mobile":0,"ocean_menu_typo_font_size_unit":"px","ocean_menu_typo_font_weight":"","ocean_menu_typo_font_weight_tablet":"","ocean_menu_typo_font_weight_mobile":"","ocean_menu_typo_transform":"","ocean_menu_typo_transform_tablet":"","ocean_menu_typo_transform_mobile":"","ocean_menu_typo_line_height":0,"ocean_menu_typo_line_height_tablet":0,"ocean_menu_typo_line_height_mobile":0,"ocean_menu_typo_line_height_unit":"","ocean_menu_typo_spacing":0,"ocean_menu_typo_spacing_tablet":0,"ocean_menu_typo_spacing_mobile":0,"ocean_menu_typo_spacing_unit":"","ocean_menu_link_color":"","ocean_menu_link_color_hover":"","ocean_menu_link_color_active":"","ocean_menu_link_background":"","ocean_menu_link_hover_background":"","ocean_menu_link_active_background":"","ocean_menu_social_links_bg":"","ocean_menu_social_hover_links_bg":"","ocean_menu_social_links_color":"","ocean_menu_social_hover_links_color":"","ocean_disable_title":"default","ocean_disable_heading":"default","ocean_post_title":"","ocean_post_subheading":"","ocean_post_title_style":"","ocean_post_title_background_color":"","ocean_post_title_background":0,"ocean_post_title_bg_image_position":"","ocean_post_title_bg_image_attachment":"","ocean_post_title_bg_image_repeat":"","ocean_post_title_bg_image_size":"","ocean_post_title_height":0,"ocean_post_title_bg_overlay":0.5,"ocean_post_title_bg_overlay_color":"","ocean_disable_breadcrumbs":"default","ocean_breadcrumbs_color":"","ocean_breadcrumbs_separator_color":"","ocean_breadcrumbs_links_color":"","ocean_breadcrumbs_links_hover_color":"","ocean_display_footer_widgets":"default","ocean_display_footer_bottom":"default","ocean_custom_footer_template":"0","footnotes":""},"class_list":["post-3286","page","type-page","status-publish","hentry","entry","owp-thumbs-layout-vertical","owp-btn-normal","owp-tabs-layout-vertical","has-no-thumbnails","has-product-nav","circle-sale"],"yoast_head":"<!-- This site is optimized with the Yoast SEO plugin v23.6 - https:\/\/yoast.com\/wordpress\/plugins\/seo\/ -->\n<title>ESTO j\u00e4relmaks - Medic-Esthetic beauty shop<\/title>\n<meta name=\"robots\" content=\"index, follow, max-snippet:-1, max-image-preview:large, max-video-preview:-1\" \/>\n<link rel=\"canonical\" href=\"https:\/\/shopcopy.medicest.eu\/et\/jarelmaks\/\" \/>\n<meta property=\"og:locale\" content=\"et_EE\" \/>\n<meta property=\"og:type\" content=\"article\" \/>\n<meta property=\"og:title\" content=\"ESTO j\u00e4relmaks - Medic-Esthetic beauty shop\" \/>\n<meta property=\"og:description\" content=\"ESTO j\u00e4relmaks \u2013 ei soovi maksta kogu summat korraga? Maksa osamaksete kaupa! Kasuta ostu eest tasumisel just ESTO j\u00e4relmaksu \u2013 k\u00f5ige soodsam, mugavam ja kiirem j\u00e4relmaksulink Eestis! J\u00e4relmaksuga tasumisel palume v\u00f5tta \u00fchendust ESTO v\u00f5i Medic-Esthetic-ga ning teile edastatakse j\u00e4relmaksulink. Maksmisel valige endale sobiv periood, igakuise osamakse suurus ning digiallkirjastage mugavalt ID-kaardi, Smart-ID v\u00f5i Mobiili-ID abil. [&hellip;]\" \/>\n<meta property=\"og:url\" content=\"https:\/\/shopcopy.medicest.eu\/et\/jarelmaks\/\" \/>\n<meta property=\"og:site_name\" content=\"Medic-Esthetic beauty shop\" \/>\n<meta property=\"article:modified_time\" content=\"2022-04-13T14:02:14+00:00\" \/>\n<meta name=\"twitter:card\" content=\"summary_large_image\" \/>\n<meta name=\"twitter:label1\" content=\"Est. reading time\" \/>\n\t<meta name=\"twitter:data1\" content=\"2 minutit\" \/>\n<script type=\"application\/ld+json\" class=\"yoast-schema-graph\">{\"@context\":\"https:\/\/schema.org\",\"@graph\":[{\"@type\":\"WebPage\",\"@id\":\"https:\/\/shopcopy.medicest.eu\/et\/jarelmaks\/\",\"url\":\"https:\/\/shopcopy.medicest.eu\/et\/jarelmaks\/\",\"name\":\"ESTO j\u00e4relmaks - Medic-Esthetic beauty shop\",\"isPartOf\":{\"@id\":\"https:\/\/shopcopy.medicest.eu\/#website\"},\"datePublished\":\"2022-04-13T13:57:57+00:00\",\"dateModified\":\"2022-04-13T14:02:14+00:00\",\"breadcrumb\":{\"@id\":\"https:\/\/shopcopy.medicest.eu\/et\/jarelmaks\/#breadcrumb\"},\"inLanguage\":\"et\",\"potentialAction\":[{\"@type\":\"ReadAction\",\"target\":[\"https:\/\/shopcopy.medicest.eu\/et\/jarelmaks\/\"]}]},{\"@type\":\"BreadcrumbList\",\"@id\":\"https:\/\/shopcopy.medicest.eu\/et\/jarelmaks\/#breadcrumb\",\"itemListElement\":[{\"@type\":\"ListItem\",\"position\":1,\"name\":\"\",\"item\":\"https:\/\/shopcopy.medicest.eu\/et\/\"},{\"@type\":\"ListItem\",\"position\":2,\"name\":\"ESTO j\u00e4relmaks\"}]},{\"@type\":\"WebSite\",\"@id\":\"https:\/\/shopcopy.medicest.eu\/#website\",\"url\":\"https:\/\/shopcopy.medicest.eu\/\",\"name\":\"Medic-Esthetic beauty shop\",\"description\":\"Beauty shop\",\"publisher\":{\"@id\":\"https:\/\/shopcopy.medicest.eu\/#organization\"},\"potentialAction\":[{\"@type\":\"SearchAction\",\"target\":{\"@type\":\"EntryPoint\",\"urlTemplate\":\"https:\/\/shopcopy.medicest.eu\/?s={search_term_string}\"},\"query-input\":{\"@type\":\"PropertyValueSpecification\",\"valueRequired\":true,\"valueName\":\"search_term_string\"}}],\"inLanguage\":\"et\"},{\"@type\":\"Organization\",\"@id\":\"https:\/\/shopcopy.medicest.eu\/#organization\",\"name\":\"Medic-Esthetic beauty shop\",\"url\":\"https:\/\/shopcopy.medicest.eu\/\",\"logo\":{\"@type\":\"ImageObject\",\"inLanguage\":\"et\",\"@id\":\"https:\/\/shopcopy.medicest.eu\/#\/schema\/logo\/image\/\",\"url\":\"https:\/\/shopcopy.medicest.eu\/wp-content\/uploads\/2021\/12\/medicest-logo-new2021.png\",\"contentUrl\":\"https:\/\/shopcopy.medicest.eu\/wp-content\/uploads\/2021\/12\/medicest-logo-new2021.png\",\"width\":800,\"height\":211,\"caption\":\"Medic-Esthetic beauty shop\"},\"image\":{\"@id\":\"https:\/\/shopcopy.medicest.eu\/#\/schema\/logo\/image\/\"}}]}<\/script>\n<!-- \/ Yoast SEO plugin. -->","yoast_head_json":{"title":"ESTO j\u00e4relmaks - Medic-Esthetic beauty shop","robots":{"index":"index","follow":"follow","max-snippet":"max-snippet:-1","max-image-preview":"max-image-preview:large","max-video-preview":"max-video-preview:-1"},"canonical":"https:\/\/shopcopy.medicest.eu\/et\/jarelmaks\/","og_locale":"et_EE","og_type":"article","og_title":"ESTO j\u00e4relmaks - Medic-Esthetic beauty shop","og_description":"ESTO j\u00e4relmaks \u2013 ei soovi maksta kogu summat korraga? Maksa osamaksete kaupa! Kasuta ostu eest tasumisel just ESTO j\u00e4relmaksu \u2013 k\u00f5ige soodsam, mugavam ja kiirem j\u00e4relmaksulink Eestis! J\u00e4relmaksuga tasumisel palume v\u00f5tta \u00fchendust ESTO v\u00f5i Medic-Esthetic-ga ning teile edastatakse j\u00e4relmaksulink. Maksmisel valige endale sobiv periood, igakuise osamakse suurus ning digiallkirjastage mugavalt ID-kaardi, Smart-ID v\u00f5i Mobiili-ID abil. [&hellip;]","og_url":"https:\/\/shopcopy.medicest.eu\/et\/jarelmaks\/","og_site_name":"Medic-Esthetic beauty shop","article_modified_time":"2022-04-13T14:02:14+00:00","twitter_card":"summary_large_image","twitter_misc":{"Est. reading time":"2 minutit"},"schema":{"@context":"https:\/\/schema.org","@graph":[{"@type":"WebPage","@id":"https:\/\/shopcopy.medicest.eu\/et\/jarelmaks\/","url":"https:\/\/shopcopy.medicest.eu\/et\/jarelmaks\/","name":"ESTO j\u00e4relmaks - Medic-Esthetic beauty shop","isPartOf":{"@id":"https:\/\/shopcopy.medicest.eu\/#website"},"datePublished":"2022-04-13T13:57:57+00:00","dateModified":"2022-04-13T14:02:14+00:00","breadcrumb":{"@id":"https:\/\/shopcopy.medicest.eu\/et\/jarelmaks\/#breadcrumb"},"inLanguage":"et","potentialAction":[{"@type":"ReadAction","target":["https:\/\/shopcopy.medicest.eu\/et\/jarelmaks\/"]}]},{"@type":"BreadcrumbList","@id":"https:\/\/shopcopy.medicest.eu\/et\/jarelmaks\/#breadcrumb","itemListElement":[{"@type":"ListItem","position":1,"name":"","item":"https:\/\/shopcopy.medicest.eu\/et\/"},{"@type":"ListItem","position":2,"name":"ESTO j\u00e4relmaks"}]},{"@type":"WebSite","@id":"https:\/\/shopcopy.medicest.eu\/#website","url":"https:\/\/shopcopy.medicest.eu\/","name":"Medic-Esthetic beauty shop","description":"Beauty shop","publisher":{"@id":"https:\/\/shopcopy.medicest.eu\/#organization"},"potentialAction":[{"@type":"SearchAction","target":{"@type":"EntryPoint","urlTemplate":"https:\/\/shopcopy.medicest.eu\/?s={search_term_string}"},"query-input":{"@type":"PropertyValueSpecification","valueRequired":true,"valueName":"search_term_string"}}],"inLanguage":"et"},{"@type":"Organization","@id":"https:\/\/shopcopy.medicest.eu\/#organization","name":"Medic-Esthetic beauty shop","url":"https:\/\/shopcopy.medicest.eu\/","logo":{"@type":"ImageObject","inLanguage":"et","@id":"https:\/\/shopcopy.medicest.eu\/#\/schema\/logo\/image\/","url":"https:\/\/shopcopy.medicest.eu\/wp-content\/uploads\/2021\/12\/medicest-logo-new2021.png","contentUrl":"https:\/\/shopcopy.medicest.eu\/wp-content\/uploads\/2021\/12\/medicest-logo-new2021.png","width":800,"height":211,"caption":"Medic-Esthetic beauty shop"},"image":{"@id":"https:\/\/shopcopy.medicest.eu\/#\/schema\/logo\/image\/"}}]}},"_links":{"self":[{"href":"https:\/\/shopcopy.medicest.eu\/et\/wp-json\/wp\/v2\/pages\/3286","targetHints":{"allow":["GET"]}}],"collection":[{"href":"https:\/\/shopcopy.medicest.eu\/et\/wp-json\/wp\/v2\/pages"}],"about":[{"href":"https:\/\/shopcopy.medicest.eu\/et\/wp-json\/wp\/v2\/types\/page"}],"author":[{"embeddable":true,"href":"https:\/\/shopcopy.medicest.eu\/et\/wp-json\/wp\/v2\/users\/1"}],"replies":[{"embeddable":true,"href":"https:\/\/shopcopy.medicest.eu\/et\/wp-json\/wp\/v2\/comments?post=3286"}],"version-history":[{"count":1,"href":"https:\/\/shopcopy.medicest.eu\/et\/wp-json\/wp\/v2\/pages\/3286\/revisions"}],"predecessor-version":[{"id":3287,"href":"https:\/\/shopcopy.medicest.eu\/et\/wp-json\/wp\/v2\/pages\/3286\/revisions\/3287"}],"wp:attachment":[{"href":"https:\/\/shopcopy.medicest.eu\/et\/wp-json\/wp\/v2\/media?parent=3286"}],"curies":[{"name":"wp","href":"https:\/\/api.w.org\/{rel}","templated":true}]}}