{"id":1694,"date":"2018-02-13T14:27:22","date_gmt":"2018-02-13T12:27:22","guid":{"rendered":"https:\/\/shopcopy.medicest.eu\/shop\/maaratlemata\/vakuumnyj-gidropiling-hydrafacial\/"},"modified":"2023-07-04T16:22:50","modified_gmt":"2023-07-04T13:22:50","slug":"naohooldus-hydrafacial","status":"publish","type":"product","link":"https:\/\/shopcopy.medicest.eu\/et\/product\/naohooldus-hydrafacial\/","title":{"rendered":"N\u00e4ohooldus HydraFacial"},"content":{"rendered":"<div class=\"vc_col-sm-8 wpb_column vc_column_container\">\n<div class=\"vc_column-inner\">\n<div class=\"wpb_wrapper\">\n<div class=\"wpb_text_column vc_custom_1584001170423\">\n<div class=\"wpb_wrapper\">\n<p><strong>\u041d\u0443draF\u0430cial\u00ae \u2013 <span class=\"VIiyi\" lang=\"et\"><span class=\"JLqJ4b ChMk0b\" data-language-for-alternatives=\"et\" data-language-to-translate-into=\"ru\" data-phrase-index=\"0\">kolmekordne m\u00f5ju nahale!<\/span><\/span><br \/>\n<\/strong><\/p>\n<p>HydraFacial\u00ae on revolutsioon kaasaegses kosmetoloogias! N\u00fc\u00fcd on \u00fche protseduurina saadaval s\u00fcgav naha puhastamine, intensiivne niisutamine, uuendamine ja vananemisvastane hooldus. HydraFacial\u00ae sobib k\u00f5ikidele nahat\u00fc\u00fcpidele, sellel ei ole vanusepiiranguid ja see tagab kohese tulemuse. Proovige j\u00e4rele ja saate m\u00f5ju hinnata juba samal p\u00e4eval!<\/p>\n<div class=\"upb_row_bg vcpb-vz-jquery\" data-upb_br_animation=\"\" data-parallax_sense=\"30\" data-bg-override=\"full\" data-bg-animation=\"left-animation\" data-bg-animation-type=\"h\" data-animation-repeat=\"repeat\">\n<div class=\"upb_bg_overlay_pattern\"><\/div>\n<\/div>\n<div class=\"l-section-h i-cf\">\n<div class=\"g-cols vc_row type_default valign_top\">\n<div class=\"vc_col-sm-6 wpb_column vc_column_container\">\n<div class=\"vc_column-inner\">\n<div class=\"wpb_wrapper\">\n<div class=\"g-cols wpb_row type_default valign_top vc_inner \">\n<div class=\"vc_col-sm-12 vc_hidden-sm vc_hidden-xs wpb_column vc_column_container\">\n<div class=\"vc_column-inner\">\n<div class=\"wpb_wrapper\">\n<div id=\"ultimate-heading-94836135af0e01712\" class=\"uvc-heading ult-adjust-bottom-margin ultimate-heading-94836135af0e01712 uvc-1392 \" data-hspacer=\"line_only\" data-halign=\"left\">\n<div class=\"uvc-main-heading ult-responsive\" data-ultimate-target=\".uvc-heading.ultimate-heading-94836135af0e01712 h1\" data-responsive-json-new=\"{&quot;font-size&quot;:&quot;desktop:23px;&quot;,&quot;line-height&quot;:&quot;&quot;}\">\n<p><strong>Kosmeetiline protseduur HydraFacial\u00ae<\/strong><\/p>\n<\/div>\n<p>See raviprotseduur on esteetilise meditsiini ja kosmeetika uus s\u00f5na. See p\u00f5hineb uuenduslikul Vortex-Fusion\u00ae tehnoloogial, mis \u00fchendab endas mehaanilise koorimise, multifunktsionaalsete seerumite m\u00f5ju ja vaakumstimulatsiooni. T\u00e4nu sellele pakub HydraFacial\u00ae t\u00f5husat nahahooldust. \u00dcks protseduur \u00fchendab SPA puhastamise, keemilise koorimise, mikrodermabrasiooni ja s\u00fcstimata mesoteraapia.<\/p>\n<\/div>\n<\/div>\n<\/div>\n<\/div>\n<\/div>\n<\/div>\n<\/div>\n<\/div>\n<\/div>\n<\/div>\n<\/div>\n<\/div>\n<\/div>\n<\/div>\n<\/div>\n","protected":false},"excerpt":{"rendered":"<p>HydraFacial\u00ae kosmeetikaseadmel pole analooge. \u00dckski teine \u200b\u200btehnoloogia maailmas ei v\u00f5imalda \u00fche seansi jooksul l\u00e4bi viia terve rida protseduure (ravi, noorendamine, t\u00f5stmine, niisutamine, puhastamine).<\/p>\n<p><span style=\"color: #ff0000;\">Valige ripploendist toode:<\/span><\/p>\n","protected":false},"featured_media":1657,"comment_status":"open","ping_status":"closed","template":"","meta":{"ocean_post_layout":"","ocean_both_sidebars_style":"","ocean_both_sidebars_content_width":0,"ocean_both_sidebars_sidebars_width":0,"ocean_sidebar":"0","ocean_second_sidebar":"0","ocean_disable_margins":"enable","ocean_add_body_class":"","ocean_shortcode_before_top_bar":"","ocean_shortcode_after_top_bar":"","ocean_shortcode_before_header":"","ocean_shortcode_after_header":"","ocean_has_shortcode":"","ocean_shortcode_after_title":"","ocean_shortcode_before_footer_widgets":"","ocean_shortcode_after_footer_widgets":"","ocean_shortcode_before_footer_bottom":"","ocean_shortcode_after_footer_bottom":"","ocean_display_top_bar":"default","ocean_display_header":"default","ocean_header_style":"","ocean_center_header_left_menu":"0","ocean_custom_header_template":"0","ocean_custom_logo":0,"ocean_custom_retina_logo":0,"ocean_custom_logo_max_width":0,"ocean_custom_logo_tablet_max_width":0,"ocean_custom_logo_mobile_max_width":0,"ocean_custom_logo_max_height":0,"ocean_custom_logo_tablet_max_height":0,"ocean_custom_logo_mobile_max_height":0,"ocean_header_custom_menu":"0","ocean_menu_typo_font_family":"0","ocean_menu_typo_font_subset":"","ocean_menu_typo_font_size":0,"ocean_menu_typo_font_size_tablet":0,"ocean_menu_typo_font_size_mobile":0,"ocean_menu_typo_font_size_unit":"px","ocean_menu_typo_font_weight":"","ocean_menu_typo_font_weight_tablet":"","ocean_menu_typo_font_weight_mobile":"","ocean_menu_typo_transform":"","ocean_menu_typo_transform_tablet":"","ocean_menu_typo_transform_mobile":"","ocean_menu_typo_line_height":0,"ocean_menu_typo_line_height_tablet":0,"ocean_menu_typo_line_height_mobile":0,"ocean_menu_typo_line_height_unit":"","ocean_menu_typo_spacing":0,"ocean_menu_typo_spacing_tablet":0,"ocean_menu_typo_spacing_mobile":0,"ocean_menu_typo_spacing_unit":"","ocean_menu_link_color":"","ocean_menu_link_color_hover":"","ocean_menu_link_color_active":"","ocean_menu_link_background":"","ocean_menu_link_hover_background":"","ocean_menu_link_active_background":"","ocean_menu_social_links_bg":"","ocean_menu_social_hover_links_bg":"","ocean_menu_social_links_color":"","ocean_menu_social_hover_links_color":"","ocean_disable_title":"default","ocean_disable_heading":"default","ocean_post_title":"","ocean_post_subheading":"","ocean_post_title_style":"","ocean_post_title_background_color":"","ocean_post_title_background":0,"ocean_post_title_bg_image_position":"","ocean_post_title_bg_image_attachment":"","ocean_post_title_bg_image_repeat":"","ocean_post_title_bg_image_size":"","ocean_post_title_height":0,"ocean_post_title_bg_overlay":0.5,"ocean_post_title_bg_overlay_color":"","ocean_disable_breadcrumbs":"default","ocean_breadcrumbs_color":"","ocean_breadcrumbs_separator_color":"","ocean_breadcrumbs_links_color":"","ocean_breadcrumbs_links_hover_color":"","ocean_display_footer_widgets":"default","ocean_display_footer_bottom":"default","ocean_custom_footer_template":"0"},"product_cat":[86],"product_tag":[],"class_list":{"0":"post-1694","1":"product","2":"type-product","3":"status-publish","4":"has-post-thumbnail","6":"product_cat-iluteenused","8":"entry","9":"has-media","11":"first","12":"instock","13":"featured","14":"taxable","15":"shipping-taxable","16":"purchasable","17":"product-type-variable","18":"has-rating","19":"has-product-nav","20":"col","21":"span_1_of_4","22":"owp-content-center","23":"owp-thumbs-layout-vertical","24":"owp-btn-normal","25":"owp-tabs-layout-vertical","26":"has-no-thumbnails","28":"circle-sale"},"yoast_head":"<!-- This site is optimized with the Yoast SEO plugin v23.6 - https:\/\/yoast.com\/wordpress\/plugins\/seo\/ -->\n<title>N\u00e4ohooldus HydraFacial - Medic-Esthetic beauty shop<\/title>\n<meta name=\"description\" content=\"HydraFacial\u00ae kosmeetikaseadmel pole analooge. \u00dckski teine \u200b\u200btehnoloogia maailmas ei v\u00f5imalda \u00fche seansi jooksul l\u00e4bi viia terve rida protseduure (ravi, noorendamine, t\u00f5stmine, niisutamine, puhastamine).\" \/>\n<meta name=\"robots\" content=\"index, follow, max-snippet:-1, max-image-preview:large, max-video-preview:-1\" \/>\n<link rel=\"canonical\" href=\"https:\/\/shopcopy.medicest.eu\/et\/product\/naohooldus-hydrafacial\/\" \/>\n<meta property=\"og:locale\" content=\"et_EE\" \/>\n<meta property=\"og:type\" content=\"article\" \/>\n<meta property=\"og:title\" content=\"N\u00e4ohooldus HydraFacial - Medic-Esthetic beauty shop\" \/>\n<meta property=\"og:description\" content=\"HydraFacial\u00ae kosmeetikaseadmel pole analooge. \u00dckski teine \u200b\u200btehnoloogia maailmas ei v\u00f5imalda \u00fche seansi jooksul l\u00e4bi viia terve rida protseduure (ravi, noorendamine, t\u00f5stmine, niisutamine, puhastamine).\" \/>\n<meta property=\"og:url\" content=\"https:\/\/shopcopy.medicest.eu\/et\/product\/naohooldus-hydrafacial\/\" \/>\n<meta property=\"og:site_name\" content=\"Medic-Esthetic beauty shop\" \/>\n<meta property=\"article:modified_time\" content=\"2023-07-04T13:22:50+00:00\" \/>\n<meta property=\"og:image\" content=\"https:\/\/shopcopy.medicest.eu\/wp-content\/uploads\/2018\/02\/hydrafacial-medicest-1.jpg\" \/>\n\t<meta property=\"og:image:width\" content=\"600\" \/>\n\t<meta property=\"og:image:height\" content=\"600\" \/>\n\t<meta property=\"og:image:type\" content=\"image\/jpeg\" \/>\n<meta name=\"twitter:card\" content=\"summary_large_image\" \/>\n<meta name=\"twitter:label1\" content=\"Est. reading time\" \/>\n\t<meta name=\"twitter:data1\" content=\"1 minut\" \/>\n<script type=\"application\/ld+json\" class=\"yoast-schema-graph\">{\"@context\":\"https:\/\/schema.org\",\"@graph\":[{\"@type\":\"WebPage\",\"@id\":\"https:\/\/shopcopy.medicest.eu\/et\/product\/naohooldus-hydrafacial\/\",\"url\":\"https:\/\/shopcopy.medicest.eu\/et\/product\/naohooldus-hydrafacial\/\",\"name\":\"N\u00e4ohooldus HydraFacial - Medic-Esthetic beauty shop\",\"isPartOf\":{\"@id\":\"https:\/\/shopcopy.medicest.eu\/#website\"},\"primaryImageOfPage\":{\"@id\":\"https:\/\/shopcopy.medicest.eu\/et\/product\/naohooldus-hydrafacial\/#primaryimage\"},\"image\":{\"@id\":\"https:\/\/shopcopy.medicest.eu\/et\/product\/naohooldus-hydrafacial\/#primaryimage\"},\"thumbnailUrl\":\"https:\/\/shopcopy.medicest.eu\/wp-content\/uploads\/2018\/02\/hydrafacial-medicest-1.jpg\",\"datePublished\":\"2018-02-13T12:27:22+00:00\",\"dateModified\":\"2023-07-04T13:22:50+00:00\",\"description\":\"HydraFacial\u00ae kosmeetikaseadmel pole analooge. \u00dckski teine \u200b\u200btehnoloogia maailmas ei v\u00f5imalda \u00fche seansi jooksul l\u00e4bi viia terve rida protseduure (ravi, noorendamine, t\u00f5stmine, niisutamine, puhastamine).\",\"breadcrumb\":{\"@id\":\"https:\/\/shopcopy.medicest.eu\/et\/product\/naohooldus-hydrafacial\/#breadcrumb\"},\"inLanguage\":\"et\",\"potentialAction\":[{\"@type\":\"ReadAction\",\"target\":[\"https:\/\/shopcopy.medicest.eu\/et\/product\/naohooldus-hydrafacial\/\"]}]},{\"@type\":\"ImageObject\",\"inLanguage\":\"et\",\"@id\":\"https:\/\/shopcopy.medicest.eu\/et\/product\/naohooldus-hydrafacial\/#primaryimage\",\"url\":\"https:\/\/shopcopy.medicest.eu\/wp-content\/uploads\/2018\/02\/hydrafacial-medicest-1.jpg\",\"contentUrl\":\"https:\/\/shopcopy.medicest.eu\/wp-content\/uploads\/2018\/02\/hydrafacial-medicest-1.jpg\",\"width\":600,\"height\":600},{\"@type\":\"BreadcrumbList\",\"@id\":\"https:\/\/shopcopy.medicest.eu\/et\/product\/naohooldus-hydrafacial\/#breadcrumb\",\"itemListElement\":[{\"@type\":\"ListItem\",\"position\":1,\"name\":\"\",\"item\":\"https:\/\/shopcopy.medicest.eu\/et\/\"},{\"@type\":\"ListItem\",\"position\":2,\"name\":\"K\u00f5ik protseduurid\",\"item\":\"https:\/\/shopcopy.medicest.eu\/et\/shop\/\"},{\"@type\":\"ListItem\",\"position\":3,\"name\":\"N\u00e4ohooldus HydraFacial\"}]},{\"@type\":\"WebSite\",\"@id\":\"https:\/\/shopcopy.medicest.eu\/#website\",\"url\":\"https:\/\/shopcopy.medicest.eu\/\",\"name\":\"Medic-Esthetic beauty shop\",\"description\":\"Beauty shop\",\"publisher\":{\"@id\":\"https:\/\/shopcopy.medicest.eu\/#organization\"},\"potentialAction\":[{\"@type\":\"SearchAction\",\"target\":{\"@type\":\"EntryPoint\",\"urlTemplate\":\"https:\/\/shopcopy.medicest.eu\/?s={search_term_string}\"},\"query-input\":{\"@type\":\"PropertyValueSpecification\",\"valueRequired\":true,\"valueName\":\"search_term_string\"}}],\"inLanguage\":\"et\"},{\"@type\":\"Organization\",\"@id\":\"https:\/\/shopcopy.medicest.eu\/#organization\",\"name\":\"Medic-Esthetic beauty shop\",\"url\":\"https:\/\/shopcopy.medicest.eu\/\",\"logo\":{\"@type\":\"ImageObject\",\"inLanguage\":\"et\",\"@id\":\"https:\/\/shopcopy.medicest.eu\/#\/schema\/logo\/image\/\",\"url\":\"https:\/\/shopcopy.medicest.eu\/wp-content\/uploads\/2021\/12\/medicest-logo-new2021.png\",\"contentUrl\":\"https:\/\/shopcopy.medicest.eu\/wp-content\/uploads\/2021\/12\/medicest-logo-new2021.png\",\"width\":800,\"height\":211,\"caption\":\"Medic-Esthetic beauty shop\"},\"image\":{\"@id\":\"https:\/\/shopcopy.medicest.eu\/#\/schema\/logo\/image\/\"}}]}<\/script>\n<!-- \/ Yoast SEO plugin. -->","yoast_head_json":{"title":"N\u00e4ohooldus HydraFacial - Medic-Esthetic beauty shop","description":"HydraFacial\u00ae kosmeetikaseadmel pole analooge. \u00dckski teine \u200b\u200btehnoloogia maailmas ei v\u00f5imalda \u00fche seansi jooksul l\u00e4bi viia terve rida protseduure (ravi, noorendamine, t\u00f5stmine, niisutamine, puhastamine).","robots":{"index":"index","follow":"follow","max-snippet":"max-snippet:-1","max-image-preview":"max-image-preview:large","max-video-preview":"max-video-preview:-1"},"canonical":"https:\/\/shopcopy.medicest.eu\/et\/product\/naohooldus-hydrafacial\/","og_locale":"et_EE","og_type":"article","og_title":"N\u00e4ohooldus HydraFacial - Medic-Esthetic beauty shop","og_description":"HydraFacial\u00ae kosmeetikaseadmel pole analooge. \u00dckski teine \u200b\u200btehnoloogia maailmas ei v\u00f5imalda \u00fche seansi jooksul l\u00e4bi viia terve rida protseduure (ravi, noorendamine, t\u00f5stmine, niisutamine, puhastamine).","og_url":"https:\/\/shopcopy.medicest.eu\/et\/product\/naohooldus-hydrafacial\/","og_site_name":"Medic-Esthetic beauty shop","article_modified_time":"2023-07-04T13:22:50+00:00","og_image":[{"width":600,"height":600,"url":"https:\/\/shopcopy.medicest.eu\/wp-content\/uploads\/2018\/02\/hydrafacial-medicest-1.jpg","type":"image\/jpeg"}],"twitter_card":"summary_large_image","twitter_misc":{"Est. reading time":"1 minut"},"schema":{"@context":"https:\/\/schema.org","@graph":[{"@type":"WebPage","@id":"https:\/\/shopcopy.medicest.eu\/et\/product\/naohooldus-hydrafacial\/","url":"https:\/\/shopcopy.medicest.eu\/et\/product\/naohooldus-hydrafacial\/","name":"N\u00e4ohooldus HydraFacial - Medic-Esthetic beauty shop","isPartOf":{"@id":"https:\/\/shopcopy.medicest.eu\/#website"},"primaryImageOfPage":{"@id":"https:\/\/shopcopy.medicest.eu\/et\/product\/naohooldus-hydrafacial\/#primaryimage"},"image":{"@id":"https:\/\/shopcopy.medicest.eu\/et\/product\/naohooldus-hydrafacial\/#primaryimage"},"thumbnailUrl":"https:\/\/shopcopy.medicest.eu\/wp-content\/uploads\/2018\/02\/hydrafacial-medicest-1.jpg","datePublished":"2018-02-13T12:27:22+00:00","dateModified":"2023-07-04T13:22:50+00:00","description":"HydraFacial\u00ae kosmeetikaseadmel pole analooge. \u00dckski teine \u200b\u200btehnoloogia maailmas ei v\u00f5imalda \u00fche seansi jooksul l\u00e4bi viia terve rida protseduure (ravi, noorendamine, t\u00f5stmine, niisutamine, puhastamine).","breadcrumb":{"@id":"https:\/\/shopcopy.medicest.eu\/et\/product\/naohooldus-hydrafacial\/#breadcrumb"},"inLanguage":"et","potentialAction":[{"@type":"ReadAction","target":["https:\/\/shopcopy.medicest.eu\/et\/product\/naohooldus-hydrafacial\/"]}]},{"@type":"ImageObject","inLanguage":"et","@id":"https:\/\/shopcopy.medicest.eu\/et\/product\/naohooldus-hydrafacial\/#primaryimage","url":"https:\/\/shopcopy.medicest.eu\/wp-content\/uploads\/2018\/02\/hydrafacial-medicest-1.jpg","contentUrl":"https:\/\/shopcopy.medicest.eu\/wp-content\/uploads\/2018\/02\/hydrafacial-medicest-1.jpg","width":600,"height":600},{"@type":"BreadcrumbList","@id":"https:\/\/shopcopy.medicest.eu\/et\/product\/naohooldus-hydrafacial\/#breadcrumb","itemListElement":[{"@type":"ListItem","position":1,"name":"","item":"https:\/\/shopcopy.medicest.eu\/et\/"},{"@type":"ListItem","position":2,"name":"K\u00f5ik protseduurid","item":"https:\/\/shopcopy.medicest.eu\/et\/shop\/"},{"@type":"ListItem","position":3,"name":"N\u00e4ohooldus HydraFacial"}]},{"@type":"WebSite","@id":"https:\/\/shopcopy.medicest.eu\/#website","url":"https:\/\/shopcopy.medicest.eu\/","name":"Medic-Esthetic beauty shop","description":"Beauty shop","publisher":{"@id":"https:\/\/shopcopy.medicest.eu\/#organization"},"potentialAction":[{"@type":"SearchAction","target":{"@type":"EntryPoint","urlTemplate":"https:\/\/shopcopy.medicest.eu\/?s={search_term_string}"},"query-input":{"@type":"PropertyValueSpecification","valueRequired":true,"valueName":"search_term_string"}}],"inLanguage":"et"},{"@type":"Organization","@id":"https:\/\/shopcopy.medicest.eu\/#organization","name":"Medic-Esthetic beauty shop","url":"https:\/\/shopcopy.medicest.eu\/","logo":{"@type":"ImageObject","inLanguage":"et","@id":"https:\/\/shopcopy.medicest.eu\/#\/schema\/logo\/image\/","url":"https:\/\/shopcopy.medicest.eu\/wp-content\/uploads\/2021\/12\/medicest-logo-new2021.png","contentUrl":"https:\/\/shopcopy.medicest.eu\/wp-content\/uploads\/2021\/12\/medicest-logo-new2021.png","width":800,"height":211,"caption":"Medic-Esthetic beauty shop"},"image":{"@id":"https:\/\/shopcopy.medicest.eu\/#\/schema\/logo\/image\/"}}]}},"_links":{"self":[{"href":"https:\/\/shopcopy.medicest.eu\/et\/wp-json\/wp\/v2\/product\/1694","targetHints":{"allow":["GET"]}}],"collection":[{"href":"https:\/\/shopcopy.medicest.eu\/et\/wp-json\/wp\/v2\/product"}],"about":[{"href":"https:\/\/shopcopy.medicest.eu\/et\/wp-json\/wp\/v2\/types\/product"}],"replies":[{"embeddable":true,"href":"https:\/\/shopcopy.medicest.eu\/et\/wp-json\/wp\/v2\/comments?post=1694"}],"wp:featuredmedia":[{"embeddable":true,"href":"https:\/\/shopcopy.medicest.eu\/et\/wp-json\/wp\/v2\/media\/1657"}],"wp:attachment":[{"href":"https:\/\/shopcopy.medicest.eu\/et\/wp-json\/wp\/v2\/media?parent=1694"}],"wp:term":[{"taxonomy":"product_cat","embeddable":true,"href":"https:\/\/shopcopy.medicest.eu\/et\/wp-json\/wp\/v2\/product_cat?post=1694"},{"taxonomy":"product_tag","embeddable":true,"href":"https:\/\/shopcopy.medicest.eu\/et\/wp-json\/wp\/v2\/product_tag?post=1694"}],"curies":[{"name":"wp","href":"https:\/\/api.w.org\/{rel}","templated":true}]}}