{"id":1727,"date":"2020-05-06T09:13:31","date_gmt":"2020-05-06T06:13:31","guid":{"rendered":"https:\/\/shopcopy.medicest.eu\/shop\/maaratlemata\/gazozhidkostnyj-piling-jet-peel\/"},"modified":"2024-07-01T00:05:50","modified_gmt":"2024-06-30T21:05:50","slug":"aqua-peeling-jet-peel","status":"publish","type":"product","link":"https:\/\/shopcopy.medicest.eu\/et\/product\/aqua-peeling-jet-peel\/","title":{"rendered":"Aqua-peeling Jet Peel"},"content":{"rendered":"<p><img fetchpriority=\"high\" decoding=\"async\" class=\"alignleft wp-image-1642 size-full\" src=\"https:\/\/shopcopy.medicest.eu\/wp-content\/uploads\/2020\/05\/jet-peel-medicest.jpg\" alt=\"\" width=\"273\" height=\"300\" \/><\/p>\n<p>Protseduur rikastab nahka hapniku ja toitainetega, leevendab turset ja parandab mikrotsirkulatsiooni. Oluline s\u00fcndmus v\u00f5i naha ettevalmistamine \u00fchtlaseks p\u00e4evitamiseks puhkusel &#8211; usaldage Jet Peeli. Seadme k\u00e4ik on ette n\u00e4htud probleemsele v\u00f5i deh\u00fcdreeritud nahale, pakkudes p\u00e4rast 2 protseduuri suurenevat noorendavat toimet. Nahk muutub pinguldatuks ja pehmeks, v\u00e4rv paraneb, peened ja suured kortsud tasandatakse. Teie nahk s\u00e4rab taas tervisest ja v\u00e4rskusest.<\/p>\n<p>Naha v\u00e4rskendamiseks piisab ekspressmeetodina \u00fchest protseduurist, mis valmistab naha valguseks ette. Pikaajalise tulemuse saavutamiseks ja kaugelearenenud probleemide ravis on ette n\u00e4htud keskmiselt Jet Peel koorimise kuur, mis koosneb keskmiselt 10-14 protseduurist (1-2 n\u00e4dalas). Nahaarstid soovitavad korrata kursust 2 korda aastas, et nahk oleks korras ja aitaks kaasa loomulikele uuenemisprotsessidele.<\/p>\n<p><strong>Jet Peel kasutatakse:<\/strong><\/p>\n<ul>\n<li>Nahapinna silumine ja lihvimine<\/li>\n<li>Vananemisn\u00e4htude vastu. Eriti vertikaalsed kortsud suu \u00fcmber, silma\u00fcmbruse kortsud jne.<\/li>\n<li>Lahuste ja muude ravimisegude valutu toimetamine naha sisse<\/li>\n<li>S\u00fcgavpuhastus ja intensiivne niisutus<\/li>\n<li>Armide korrigeerimine koos teiste kosmeetiliste protseduuridega<\/li>\n<li>Akne ja postakne puhul<\/li>\n<li>Pindmine- ja keskmine piiling (valutu, p\u00f5letikku v\u00e4ltiv, naha kestenduse puudumine)<\/li>\n<li>L\u00fcmfodrenaa\u017ei eesm\u00e4rgiga massaa\u0161 ning n\u00e4o- ja kaelanaha lifting<\/li>\n<li>Peanaha t\u00f6\u00f6tlemine<\/li>\n<li>Kiire ja efektiivne naha puhastamine (niisutamine, v\u00e4rskendamine, valgendamine)<\/li>\n<\/ul>\n","protected":false},"excerpt":{"rendered":"<p>Jet Peel s\u00fcsteem on ainulaadne kosmetoloogiline vahend naha noorendamiseks, ning ka paljude muude esteetiliste probleemide lahendamiseks.<\/p>\n<p><span style=\"color: #ff0000;\">Valige ripploendist toode:<\/span><\/p>\n","protected":false},"featured_media":1659,"comment_status":"open","ping_status":"closed","template":"","meta":{"ocean_post_layout":"","ocean_both_sidebars_style":"","ocean_both_sidebars_content_width":0,"ocean_both_sidebars_sidebars_width":0,"ocean_sidebar":"0","ocean_second_sidebar":"0","ocean_disable_margins":"enable","ocean_add_body_class":"","ocean_shortcode_before_top_bar":"","ocean_shortcode_after_top_bar":"","ocean_shortcode_before_header":"","ocean_shortcode_after_header":"","ocean_has_shortcode":"","ocean_shortcode_after_title":"","ocean_shortcode_before_footer_widgets":"","ocean_shortcode_after_footer_widgets":"","ocean_shortcode_before_footer_bottom":"","ocean_shortcode_after_footer_bottom":"","ocean_display_top_bar":"default","ocean_display_header":"default","ocean_header_style":"","ocean_center_header_left_menu":"0","ocean_custom_header_template":"0","ocean_custom_logo":0,"ocean_custom_retina_logo":0,"ocean_custom_logo_max_width":0,"ocean_custom_logo_tablet_max_width":0,"ocean_custom_logo_mobile_max_width":0,"ocean_custom_logo_max_height":0,"ocean_custom_logo_tablet_max_height":0,"ocean_custom_logo_mobile_max_height":0,"ocean_header_custom_menu":"0","ocean_menu_typo_font_family":"0","ocean_menu_typo_font_subset":"","ocean_menu_typo_font_size":0,"ocean_menu_typo_font_size_tablet":0,"ocean_menu_typo_font_size_mobile":0,"ocean_menu_typo_font_size_unit":"px","ocean_menu_typo_font_weight":"","ocean_menu_typo_font_weight_tablet":"","ocean_menu_typo_font_weight_mobile":"","ocean_menu_typo_transform":"","ocean_menu_typo_transform_tablet":"","ocean_menu_typo_transform_mobile":"","ocean_menu_typo_line_height":0,"ocean_menu_typo_line_height_tablet":0,"ocean_menu_typo_line_height_mobile":0,"ocean_menu_typo_line_height_unit":"","ocean_menu_typo_spacing":0,"ocean_menu_typo_spacing_tablet":0,"ocean_menu_typo_spacing_mobile":0,"ocean_menu_typo_spacing_unit":"","ocean_menu_link_color":"","ocean_menu_link_color_hover":"","ocean_menu_link_color_active":"","ocean_menu_link_background":"","ocean_menu_link_hover_background":"","ocean_menu_link_active_background":"","ocean_menu_social_links_bg":"","ocean_menu_social_hover_links_bg":"","ocean_menu_social_links_color":"","ocean_menu_social_hover_links_color":"","ocean_disable_title":"default","ocean_disable_heading":"default","ocean_post_title":"","ocean_post_subheading":"","ocean_post_title_style":"","ocean_post_title_background_color":"","ocean_post_title_background":0,"ocean_post_title_bg_image_position":"","ocean_post_title_bg_image_attachment":"","ocean_post_title_bg_image_repeat":"","ocean_post_title_bg_image_size":"","ocean_post_title_height":0,"ocean_post_title_bg_overlay":0.5,"ocean_post_title_bg_overlay_color":"","ocean_disable_breadcrumbs":"default","ocean_breadcrumbs_color":"","ocean_breadcrumbs_separator_color":"","ocean_breadcrumbs_links_color":"","ocean_breadcrumbs_links_hover_color":"","ocean_display_footer_widgets":"default","ocean_display_footer_bottom":"default","ocean_custom_footer_template":"0"},"product_cat":[86],"product_tag":[],"class_list":{"0":"post-1727","1":"product","2":"type-product","3":"status-publish","4":"has-post-thumbnail","6":"product_cat-iluteenused","8":"entry","9":"has-media","11":"first","12":"instock","13":"featured","14":"taxable","15":"shipping-taxable","16":"purchasable","17":"product-type-variable","18":"has-product-nav","19":"col","20":"span_1_of_4","21":"owp-content-center","22":"owp-thumbs-layout-vertical","23":"owp-btn-normal","24":"owp-tabs-layout-vertical","25":"has-no-thumbnails","27":"circle-sale"},"yoast_head":"<!-- This site is optimized with the Yoast SEO plugin v23.6 - https:\/\/yoast.com\/wordpress\/plugins\/seo\/ -->\n<title>Aqua-peeling Jet Peel - Medic-Esthetic beauty shop<\/title>\n<meta name=\"description\" content=\"Jet Peel s\u00fcsteem on ainulaadne kosmetoloogiline vahend naha noorendamiseks, ning ka paljude muude esteetiliste probleemide lahendamiseks.\" \/>\n<meta name=\"robots\" content=\"index, follow, max-snippet:-1, max-image-preview:large, max-video-preview:-1\" \/>\n<link rel=\"canonical\" href=\"https:\/\/shopcopy.medicest.eu\/et\/product\/aqua-peeling-jet-peel\/\" \/>\n<meta property=\"og:locale\" content=\"et_EE\" \/>\n<meta property=\"og:type\" content=\"article\" \/>\n<meta property=\"og:title\" content=\"Aqua-peeling Jet Peel - Medic-Esthetic beauty shop\" \/>\n<meta property=\"og:description\" content=\"Jet Peel s\u00fcsteem on ainulaadne kosmetoloogiline vahend naha noorendamiseks, ning ka paljude muude esteetiliste probleemide lahendamiseks.\" \/>\n<meta property=\"og:url\" content=\"https:\/\/shopcopy.medicest.eu\/et\/product\/aqua-peeling-jet-peel\/\" \/>\n<meta property=\"og:site_name\" content=\"Medic-Esthetic beauty shop\" \/>\n<meta property=\"article:modified_time\" content=\"2024-06-30T21:05:50+00:00\" \/>\n<meta property=\"og:image\" content=\"https:\/\/shopcopy.medicest.eu\/wp-content\/uploads\/2020\/05\/jetpeel-medicest.jpg\" \/>\n\t<meta property=\"og:image:width\" content=\"600\" \/>\n\t<meta property=\"og:image:height\" content=\"600\" \/>\n\t<meta property=\"og:image:type\" content=\"image\/jpeg\" \/>\n<meta name=\"twitter:card\" content=\"summary_large_image\" \/>\n<meta name=\"twitter:label1\" content=\"Est. reading time\" \/>\n\t<meta name=\"twitter:data1\" content=\"1 minut\" \/>\n<script type=\"application\/ld+json\" class=\"yoast-schema-graph\">{\"@context\":\"https:\/\/schema.org\",\"@graph\":[{\"@type\":\"WebPage\",\"@id\":\"https:\/\/shopcopy.medicest.eu\/et\/product\/aqua-peeling-jet-peel\/\",\"url\":\"https:\/\/shopcopy.medicest.eu\/et\/product\/aqua-peeling-jet-peel\/\",\"name\":\"Aqua-peeling Jet Peel - Medic-Esthetic beauty shop\",\"isPartOf\":{\"@id\":\"https:\/\/shopcopy.medicest.eu\/#website\"},\"primaryImageOfPage\":{\"@id\":\"https:\/\/shopcopy.medicest.eu\/et\/product\/aqua-peeling-jet-peel\/#primaryimage\"},\"image\":{\"@id\":\"https:\/\/shopcopy.medicest.eu\/et\/product\/aqua-peeling-jet-peel\/#primaryimage\"},\"thumbnailUrl\":\"https:\/\/shopcopy.medicest.eu\/wp-content\/uploads\/2020\/05\/jetpeel-medicest.jpg\",\"datePublished\":\"2020-05-06T06:13:31+00:00\",\"dateModified\":\"2024-06-30T21:05:50+00:00\",\"description\":\"Jet Peel s\u00fcsteem on ainulaadne kosmetoloogiline vahend naha noorendamiseks, ning ka paljude muude esteetiliste probleemide lahendamiseks.\",\"breadcrumb\":{\"@id\":\"https:\/\/shopcopy.medicest.eu\/et\/product\/aqua-peeling-jet-peel\/#breadcrumb\"},\"inLanguage\":\"et\",\"potentialAction\":[{\"@type\":\"ReadAction\",\"target\":[\"https:\/\/shopcopy.medicest.eu\/et\/product\/aqua-peeling-jet-peel\/\"]}]},{\"@type\":\"ImageObject\",\"inLanguage\":\"et\",\"@id\":\"https:\/\/shopcopy.medicest.eu\/et\/product\/aqua-peeling-jet-peel\/#primaryimage\",\"url\":\"https:\/\/shopcopy.medicest.eu\/wp-content\/uploads\/2020\/05\/jetpeel-medicest.jpg\",\"contentUrl\":\"https:\/\/shopcopy.medicest.eu\/wp-content\/uploads\/2020\/05\/jetpeel-medicest.jpg\",\"width\":600,\"height\":600},{\"@type\":\"BreadcrumbList\",\"@id\":\"https:\/\/shopcopy.medicest.eu\/et\/product\/aqua-peeling-jet-peel\/#breadcrumb\",\"itemListElement\":[{\"@type\":\"ListItem\",\"position\":1,\"name\":\"\",\"item\":\"https:\/\/shopcopy.medicest.eu\/et\/\"},{\"@type\":\"ListItem\",\"position\":2,\"name\":\"K\u00f5ik protseduurid\",\"item\":\"https:\/\/shopcopy.medicest.eu\/et\/shop\/\"},{\"@type\":\"ListItem\",\"position\":3,\"name\":\"Aqua-peeling Jet Peel\"}]},{\"@type\":\"WebSite\",\"@id\":\"https:\/\/shopcopy.medicest.eu\/#website\",\"url\":\"https:\/\/shopcopy.medicest.eu\/\",\"name\":\"Medic-Esthetic beauty shop\",\"description\":\"Beauty shop\",\"publisher\":{\"@id\":\"https:\/\/shopcopy.medicest.eu\/#organization\"},\"potentialAction\":[{\"@type\":\"SearchAction\",\"target\":{\"@type\":\"EntryPoint\",\"urlTemplate\":\"https:\/\/shopcopy.medicest.eu\/?s={search_term_string}\"},\"query-input\":{\"@type\":\"PropertyValueSpecification\",\"valueRequired\":true,\"valueName\":\"search_term_string\"}}],\"inLanguage\":\"et\"},{\"@type\":\"Organization\",\"@id\":\"https:\/\/shopcopy.medicest.eu\/#organization\",\"name\":\"Medic-Esthetic beauty shop\",\"url\":\"https:\/\/shopcopy.medicest.eu\/\",\"logo\":{\"@type\":\"ImageObject\",\"inLanguage\":\"et\",\"@id\":\"https:\/\/shopcopy.medicest.eu\/#\/schema\/logo\/image\/\",\"url\":\"https:\/\/shopcopy.medicest.eu\/wp-content\/uploads\/2021\/12\/medicest-logo-new2021.png\",\"contentUrl\":\"https:\/\/shopcopy.medicest.eu\/wp-content\/uploads\/2021\/12\/medicest-logo-new2021.png\",\"width\":800,\"height\":211,\"caption\":\"Medic-Esthetic beauty shop\"},\"image\":{\"@id\":\"https:\/\/shopcopy.medicest.eu\/#\/schema\/logo\/image\/\"}}]}<\/script>\n<!-- \/ Yoast SEO plugin. -->","yoast_head_json":{"title":"Aqua-peeling Jet Peel - Medic-Esthetic beauty shop","description":"Jet Peel s\u00fcsteem on ainulaadne kosmetoloogiline vahend naha noorendamiseks, ning ka paljude muude esteetiliste probleemide lahendamiseks.","robots":{"index":"index","follow":"follow","max-snippet":"max-snippet:-1","max-image-preview":"max-image-preview:large","max-video-preview":"max-video-preview:-1"},"canonical":"https:\/\/shopcopy.medicest.eu\/et\/product\/aqua-peeling-jet-peel\/","og_locale":"et_EE","og_type":"article","og_title":"Aqua-peeling Jet Peel - Medic-Esthetic beauty shop","og_description":"Jet Peel s\u00fcsteem on ainulaadne kosmetoloogiline vahend naha noorendamiseks, ning ka paljude muude esteetiliste probleemide lahendamiseks.","og_url":"https:\/\/shopcopy.medicest.eu\/et\/product\/aqua-peeling-jet-peel\/","og_site_name":"Medic-Esthetic beauty shop","article_modified_time":"2024-06-30T21:05:50+00:00","og_image":[{"width":600,"height":600,"url":"https:\/\/shopcopy.medicest.eu\/wp-content\/uploads\/2020\/05\/jetpeel-medicest.jpg","type":"image\/jpeg"}],"twitter_card":"summary_large_image","twitter_misc":{"Est. reading time":"1 minut"},"schema":{"@context":"https:\/\/schema.org","@graph":[{"@type":"WebPage","@id":"https:\/\/shopcopy.medicest.eu\/et\/product\/aqua-peeling-jet-peel\/","url":"https:\/\/shopcopy.medicest.eu\/et\/product\/aqua-peeling-jet-peel\/","name":"Aqua-peeling Jet Peel - Medic-Esthetic beauty shop","isPartOf":{"@id":"https:\/\/shopcopy.medicest.eu\/#website"},"primaryImageOfPage":{"@id":"https:\/\/shopcopy.medicest.eu\/et\/product\/aqua-peeling-jet-peel\/#primaryimage"},"image":{"@id":"https:\/\/shopcopy.medicest.eu\/et\/product\/aqua-peeling-jet-peel\/#primaryimage"},"thumbnailUrl":"https:\/\/shopcopy.medicest.eu\/wp-content\/uploads\/2020\/05\/jetpeel-medicest.jpg","datePublished":"2020-05-06T06:13:31+00:00","dateModified":"2024-06-30T21:05:50+00:00","description":"Jet Peel s\u00fcsteem on ainulaadne kosmetoloogiline vahend naha noorendamiseks, ning ka paljude muude esteetiliste probleemide lahendamiseks.","breadcrumb":{"@id":"https:\/\/shopcopy.medicest.eu\/et\/product\/aqua-peeling-jet-peel\/#breadcrumb"},"inLanguage":"et","potentialAction":[{"@type":"ReadAction","target":["https:\/\/shopcopy.medicest.eu\/et\/product\/aqua-peeling-jet-peel\/"]}]},{"@type":"ImageObject","inLanguage":"et","@id":"https:\/\/shopcopy.medicest.eu\/et\/product\/aqua-peeling-jet-peel\/#primaryimage","url":"https:\/\/shopcopy.medicest.eu\/wp-content\/uploads\/2020\/05\/jetpeel-medicest.jpg","contentUrl":"https:\/\/shopcopy.medicest.eu\/wp-content\/uploads\/2020\/05\/jetpeel-medicest.jpg","width":600,"height":600},{"@type":"BreadcrumbList","@id":"https:\/\/shopcopy.medicest.eu\/et\/product\/aqua-peeling-jet-peel\/#breadcrumb","itemListElement":[{"@type":"ListItem","position":1,"name":"","item":"https:\/\/shopcopy.medicest.eu\/et\/"},{"@type":"ListItem","position":2,"name":"K\u00f5ik protseduurid","item":"https:\/\/shopcopy.medicest.eu\/et\/shop\/"},{"@type":"ListItem","position":3,"name":"Aqua-peeling Jet Peel"}]},{"@type":"WebSite","@id":"https:\/\/shopcopy.medicest.eu\/#website","url":"https:\/\/shopcopy.medicest.eu\/","name":"Medic-Esthetic beauty shop","description":"Beauty shop","publisher":{"@id":"https:\/\/shopcopy.medicest.eu\/#organization"},"potentialAction":[{"@type":"SearchAction","target":{"@type":"EntryPoint","urlTemplate":"https:\/\/shopcopy.medicest.eu\/?s={search_term_string}"},"query-input":{"@type":"PropertyValueSpecification","valueRequired":true,"valueName":"search_term_string"}}],"inLanguage":"et"},{"@type":"Organization","@id":"https:\/\/shopcopy.medicest.eu\/#organization","name":"Medic-Esthetic beauty shop","url":"https:\/\/shopcopy.medicest.eu\/","logo":{"@type":"ImageObject","inLanguage":"et","@id":"https:\/\/shopcopy.medicest.eu\/#\/schema\/logo\/image\/","url":"https:\/\/shopcopy.medicest.eu\/wp-content\/uploads\/2021\/12\/medicest-logo-new2021.png","contentUrl":"https:\/\/shopcopy.medicest.eu\/wp-content\/uploads\/2021\/12\/medicest-logo-new2021.png","width":800,"height":211,"caption":"Medic-Esthetic beauty shop"},"image":{"@id":"https:\/\/shopcopy.medicest.eu\/#\/schema\/logo\/image\/"}}]}},"_links":{"self":[{"href":"https:\/\/shopcopy.medicest.eu\/et\/wp-json\/wp\/v2\/product\/1727","targetHints":{"allow":["GET"]}}],"collection":[{"href":"https:\/\/shopcopy.medicest.eu\/et\/wp-json\/wp\/v2\/product"}],"about":[{"href":"https:\/\/shopcopy.medicest.eu\/et\/wp-json\/wp\/v2\/types\/product"}],"replies":[{"embeddable":true,"href":"https:\/\/shopcopy.medicest.eu\/et\/wp-json\/wp\/v2\/comments?post=1727"}],"wp:featuredmedia":[{"embeddable":true,"href":"https:\/\/shopcopy.medicest.eu\/et\/wp-json\/wp\/v2\/media\/1659"}],"wp:attachment":[{"href":"https:\/\/shopcopy.medicest.eu\/et\/wp-json\/wp\/v2\/media?parent=1727"}],"wp:term":[{"taxonomy":"product_cat","embeddable":true,"href":"https:\/\/shopcopy.medicest.eu\/et\/wp-json\/wp\/v2\/product_cat?post=1727"},{"taxonomy":"product_tag","embeddable":true,"href":"https:\/\/shopcopy.medicest.eu\/et\/wp-json\/wp\/v2\/product_tag?post=1727"}],"curies":[{"name":"wp","href":"https:\/\/api.w.org\/{rel}","templated":true}]}}