{"id":2212,"date":"2021-09-22T13:31:53","date_gmt":"2021-09-22T10:31:53","guid":{"rendered":"https:\/\/shopcopy.medicest.eu\/product\/ultrazvukovoj-hifu-smas-lifting\/"},"modified":"2023-11-13T00:00:55","modified_gmt":"2023-11-12T22:00:55","slug":"ultraheli-hifu-smas-lifting","status":"publish","type":"product","link":"https:\/\/shopcopy.medicest.eu\/et\/product\/ultraheli-hifu-smas-lifting\/","title":{"rendered":"Ultraheli HIFU SMAS-lifting"},"content":{"rendered":"<p><img fetchpriority=\"high\" decoding=\"async\" class=\"alignnone wp-image-2211 size-full\" src=\"https:\/\/shopcopy.medicest.eu\/wp-content\/uploads\/2021\/09\/hifu-smas-1.jpg\" alt=\"\" width=\"620\" height=\"239\" srcset=\"https:\/\/shopcopy.medicest.eu\/wp-content\/uploads\/2021\/09\/hifu-smas-1.jpg 620w, https:\/\/shopcopy.medicest.eu\/wp-content\/uploads\/2021\/09\/hifu-smas-1-300x116.jpg 300w\" sizes=\"(max-width: 620px) 100vw, 620px\" \/><\/p>\n<p>&nbsp;<\/p>\n<p>\u00dcks n\u00f5utumaid ja populaarsemaid protseduure kosmetoloogias on n\u00e4o t\u00f5stmine, mille abil saate mitte ainult k\u00f5rvaldada kortsud ja s\u00fcgavad voldid, vaid ka taastada nooruslik nooruslik v\u00e4limus. N\u00e4gu on iga inimese omamoodi visiitkaart ja seet\u00f5ttu on tema eest hoolitsemine kiireloomuline probleem. Pingutamiseks kasutatakse erinevaid tehnikaid, kuid kaasaegsem neist on smas-lifting.<\/p>\n<p><strong>Protseduuri eelised<\/strong><\/p>\n<ul>\n<li><i class=\"fa pink fa-leaf\"><\/i> Ultrahelienergia on patsiendile ohutu.<\/li>\n<li><i class=\"fa pink fa-leaf\"><\/i> Taastusperiood praktiliselt puudub.<\/li>\n<li><i class=\"fa pink fa-leaf\"><\/i> Protseduur on \u00fchekordne.<\/li>\n<li><i class=\"fa pink fa-leaf\"><\/i> V\u00f5ib kasutada iga fotot\u00fc\u00fcbiga naha puhul ja mistahes aastaajal.<\/li>\n<\/ul>\n<p>&nbsp;<\/p>\n<div class=\"t-col t-col_12 \">\n<div class=\"t-text t-text_md \">M\u00f5ju on osaliselt m\u00e4rgatav kohe p\u00e4rast protseduuri; tulemust saab t\u00e4ielikult hinnata 2-4 kuu p\u00e4rast. Nahk taastab pingutuse, sileduse ja v\u00e4rskuse, peened miimilised kortsud kaovad, s\u00fcgavad aga v\u00e4henevad. Kulmude kohal ja p\u00f5sesarnadel olevad lihased pingutatakse, n\u00e4o ovaal muutub teravamaks.Tulemus p\u00e4rast protseduuri kestab poolteist kuni kolm aastat.<\/div>\n<\/div>\n","protected":false},"excerpt":{"rendered":"<p>HIFU (High Intensity Focused Ultrasound) t\u00e4hendab t\u00f5lkes k\u00f5rgintensiivset fookustatud ultraheli. Doublo seade genereerib ultraheliimpulsse, mis tekitavad naha punktsoojendamise kaudu rangelt kindlaksm\u00e4\u00e4ratud s\u00fcgavusel ja toimepiirkonnas termokoagulatsioonipunkte. Selle tulemusena t\u00f5mbuvad kollageenikiud naha erinevates osades (marrasknahas, p\u00e4risnahas, nahaalustes kudedes) silmapilkselt kokku, millele j\u00e4rgneb uue kollageeni s\u00fcntees.<\/p>\n<p><span style=\"color: #ff0000;\">Valige ripploendist toode:<\/span><\/p>\n","protected":false},"featured_media":2191,"comment_status":"open","ping_status":"closed","template":"","meta":{"ocean_post_layout":"","ocean_both_sidebars_style":"","ocean_both_sidebars_content_width":0,"ocean_both_sidebars_sidebars_width":0,"ocean_sidebar":"0","ocean_second_sidebar":"0","ocean_disable_margins":"enable","ocean_add_body_class":"","ocean_shortcode_before_top_bar":"","ocean_shortcode_after_top_bar":"","ocean_shortcode_before_header":"","ocean_shortcode_after_header":"","ocean_has_shortcode":"","ocean_shortcode_after_title":"","ocean_shortcode_before_footer_widgets":"","ocean_shortcode_after_footer_widgets":"","ocean_shortcode_before_footer_bottom":"","ocean_shortcode_after_footer_bottom":"","ocean_display_top_bar":"default","ocean_display_header":"default","ocean_header_style":"","ocean_center_header_left_menu":"0","ocean_custom_header_template":"0","ocean_custom_logo":0,"ocean_custom_retina_logo":0,"ocean_custom_logo_max_width":0,"ocean_custom_logo_tablet_max_width":0,"ocean_custom_logo_mobile_max_width":0,"ocean_custom_logo_max_height":0,"ocean_custom_logo_tablet_max_height":0,"ocean_custom_logo_mobile_max_height":0,"ocean_header_custom_menu":"0","ocean_menu_typo_font_family":"0","ocean_menu_typo_font_subset":"","ocean_menu_typo_font_size":0,"ocean_menu_typo_font_size_tablet":0,"ocean_menu_typo_font_size_mobile":0,"ocean_menu_typo_font_size_unit":"px","ocean_menu_typo_font_weight":"","ocean_menu_typo_font_weight_tablet":"","ocean_menu_typo_font_weight_mobile":"","ocean_menu_typo_transform":"","ocean_menu_typo_transform_tablet":"","ocean_menu_typo_transform_mobile":"","ocean_menu_typo_line_height":0,"ocean_menu_typo_line_height_tablet":0,"ocean_menu_typo_line_height_mobile":0,"ocean_menu_typo_line_height_unit":"","ocean_menu_typo_spacing":0,"ocean_menu_typo_spacing_tablet":0,"ocean_menu_typo_spacing_mobile":0,"ocean_menu_typo_spacing_unit":"","ocean_menu_link_color":"","ocean_menu_link_color_hover":"","ocean_menu_link_color_active":"","ocean_menu_link_background":"","ocean_menu_link_hover_background":"","ocean_menu_link_active_background":"","ocean_menu_social_links_bg":"","ocean_menu_social_hover_links_bg":"","ocean_menu_social_links_color":"","ocean_menu_social_hover_links_color":"","ocean_disable_title":"default","ocean_disable_heading":"default","ocean_post_title":"","ocean_post_subheading":"","ocean_post_title_style":"","ocean_post_title_background_color":"","ocean_post_title_background":0,"ocean_post_title_bg_image_position":"","ocean_post_title_bg_image_attachment":"","ocean_post_title_bg_image_repeat":"","ocean_post_title_bg_image_size":"","ocean_post_title_height":0,"ocean_post_title_bg_overlay":0.5,"ocean_post_title_bg_overlay_color":"","ocean_disable_breadcrumbs":"default","ocean_breadcrumbs_color":"","ocean_breadcrumbs_separator_color":"","ocean_breadcrumbs_links_color":"","ocean_breadcrumbs_links_hover_color":"","ocean_display_footer_widgets":"default","ocean_display_footer_bottom":"default","ocean_custom_footer_template":"0"},"product_cat":[86],"product_tag":[],"class_list":{"0":"post-2212","1":"product","2":"type-product","3":"status-publish","4":"has-post-thumbnail","6":"product_cat-iluteenused","8":"entry","9":"has-media","11":"first","12":"instock","13":"featured","14":"taxable","15":"shipping-taxable","16":"purchasable","17":"product-type-variable","18":"has-product-nav","19":"col","20":"span_1_of_4","21":"owp-content-center","22":"owp-thumbs-layout-vertical","23":"owp-btn-normal","24":"owp-tabs-layout-vertical","25":"has-no-thumbnails","27":"circle-sale"},"yoast_head":"<!-- This site is optimized with the Yoast SEO plugin v23.6 - https:\/\/yoast.com\/wordpress\/plugins\/seo\/ -->\n<title>Ultraheli HIFU SMAS-lifting - Medic-Esthetic beauty shop<\/title>\n<meta name=\"description\" content=\"HIFU (High Intensity Focused Ultrasound) t\u00e4hendab t\u00f5lkes k\u00f5rgintensiivset fookustatud ultraheli. Doublo seade genereerib ultraheliimpulsse, mis tekitavad naha punktsoojendamise kaudu rangelt kindlaksm\u00e4\u00e4ratud s\u00fcgavusel ja toimepiirkonnas termokoagulatsioonipunkte. Selle tulemusena t\u00f5mbuvad kollageenikiud naha erinevates osades (marrasknahas, p\u00e4risnahas, nahaalustes kudedes) silmapilkselt kokku, millele j\u00e4rgneb uue kollageeni s\u00fcntees.\" \/>\n<meta name=\"robots\" content=\"index, follow, max-snippet:-1, max-image-preview:large, max-video-preview:-1\" \/>\n<link rel=\"canonical\" href=\"https:\/\/shopcopy.medicest.eu\/et\/product\/ultraheli-hifu-smas-lifting\/\" \/>\n<meta property=\"og:locale\" content=\"et_EE\" \/>\n<meta property=\"og:type\" content=\"article\" \/>\n<meta property=\"og:title\" content=\"Ultraheli HIFU SMAS-lifting - Medic-Esthetic beauty shop\" \/>\n<meta property=\"og:description\" content=\"HIFU (High Intensity Focused Ultrasound) t\u00e4hendab t\u00f5lkes k\u00f5rgintensiivset fookustatud ultraheli. Doublo seade genereerib ultraheliimpulsse, mis tekitavad naha punktsoojendamise kaudu rangelt kindlaksm\u00e4\u00e4ratud s\u00fcgavusel ja toimepiirkonnas termokoagulatsioonipunkte. Selle tulemusena t\u00f5mbuvad kollageenikiud naha erinevates osades (marrasknahas, p\u00e4risnahas, nahaalustes kudedes) silmapilkselt kokku, millele j\u00e4rgneb uue kollageeni s\u00fcntees.\" \/>\n<meta property=\"og:url\" content=\"https:\/\/shopcopy.medicest.eu\/et\/product\/ultraheli-hifu-smas-lifting\/\" \/>\n<meta property=\"og:site_name\" content=\"Medic-Esthetic beauty shop\" \/>\n<meta property=\"article:modified_time\" content=\"2023-11-12T22:00:55+00:00\" \/>\n<meta property=\"og:image\" content=\"https:\/\/shopcopy.medicest.eu\/wp-content\/uploads\/2021\/09\/smashifu-1.jpg\" \/>\n\t<meta property=\"og:image:width\" content=\"600\" \/>\n\t<meta property=\"og:image:height\" content=\"600\" \/>\n\t<meta property=\"og:image:type\" content=\"image\/jpeg\" \/>\n<meta name=\"twitter:card\" content=\"summary_large_image\" \/>\n<meta name=\"twitter:label1\" content=\"Est. reading time\" \/>\n\t<meta name=\"twitter:data1\" content=\"1 minut\" \/>\n<script type=\"application\/ld+json\" class=\"yoast-schema-graph\">{\"@context\":\"https:\/\/schema.org\",\"@graph\":[{\"@type\":\"WebPage\",\"@id\":\"https:\/\/shopcopy.medicest.eu\/et\/product\/ultraheli-hifu-smas-lifting\/\",\"url\":\"https:\/\/shopcopy.medicest.eu\/et\/product\/ultraheli-hifu-smas-lifting\/\",\"name\":\"Ultraheli HIFU SMAS-lifting - Medic-Esthetic beauty shop\",\"isPartOf\":{\"@id\":\"https:\/\/shopcopy.medicest.eu\/#website\"},\"primaryImageOfPage\":{\"@id\":\"https:\/\/shopcopy.medicest.eu\/et\/product\/ultraheli-hifu-smas-lifting\/#primaryimage\"},\"image\":{\"@id\":\"https:\/\/shopcopy.medicest.eu\/et\/product\/ultraheli-hifu-smas-lifting\/#primaryimage\"},\"thumbnailUrl\":\"https:\/\/shopcopy.medicest.eu\/wp-content\/uploads\/2021\/09\/smashifu-1.jpg\",\"datePublished\":\"2021-09-22T10:31:53+00:00\",\"dateModified\":\"2023-11-12T22:00:55+00:00\",\"description\":\"HIFU (High Intensity Focused Ultrasound) t\u00e4hendab t\u00f5lkes k\u00f5rgintensiivset fookustatud ultraheli. Doublo seade genereerib ultraheliimpulsse, mis tekitavad naha punktsoojendamise kaudu rangelt kindlaksm\u00e4\u00e4ratud s\u00fcgavusel ja toimepiirkonnas termokoagulatsioonipunkte. Selle tulemusena t\u00f5mbuvad kollageenikiud naha erinevates osades (marrasknahas, p\u00e4risnahas, nahaalustes kudedes) silmapilkselt kokku, millele j\u00e4rgneb uue kollageeni s\u00fcntees.\",\"breadcrumb\":{\"@id\":\"https:\/\/shopcopy.medicest.eu\/et\/product\/ultraheli-hifu-smas-lifting\/#breadcrumb\"},\"inLanguage\":\"et\",\"potentialAction\":[{\"@type\":\"ReadAction\",\"target\":[\"https:\/\/shopcopy.medicest.eu\/et\/product\/ultraheli-hifu-smas-lifting\/\"]}]},{\"@type\":\"ImageObject\",\"inLanguage\":\"et\",\"@id\":\"https:\/\/shopcopy.medicest.eu\/et\/product\/ultraheli-hifu-smas-lifting\/#primaryimage\",\"url\":\"https:\/\/shopcopy.medicest.eu\/wp-content\/uploads\/2021\/09\/smashifu-1.jpg\",\"contentUrl\":\"https:\/\/shopcopy.medicest.eu\/wp-content\/uploads\/2021\/09\/smashifu-1.jpg\",\"width\":600,\"height\":600},{\"@type\":\"BreadcrumbList\",\"@id\":\"https:\/\/shopcopy.medicest.eu\/et\/product\/ultraheli-hifu-smas-lifting\/#breadcrumb\",\"itemListElement\":[{\"@type\":\"ListItem\",\"position\":1,\"name\":\"\",\"item\":\"https:\/\/shopcopy.medicest.eu\/et\/\"},{\"@type\":\"ListItem\",\"position\":2,\"name\":\"K\u00f5ik protseduurid\",\"item\":\"https:\/\/shopcopy.medicest.eu\/et\/shop\/\"},{\"@type\":\"ListItem\",\"position\":3,\"name\":\"Ultraheli HIFU SMAS-lifting\"}]},{\"@type\":\"WebSite\",\"@id\":\"https:\/\/shopcopy.medicest.eu\/#website\",\"url\":\"https:\/\/shopcopy.medicest.eu\/\",\"name\":\"Medic-Esthetic beauty shop\",\"description\":\"Beauty shop\",\"publisher\":{\"@id\":\"https:\/\/shopcopy.medicest.eu\/#organization\"},\"potentialAction\":[{\"@type\":\"SearchAction\",\"target\":{\"@type\":\"EntryPoint\",\"urlTemplate\":\"https:\/\/shopcopy.medicest.eu\/?s={search_term_string}\"},\"query-input\":{\"@type\":\"PropertyValueSpecification\",\"valueRequired\":true,\"valueName\":\"search_term_string\"}}],\"inLanguage\":\"et\"},{\"@type\":\"Organization\",\"@id\":\"https:\/\/shopcopy.medicest.eu\/#organization\",\"name\":\"Medic-Esthetic beauty shop\",\"url\":\"https:\/\/shopcopy.medicest.eu\/\",\"logo\":{\"@type\":\"ImageObject\",\"inLanguage\":\"et\",\"@id\":\"https:\/\/shopcopy.medicest.eu\/#\/schema\/logo\/image\/\",\"url\":\"https:\/\/shopcopy.medicest.eu\/wp-content\/uploads\/2021\/12\/medicest-logo-new2021.png\",\"contentUrl\":\"https:\/\/shopcopy.medicest.eu\/wp-content\/uploads\/2021\/12\/medicest-logo-new2021.png\",\"width\":800,\"height\":211,\"caption\":\"Medic-Esthetic beauty shop\"},\"image\":{\"@id\":\"https:\/\/shopcopy.medicest.eu\/#\/schema\/logo\/image\/\"}}]}<\/script>\n<!-- \/ Yoast SEO plugin. -->","yoast_head_json":{"title":"Ultraheli HIFU SMAS-lifting - Medic-Esthetic beauty shop","description":"HIFU (High Intensity Focused Ultrasound) t\u00e4hendab t\u00f5lkes k\u00f5rgintensiivset fookustatud ultraheli. Doublo seade genereerib ultraheliimpulsse, mis tekitavad naha punktsoojendamise kaudu rangelt kindlaksm\u00e4\u00e4ratud s\u00fcgavusel ja toimepiirkonnas termokoagulatsioonipunkte. Selle tulemusena t\u00f5mbuvad kollageenikiud naha erinevates osades (marrasknahas, p\u00e4risnahas, nahaalustes kudedes) silmapilkselt kokku, millele j\u00e4rgneb uue kollageeni s\u00fcntees.","robots":{"index":"index","follow":"follow","max-snippet":"max-snippet:-1","max-image-preview":"max-image-preview:large","max-video-preview":"max-video-preview:-1"},"canonical":"https:\/\/shopcopy.medicest.eu\/et\/product\/ultraheli-hifu-smas-lifting\/","og_locale":"et_EE","og_type":"article","og_title":"Ultraheli HIFU SMAS-lifting - Medic-Esthetic beauty shop","og_description":"HIFU (High Intensity Focused Ultrasound) t\u00e4hendab t\u00f5lkes k\u00f5rgintensiivset fookustatud ultraheli. Doublo seade genereerib ultraheliimpulsse, mis tekitavad naha punktsoojendamise kaudu rangelt kindlaksm\u00e4\u00e4ratud s\u00fcgavusel ja toimepiirkonnas termokoagulatsioonipunkte. Selle tulemusena t\u00f5mbuvad kollageenikiud naha erinevates osades (marrasknahas, p\u00e4risnahas, nahaalustes kudedes) silmapilkselt kokku, millele j\u00e4rgneb uue kollageeni s\u00fcntees.","og_url":"https:\/\/shopcopy.medicest.eu\/et\/product\/ultraheli-hifu-smas-lifting\/","og_site_name":"Medic-Esthetic beauty shop","article_modified_time":"2023-11-12T22:00:55+00:00","og_image":[{"width":600,"height":600,"url":"https:\/\/shopcopy.medicest.eu\/wp-content\/uploads\/2021\/09\/smashifu-1.jpg","type":"image\/jpeg"}],"twitter_card":"summary_large_image","twitter_misc":{"Est. reading time":"1 minut"},"schema":{"@context":"https:\/\/schema.org","@graph":[{"@type":"WebPage","@id":"https:\/\/shopcopy.medicest.eu\/et\/product\/ultraheli-hifu-smas-lifting\/","url":"https:\/\/shopcopy.medicest.eu\/et\/product\/ultraheli-hifu-smas-lifting\/","name":"Ultraheli HIFU SMAS-lifting - Medic-Esthetic beauty shop","isPartOf":{"@id":"https:\/\/shopcopy.medicest.eu\/#website"},"primaryImageOfPage":{"@id":"https:\/\/shopcopy.medicest.eu\/et\/product\/ultraheli-hifu-smas-lifting\/#primaryimage"},"image":{"@id":"https:\/\/shopcopy.medicest.eu\/et\/product\/ultraheli-hifu-smas-lifting\/#primaryimage"},"thumbnailUrl":"https:\/\/shopcopy.medicest.eu\/wp-content\/uploads\/2021\/09\/smashifu-1.jpg","datePublished":"2021-09-22T10:31:53+00:00","dateModified":"2023-11-12T22:00:55+00:00","description":"HIFU (High Intensity Focused Ultrasound) t\u00e4hendab t\u00f5lkes k\u00f5rgintensiivset fookustatud ultraheli. Doublo seade genereerib ultraheliimpulsse, mis tekitavad naha punktsoojendamise kaudu rangelt kindlaksm\u00e4\u00e4ratud s\u00fcgavusel ja toimepiirkonnas termokoagulatsioonipunkte. Selle tulemusena t\u00f5mbuvad kollageenikiud naha erinevates osades (marrasknahas, p\u00e4risnahas, nahaalustes kudedes) silmapilkselt kokku, millele j\u00e4rgneb uue kollageeni s\u00fcntees.","breadcrumb":{"@id":"https:\/\/shopcopy.medicest.eu\/et\/product\/ultraheli-hifu-smas-lifting\/#breadcrumb"},"inLanguage":"et","potentialAction":[{"@type":"ReadAction","target":["https:\/\/shopcopy.medicest.eu\/et\/product\/ultraheli-hifu-smas-lifting\/"]}]},{"@type":"ImageObject","inLanguage":"et","@id":"https:\/\/shopcopy.medicest.eu\/et\/product\/ultraheli-hifu-smas-lifting\/#primaryimage","url":"https:\/\/shopcopy.medicest.eu\/wp-content\/uploads\/2021\/09\/smashifu-1.jpg","contentUrl":"https:\/\/shopcopy.medicest.eu\/wp-content\/uploads\/2021\/09\/smashifu-1.jpg","width":600,"height":600},{"@type":"BreadcrumbList","@id":"https:\/\/shopcopy.medicest.eu\/et\/product\/ultraheli-hifu-smas-lifting\/#breadcrumb","itemListElement":[{"@type":"ListItem","position":1,"name":"","item":"https:\/\/shopcopy.medicest.eu\/et\/"},{"@type":"ListItem","position":2,"name":"K\u00f5ik protseduurid","item":"https:\/\/shopcopy.medicest.eu\/et\/shop\/"},{"@type":"ListItem","position":3,"name":"Ultraheli HIFU SMAS-lifting"}]},{"@type":"WebSite","@id":"https:\/\/shopcopy.medicest.eu\/#website","url":"https:\/\/shopcopy.medicest.eu\/","name":"Medic-Esthetic beauty shop","description":"Beauty shop","publisher":{"@id":"https:\/\/shopcopy.medicest.eu\/#organization"},"potentialAction":[{"@type":"SearchAction","target":{"@type":"EntryPoint","urlTemplate":"https:\/\/shopcopy.medicest.eu\/?s={search_term_string}"},"query-input":{"@type":"PropertyValueSpecification","valueRequired":true,"valueName":"search_term_string"}}],"inLanguage":"et"},{"@type":"Organization","@id":"https:\/\/shopcopy.medicest.eu\/#organization","name":"Medic-Esthetic beauty shop","url":"https:\/\/shopcopy.medicest.eu\/","logo":{"@type":"ImageObject","inLanguage":"et","@id":"https:\/\/shopcopy.medicest.eu\/#\/schema\/logo\/image\/","url":"https:\/\/shopcopy.medicest.eu\/wp-content\/uploads\/2021\/12\/medicest-logo-new2021.png","contentUrl":"https:\/\/shopcopy.medicest.eu\/wp-content\/uploads\/2021\/12\/medicest-logo-new2021.png","width":800,"height":211,"caption":"Medic-Esthetic beauty shop"},"image":{"@id":"https:\/\/shopcopy.medicest.eu\/#\/schema\/logo\/image\/"}}]}},"_links":{"self":[{"href":"https:\/\/shopcopy.medicest.eu\/et\/wp-json\/wp\/v2\/product\/2212","targetHints":{"allow":["GET"]}}],"collection":[{"href":"https:\/\/shopcopy.medicest.eu\/et\/wp-json\/wp\/v2\/product"}],"about":[{"href":"https:\/\/shopcopy.medicest.eu\/et\/wp-json\/wp\/v2\/types\/product"}],"replies":[{"embeddable":true,"href":"https:\/\/shopcopy.medicest.eu\/et\/wp-json\/wp\/v2\/comments?post=2212"}],"wp:featuredmedia":[{"embeddable":true,"href":"https:\/\/shopcopy.medicest.eu\/et\/wp-json\/wp\/v2\/media\/2191"}],"wp:attachment":[{"href":"https:\/\/shopcopy.medicest.eu\/et\/wp-json\/wp\/v2\/media?parent=2212"}],"wp:term":[{"taxonomy":"product_cat","embeddable":true,"href":"https:\/\/shopcopy.medicest.eu\/et\/wp-json\/wp\/v2\/product_cat?post=2212"},{"taxonomy":"product_tag","embeddable":true,"href":"https:\/\/shopcopy.medicest.eu\/et\/wp-json\/wp\/v2\/product_tag?post=2212"}],"curies":[{"name":"wp","href":"https:\/\/api.w.org\/{rel}","templated":true}]}}