{"id":2341,"date":"2021-10-01T10:11:19","date_gmt":"2021-10-01T07:11:19","guid":{"rendered":"https:\/\/shopcopy.medicest.eu\/product\/gift-card\/"},"modified":"2024-01-30T17:09:59","modified_gmt":"2024-01-30T15:09:59","slug":"e-gift-card","status":"publish","type":"product","link":"https:\/\/shopcopy.medicest.eu\/et\/product\/e-gift-card\/","title":{"rendered":"E-Kinkekaart Medic-Esthetic"},"content":{"rendered":"<p>Vii kingisaaja unistused teoks ja \u00fcllata teda Medic-Esthetic e-Beauty Shopi kinkekaardiga. Praktiline kingitus, mis tuleb alati kasuks!<\/p>\n<p>Saad ise m\u00e4\u00e4rata soovitud kinekaardi summa vahemikus 10-300 EUR.<\/p>\n<p>Medic-Esthetic e-Beauty Shop e-kinkekaart saadetakse elektrooniliselt e-kirja vormis kohe p\u00e4rast ostu sooritamist soovitud meiliaadressile. Kui ostate kinkekaardi kellelegi kingituseks, saate m\u00e4\u00e4rata e-kirja saajaks otse kingisaaja enda. Kinkekaart kehtib e-Beauty Shop veebipoes kogu teenusevalikule. <strong>Kaardi lunastamiseks tuleb kirjutada kinkekaardil olev unikaalne koodi ostukorvi lehel sooduskupongi lahtrisse.<\/strong><\/p>\n<p>E-Beauty Shopi kinkekaart on \u00fchekordseks kasutamiseks.<\/p>\n<p><span style=\"color: #ff0000;\"><strong>Kinkekaardi kehtivus on \u00fcks aasta alates ostukuup\u00e4evast.<\/strong><\/span> Kui soovitud toodete hind \u00fcletab kinkekaardil oleva summa, saab alati juurde tasuda. Kui toodete hind j\u00e4\u00e4b aga alla kinkekaardi v\u00e4\u00e4rtuse, siis \u00fclej\u00e4\u00e4nud summat ei kompentseerita.<\/p>\n<p>Kinkekaart pole vahetatav raha vastu.<\/p>\n<p>Kehtivusaja \u00fcletanud kaarti enam kahjuks kasutada ei saa.<\/p>\n<p><img fetchpriority=\"high\" decoding=\"async\" class=\"alignnone size-medium wp-image-2605\" src=\"https:\/\/shopcopy.medicest.eu\/wp-content\/uploads\/2021\/10\/kinkekaart-300x242.jpg\" alt=\"\" width=\"300\" height=\"242\" srcset=\"https:\/\/shopcopy.medicest.eu\/wp-content\/uploads\/2021\/10\/kinkekaart-300x242.jpg 300w, https:\/\/shopcopy.medicest.eu\/wp-content\/uploads\/2021\/10\/kinkekaart.jpg 710w\" sizes=\"(max-width: 300px) 100vw, 300px\" \/><\/p>\n<p>Paberist kinkekaarti mis tahes summale saab osta Medic-Esthetic kliinikust aadressil Narva mnt. 7, Tallinn<\/p>\n","protected":false},"excerpt":{"rendered":"<p>Elektrooniline kinkekaart, mis saadetakse e-postiga.<\/p>\n<p>Ideaalne kingitus l\u00e4hedastele ja s\u00f5pradele. Kohene kohaletoimetamine lihtsate sammudega. Valige summa, t\u00e4itke saaja e -posti aadress, lisage s\u00f5num ja saatke. Valmis!<\/p>\n<p><span style=\"color: #ff0000;\"><strong><i>Kingitus toimetatakse kohale e-posti teel. <\/i><i>Kinkekaardiga saab tasuda meie veebipoes ja Medic-Esthetic kliinikus.<\/i><\/strong><\/span><\/p>\n","protected":false},"featured_media":2477,"comment_status":"closed","ping_status":"closed","template":"","meta":{"ocean_post_layout":"","ocean_both_sidebars_style":"","ocean_both_sidebars_content_width":0,"ocean_both_sidebars_sidebars_width":0,"ocean_sidebar":"0","ocean_second_sidebar":"0","ocean_disable_margins":"enable","ocean_add_body_class":"","ocean_shortcode_before_top_bar":"","ocean_shortcode_after_top_bar":"","ocean_shortcode_before_header":"","ocean_shortcode_after_header":"","ocean_has_shortcode":"","ocean_shortcode_after_title":"","ocean_shortcode_before_footer_widgets":"","ocean_shortcode_after_footer_widgets":"","ocean_shortcode_before_footer_bottom":"","ocean_shortcode_after_footer_bottom":"","ocean_display_top_bar":"default","ocean_display_header":"default","ocean_header_style":"","ocean_center_header_left_menu":"0","ocean_custom_header_template":"0","ocean_custom_logo":0,"ocean_custom_retina_logo":0,"ocean_custom_logo_max_width":0,"ocean_custom_logo_tablet_max_width":0,"ocean_custom_logo_mobile_max_width":0,"ocean_custom_logo_max_height":0,"ocean_custom_logo_tablet_max_height":0,"ocean_custom_logo_mobile_max_height":0,"ocean_header_custom_menu":"0","ocean_menu_typo_font_family":"0","ocean_menu_typo_font_subset":"","ocean_menu_typo_font_size":0,"ocean_menu_typo_font_size_tablet":0,"ocean_menu_typo_font_size_mobile":0,"ocean_menu_typo_font_size_unit":"px","ocean_menu_typo_font_weight":"","ocean_menu_typo_font_weight_tablet":"","ocean_menu_typo_font_weight_mobile":"","ocean_menu_typo_transform":"","ocean_menu_typo_transform_tablet":"","ocean_menu_typo_transform_mobile":"","ocean_menu_typo_line_height":0,"ocean_menu_typo_line_height_tablet":0,"ocean_menu_typo_line_height_mobile":0,"ocean_menu_typo_line_height_unit":"","ocean_menu_typo_spacing":0,"ocean_menu_typo_spacing_tablet":0,"ocean_menu_typo_spacing_mobile":0,"ocean_menu_typo_spacing_unit":"","ocean_menu_link_color":"","ocean_menu_link_color_hover":"","ocean_menu_link_color_active":"","ocean_menu_link_background":"","ocean_menu_link_hover_background":"","ocean_menu_link_active_background":"","ocean_menu_social_links_bg":"","ocean_menu_social_hover_links_bg":"","ocean_menu_social_links_color":"","ocean_menu_social_hover_links_color":"","ocean_disable_title":"default","ocean_disable_heading":"default","ocean_post_title":"","ocean_post_subheading":"","ocean_post_title_style":"","ocean_post_title_background_color":"","ocean_post_title_background":0,"ocean_post_title_bg_image_position":"","ocean_post_title_bg_image_attachment":"","ocean_post_title_bg_image_repeat":"","ocean_post_title_bg_image_size":"","ocean_post_title_height":0,"ocean_post_title_bg_overlay":0.5,"ocean_post_title_bg_overlay_color":"","ocean_disable_breadcrumbs":"default","ocean_breadcrumbs_color":"","ocean_breadcrumbs_separator_color":"","ocean_breadcrumbs_links_color":"","ocean_breadcrumbs_links_hover_color":"","ocean_display_footer_widgets":"default","ocean_display_footer_bottom":"default","ocean_custom_footer_template":"0"},"product_cat":[291],"product_tag":[],"class_list":{"0":"post-2341","1":"product","2":"type-product","3":"status-publish","4":"has-post-thumbnail","6":"product_cat-ale","8":"entry","9":"has-media","11":"first","12":"instock","13":"purchasable","14":"product-type-pw-gift-card","15":"has-product-nav","16":"col","17":"span_1_of_4","18":"owp-content-center","19":"owp-thumbs-layout-vertical","20":"owp-btn-normal","21":"owp-tabs-layout-vertical","22":"has-no-thumbnails","24":"circle-sale"},"yoast_head":"<!-- This site is optimized with the Yoast SEO plugin v23.6 - https:\/\/yoast.com\/wordpress\/plugins\/seo\/ -->\n<title>E-Kinkekaart Medic-Esthetic - Medic-Esthetic beauty shop<\/title>\n<meta name=\"robots\" content=\"index, follow, max-snippet:-1, max-image-preview:large, max-video-preview:-1\" \/>\n<link rel=\"canonical\" href=\"https:\/\/shopcopy.medicest.eu\/et\/product\/e-gift-card\/\" \/>\n<meta property=\"og:locale\" content=\"et_EE\" \/>\n<meta property=\"og:type\" content=\"article\" \/>\n<meta property=\"og:title\" content=\"E-Kinkekaart Medic-Esthetic - Medic-Esthetic beauty shop\" \/>\n<meta property=\"og:description\" content=\"Elektrooniline kinkekaart, mis saadetakse e-postiga.  Ideaalne kingitus l\u00e4hedastele ja s\u00f5pradele. Kohene kohaletoimetamine lihtsate sammudega. Valige summa, t\u00e4itke saaja e -posti aadress, lisage s\u00f5num ja saatke. Valmis!  Kingitus toimetatakse kohale e-posti teel. Kinkekaardiga saab tasuda meie veebipoes ja Medic-Esthetic kliinikus.\" \/>\n<meta property=\"og:url\" content=\"https:\/\/shopcopy.medicest.eu\/et\/product\/e-gift-card\/\" \/>\n<meta property=\"og:site_name\" content=\"Medic-Esthetic beauty shop\" \/>\n<meta property=\"article:modified_time\" content=\"2024-01-30T15:09:59+00:00\" \/>\n<meta property=\"og:image\" content=\"https:\/\/shopcopy.medicest.eu\/wp-content\/uploads\/2021\/10\/gift-card-1.jpg\" \/>\n\t<meta property=\"og:image:width\" content=\"600\" \/>\n\t<meta property=\"og:image:height\" content=\"600\" \/>\n\t<meta property=\"og:image:type\" content=\"image\/jpeg\" \/>\n<meta name=\"twitter:card\" content=\"summary_large_image\" \/>\n<meta name=\"twitter:label1\" content=\"Est. reading time\" \/>\n\t<meta name=\"twitter:data1\" content=\"1 minut\" \/>\n<script type=\"application\/ld+json\" class=\"yoast-schema-graph\">{\"@context\":\"https:\/\/schema.org\",\"@graph\":[{\"@type\":\"WebPage\",\"@id\":\"https:\/\/shopcopy.medicest.eu\/et\/product\/e-gift-card\/\",\"url\":\"https:\/\/shopcopy.medicest.eu\/et\/product\/e-gift-card\/\",\"name\":\"E-Kinkekaart Medic-Esthetic - Medic-Esthetic beauty shop\",\"isPartOf\":{\"@id\":\"https:\/\/shopcopy.medicest.eu\/#website\"},\"primaryImageOfPage\":{\"@id\":\"https:\/\/shopcopy.medicest.eu\/et\/product\/e-gift-card\/#primaryimage\"},\"image\":{\"@id\":\"https:\/\/shopcopy.medicest.eu\/et\/product\/e-gift-card\/#primaryimage\"},\"thumbnailUrl\":\"https:\/\/shopcopy.medicest.eu\/wp-content\/uploads\/2021\/10\/gift-card-1.jpg\",\"datePublished\":\"2021-10-01T07:11:19+00:00\",\"dateModified\":\"2024-01-30T15:09:59+00:00\",\"breadcrumb\":{\"@id\":\"https:\/\/shopcopy.medicest.eu\/et\/product\/e-gift-card\/#breadcrumb\"},\"inLanguage\":\"et\",\"potentialAction\":[{\"@type\":\"ReadAction\",\"target\":[\"https:\/\/shopcopy.medicest.eu\/et\/product\/e-gift-card\/\"]}]},{\"@type\":\"ImageObject\",\"inLanguage\":\"et\",\"@id\":\"https:\/\/shopcopy.medicest.eu\/et\/product\/e-gift-card\/#primaryimage\",\"url\":\"https:\/\/shopcopy.medicest.eu\/wp-content\/uploads\/2021\/10\/gift-card-1.jpg\",\"contentUrl\":\"https:\/\/shopcopy.medicest.eu\/wp-content\/uploads\/2021\/10\/gift-card-1.jpg\",\"width\":600,\"height\":600},{\"@type\":\"BreadcrumbList\",\"@id\":\"https:\/\/shopcopy.medicest.eu\/et\/product\/e-gift-card\/#breadcrumb\",\"itemListElement\":[{\"@type\":\"ListItem\",\"position\":1,\"name\":\"\",\"item\":\"https:\/\/shopcopy.medicest.eu\/et\/\"},{\"@type\":\"ListItem\",\"position\":2,\"name\":\"K\u00f5ik protseduurid\",\"item\":\"https:\/\/shopcopy.medicest.eu\/et\/shop\/\"},{\"@type\":\"ListItem\",\"position\":3,\"name\":\"E-Kinkekaart Medic-Esthetic\"}]},{\"@type\":\"WebSite\",\"@id\":\"https:\/\/shopcopy.medicest.eu\/#website\",\"url\":\"https:\/\/shopcopy.medicest.eu\/\",\"name\":\"Medic-Esthetic beauty shop\",\"description\":\"Beauty shop\",\"publisher\":{\"@id\":\"https:\/\/shopcopy.medicest.eu\/#organization\"},\"potentialAction\":[{\"@type\":\"SearchAction\",\"target\":{\"@type\":\"EntryPoint\",\"urlTemplate\":\"https:\/\/shopcopy.medicest.eu\/?s={search_term_string}\"},\"query-input\":{\"@type\":\"PropertyValueSpecification\",\"valueRequired\":true,\"valueName\":\"search_term_string\"}}],\"inLanguage\":\"et\"},{\"@type\":\"Organization\",\"@id\":\"https:\/\/shopcopy.medicest.eu\/#organization\",\"name\":\"Medic-Esthetic beauty shop\",\"url\":\"https:\/\/shopcopy.medicest.eu\/\",\"logo\":{\"@type\":\"ImageObject\",\"inLanguage\":\"et\",\"@id\":\"https:\/\/shopcopy.medicest.eu\/#\/schema\/logo\/image\/\",\"url\":\"https:\/\/shopcopy.medicest.eu\/wp-content\/uploads\/2021\/12\/medicest-logo-new2021.png\",\"contentUrl\":\"https:\/\/shopcopy.medicest.eu\/wp-content\/uploads\/2021\/12\/medicest-logo-new2021.png\",\"width\":800,\"height\":211,\"caption\":\"Medic-Esthetic beauty shop\"},\"image\":{\"@id\":\"https:\/\/shopcopy.medicest.eu\/#\/schema\/logo\/image\/\"}}]}<\/script>\n<!-- \/ Yoast SEO plugin. -->","yoast_head_json":{"title":"E-Kinkekaart Medic-Esthetic - Medic-Esthetic beauty shop","robots":{"index":"index","follow":"follow","max-snippet":"max-snippet:-1","max-image-preview":"max-image-preview:large","max-video-preview":"max-video-preview:-1"},"canonical":"https:\/\/shopcopy.medicest.eu\/et\/product\/e-gift-card\/","og_locale":"et_EE","og_type":"article","og_title":"E-Kinkekaart Medic-Esthetic - Medic-Esthetic beauty shop","og_description":"Elektrooniline kinkekaart, mis saadetakse e-postiga.  Ideaalne kingitus l\u00e4hedastele ja s\u00f5pradele. Kohene kohaletoimetamine lihtsate sammudega. Valige summa, t\u00e4itke saaja e -posti aadress, lisage s\u00f5num ja saatke. Valmis!  Kingitus toimetatakse kohale e-posti teel. Kinkekaardiga saab tasuda meie veebipoes ja Medic-Esthetic kliinikus.","og_url":"https:\/\/shopcopy.medicest.eu\/et\/product\/e-gift-card\/","og_site_name":"Medic-Esthetic beauty shop","article_modified_time":"2024-01-30T15:09:59+00:00","og_image":[{"width":600,"height":600,"url":"https:\/\/shopcopy.medicest.eu\/wp-content\/uploads\/2021\/10\/gift-card-1.jpg","type":"image\/jpeg"}],"twitter_card":"summary_large_image","twitter_misc":{"Est. reading time":"1 minut"},"schema":{"@context":"https:\/\/schema.org","@graph":[{"@type":"WebPage","@id":"https:\/\/shopcopy.medicest.eu\/et\/product\/e-gift-card\/","url":"https:\/\/shopcopy.medicest.eu\/et\/product\/e-gift-card\/","name":"E-Kinkekaart Medic-Esthetic - Medic-Esthetic beauty shop","isPartOf":{"@id":"https:\/\/shopcopy.medicest.eu\/#website"},"primaryImageOfPage":{"@id":"https:\/\/shopcopy.medicest.eu\/et\/product\/e-gift-card\/#primaryimage"},"image":{"@id":"https:\/\/shopcopy.medicest.eu\/et\/product\/e-gift-card\/#primaryimage"},"thumbnailUrl":"https:\/\/shopcopy.medicest.eu\/wp-content\/uploads\/2021\/10\/gift-card-1.jpg","datePublished":"2021-10-01T07:11:19+00:00","dateModified":"2024-01-30T15:09:59+00:00","breadcrumb":{"@id":"https:\/\/shopcopy.medicest.eu\/et\/product\/e-gift-card\/#breadcrumb"},"inLanguage":"et","potentialAction":[{"@type":"ReadAction","target":["https:\/\/shopcopy.medicest.eu\/et\/product\/e-gift-card\/"]}]},{"@type":"ImageObject","inLanguage":"et","@id":"https:\/\/shopcopy.medicest.eu\/et\/product\/e-gift-card\/#primaryimage","url":"https:\/\/shopcopy.medicest.eu\/wp-content\/uploads\/2021\/10\/gift-card-1.jpg","contentUrl":"https:\/\/shopcopy.medicest.eu\/wp-content\/uploads\/2021\/10\/gift-card-1.jpg","width":600,"height":600},{"@type":"BreadcrumbList","@id":"https:\/\/shopcopy.medicest.eu\/et\/product\/e-gift-card\/#breadcrumb","itemListElement":[{"@type":"ListItem","position":1,"name":"","item":"https:\/\/shopcopy.medicest.eu\/et\/"},{"@type":"ListItem","position":2,"name":"K\u00f5ik protseduurid","item":"https:\/\/shopcopy.medicest.eu\/et\/shop\/"},{"@type":"ListItem","position":3,"name":"E-Kinkekaart Medic-Esthetic"}]},{"@type":"WebSite","@id":"https:\/\/shopcopy.medicest.eu\/#website","url":"https:\/\/shopcopy.medicest.eu\/","name":"Medic-Esthetic beauty shop","description":"Beauty shop","publisher":{"@id":"https:\/\/shopcopy.medicest.eu\/#organization"},"potentialAction":[{"@type":"SearchAction","target":{"@type":"EntryPoint","urlTemplate":"https:\/\/shopcopy.medicest.eu\/?s={search_term_string}"},"query-input":{"@type":"PropertyValueSpecification","valueRequired":true,"valueName":"search_term_string"}}],"inLanguage":"et"},{"@type":"Organization","@id":"https:\/\/shopcopy.medicest.eu\/#organization","name":"Medic-Esthetic beauty shop","url":"https:\/\/shopcopy.medicest.eu\/","logo":{"@type":"ImageObject","inLanguage":"et","@id":"https:\/\/shopcopy.medicest.eu\/#\/schema\/logo\/image\/","url":"https:\/\/shopcopy.medicest.eu\/wp-content\/uploads\/2021\/12\/medicest-logo-new2021.png","contentUrl":"https:\/\/shopcopy.medicest.eu\/wp-content\/uploads\/2021\/12\/medicest-logo-new2021.png","width":800,"height":211,"caption":"Medic-Esthetic beauty shop"},"image":{"@id":"https:\/\/shopcopy.medicest.eu\/#\/schema\/logo\/image\/"}}]}},"_links":{"self":[{"href":"https:\/\/shopcopy.medicest.eu\/et\/wp-json\/wp\/v2\/product\/2341","targetHints":{"allow":["GET"]}}],"collection":[{"href":"https:\/\/shopcopy.medicest.eu\/et\/wp-json\/wp\/v2\/product"}],"about":[{"href":"https:\/\/shopcopy.medicest.eu\/et\/wp-json\/wp\/v2\/types\/product"}],"replies":[{"embeddable":true,"href":"https:\/\/shopcopy.medicest.eu\/et\/wp-json\/wp\/v2\/comments?post=2341"}],"wp:featuredmedia":[{"embeddable":true,"href":"https:\/\/shopcopy.medicest.eu\/et\/wp-json\/wp\/v2\/media\/2477"}],"wp:attachment":[{"href":"https:\/\/shopcopy.medicest.eu\/et\/wp-json\/wp\/v2\/media?parent=2341"}],"wp:term":[{"taxonomy":"product_cat","embeddable":true,"href":"https:\/\/shopcopy.medicest.eu\/et\/wp-json\/wp\/v2\/product_cat?post=2341"},{"taxonomy":"product_tag","embeddable":true,"href":"https:\/\/shopcopy.medicest.eu\/et\/wp-json\/wp\/v2\/product_tag?post=2341"}],"curies":[{"name":"wp","href":"https:\/\/api.w.org\/{rel}","templated":true}]}}