{"id":2814,"date":"2021-12-09T16:22:37","date_gmt":"2021-12-09T14:22:37","guid":{"rendered":"https:\/\/shopcopy.medicest.eu\/?post_type=product&#038;p=2814"},"modified":"2022-01-24T15:32:36","modified_gmt":"2022-01-24T13:32:36","slug":"aparaatne-massaaz-icoone-laser-meestele","status":"publish","type":"product","link":"https:\/\/shopcopy.medicest.eu\/et\/product\/aparaatne-massaaz-icoone-laser-meestele\/","title":{"rendered":"Aparaatne massaa\u017e Icoone Laser meestele"},"content":{"rendered":"<p><img fetchpriority=\"high\" decoding=\"async\" class=\"alignnone wp-image-2094 size-full\" src=\"https:\/\/shopcopy.medicest.eu\/wp-content\/uploads\/2021\/09\/mikrostimulyatory-massazh-icoone-laser.jpg\" alt=\"\" width=\"1024\" height=\"382\" srcset=\"https:\/\/shopcopy.medicest.eu\/wp-content\/uploads\/2021\/09\/mikrostimulyatory-massazh-icoone-laser.jpg 1024w, https:\/\/shopcopy.medicest.eu\/wp-content\/uploads\/2021\/09\/mikrostimulyatory-massazh-icoone-laser-300x112.jpg 300w, https:\/\/shopcopy.medicest.eu\/wp-content\/uploads\/2021\/09\/mikrostimulyatory-massazh-icoone-laser-768x287.jpg 768w, https:\/\/shopcopy.medicest.eu\/wp-content\/uploads\/2021\/09\/mikrostimulyatory-massazh-icoone-laser-900x336.jpg 900w\" sizes=\"(max-width: 1024px) 100vw, 1024px\" \/><\/p>\n<p>Seadme peamised kasutusvaldkonnad: drenaa\u017e, t\u00f5stmine ja keha kontuurimine. Teisis\u00f5nu, Icoone Laser protseduuri abil eemaldatakse keha kudedest liigne vedelik, k\u00f5rvaldatakse tursed, nahk pinguldub, moodustuvad \u00f5iged kehajooned ja v\u00e4henevad rasvaladestused.<\/p>\n<p>Ravimina v\u00f5ib see k\u00f5rvaldada lihaspinged, k\u00f5rvaldada l\u00fcmfostaasi &#8211; liigse vedeliku kogunemise kehasse l\u00fcmfi liikumise h\u00e4irete t\u00f5ttu. Kasutatakse operatsioonidest taastumisel (n\u00e4iteks rasvaimu). Icoone Laser on \u00f5rn seade, mis v\u00f5ib \u00f5rnalt m\u00f5jutada tundlikke kudesid, sealhulgas turseid operatsioonij\u00e4rgsel perioodil.<\/p>\n<p>Samal ajal saavad need, kes soovivad olla rohkem toonuses ja elastse nahaga, mis oluliselt parandab nende v\u00e4limust, Icoone Laseri abil massaa\u017ei minna.<\/p>\n<p>&nbsp;<\/p>\n<p><img decoding=\"async\" class=\"size-medium wp-image-2608 alignleft\" src=\"https:\/\/shopcopy.medicest.eu\/wp-content\/uploads\/2021\/09\/5b843b85132ca58532091f02-252x300.jpg\" alt=\"\" width=\"252\" height=\"300\" srcset=\"https:\/\/shopcopy.medicest.eu\/wp-content\/uploads\/2021\/09\/5b843b85132ca58532091f02-252x300.jpg 252w, https:\/\/shopcopy.medicest.eu\/wp-content\/uploads\/2021\/09\/5b843b85132ca58532091f02.jpg 551w\" sizes=\"(max-width: 252px) 100vw, 252px\" \/>ICOONE kost\u00fc\u00fcm on spetsiaalne superelastne, v\u00e4ga \u00f5huke kombinesoon massaa\u017ei jaoks. Kost\u00fc\u00fcm on vajalik selleks, et aparaadi otsik libiseks \u00f5rnalt ning et v\u00e4ltida traumad vakuumaga.ICOONE kost\u00fc\u00fcm valitakse individuaalselt ning kasutatakse terve teraapia kuuri ajal.<\/p>\n<p>Massaa\u017ei ajal ICOONE kost\u00fc\u00fcmiga ei kasutata \u00f5lisid, seet\u00f5ttu ei ole vajadust peale protseduuri du\u0161\u0161i alla minna.<\/p>\n<p>Protseduur kestab tund aega, seega v\u00f5ib tulla ka t\u00f6\u00f6 l\u00f5una ajal. ICOONE kost\u00fc\u00fcm on v\u00f5imalik osta kliinikus, <strong>hind on 25\u20ac.<\/strong><\/p>\n<p>Kost\u00fc\u00fcm on korduvkasutatav ning selle v\u00f5ib pesta.<\/p>\n","protected":false},"excerpt":{"rendered":"<p>Icoone v\u00f5imaldab s\u00e4ilitada lihaste toonust. Lisaks \u00f5nnestub aparaadi abil saavutada rindkere, k\u00e4te, jalgade, k\u00f5hulihaste reljeef. See on eriti oluline j\u00f5usaalis k\u00e4ivatele meestele.<\/p>\n<p>Mehed kasutavad innukalt massaa\u017eiprotseduure, sest see massaa\u017e kujundab ideaalselt keha, leevendab valu, aitab vabaneda nahaalusest rasvast ning l\u00f5dvestada lihaseid ja valmistuda pingeolukordadeks.<\/p>\n<p><span style=\"color: #ff0000;\">Valige ripploendist toode:<\/span><\/p>\n","protected":false},"featured_media":2823,"comment_status":"open","ping_status":"closed","template":"","meta":{"ocean_post_layout":"","ocean_both_sidebars_style":"","ocean_both_sidebars_content_width":0,"ocean_both_sidebars_sidebars_width":0,"ocean_sidebar":"0","ocean_second_sidebar":"0","ocean_disable_margins":"enable","ocean_add_body_class":"","ocean_shortcode_before_top_bar":"","ocean_shortcode_after_top_bar":"","ocean_shortcode_before_header":"","ocean_shortcode_after_header":"","ocean_has_shortcode":"","ocean_shortcode_after_title":"","ocean_shortcode_before_footer_widgets":"","ocean_shortcode_after_footer_widgets":"","ocean_shortcode_before_footer_bottom":"","ocean_shortcode_after_footer_bottom":"","ocean_display_top_bar":"default","ocean_display_header":"default","ocean_header_style":"","ocean_center_header_left_menu":"0","ocean_custom_header_template":"0","ocean_custom_logo":0,"ocean_custom_retina_logo":0,"ocean_custom_logo_max_width":0,"ocean_custom_logo_tablet_max_width":0,"ocean_custom_logo_mobile_max_width":0,"ocean_custom_logo_max_height":0,"ocean_custom_logo_tablet_max_height":0,"ocean_custom_logo_mobile_max_height":0,"ocean_header_custom_menu":"0","ocean_menu_typo_font_family":"0","ocean_menu_typo_font_subset":"","ocean_menu_typo_font_size":0,"ocean_menu_typo_font_size_tablet":0,"ocean_menu_typo_font_size_mobile":0,"ocean_menu_typo_font_size_unit":"px","ocean_menu_typo_font_weight":"","ocean_menu_typo_font_weight_tablet":"","ocean_menu_typo_font_weight_mobile":"","ocean_menu_typo_transform":"","ocean_menu_typo_transform_tablet":"","ocean_menu_typo_transform_mobile":"","ocean_menu_typo_line_height":0,"ocean_menu_typo_line_height_tablet":0,"ocean_menu_typo_line_height_mobile":0,"ocean_menu_typo_line_height_unit":"","ocean_menu_typo_spacing":0,"ocean_menu_typo_spacing_tablet":0,"ocean_menu_typo_spacing_mobile":0,"ocean_menu_typo_spacing_unit":"","ocean_menu_link_color":"","ocean_menu_link_color_hover":"","ocean_menu_link_color_active":"","ocean_menu_link_background":"","ocean_menu_link_hover_background":"","ocean_menu_link_active_background":"","ocean_menu_social_links_bg":"","ocean_menu_social_hover_links_bg":"","ocean_menu_social_links_color":"","ocean_menu_social_hover_links_color":"","ocean_disable_title":"default","ocean_disable_heading":"default","ocean_post_title":"","ocean_post_subheading":"","ocean_post_title_style":"","ocean_post_title_background_color":"","ocean_post_title_background":0,"ocean_post_title_bg_image_position":"","ocean_post_title_bg_image_attachment":"","ocean_post_title_bg_image_repeat":"","ocean_post_title_bg_image_size":"","ocean_post_title_height":0,"ocean_post_title_bg_overlay":0.5,"ocean_post_title_bg_overlay_color":"","ocean_disable_breadcrumbs":"default","ocean_breadcrumbs_color":"","ocean_breadcrumbs_separator_color":"","ocean_breadcrumbs_links_color":"","ocean_breadcrumbs_links_hover_color":"","ocean_display_footer_widgets":"default","ocean_display_footer_bottom":"default","ocean_custom_footer_template":"0"},"product_cat":[86,328],"product_tag":[],"class_list":{"0":"post-2814","1":"product","2":"type-product","3":"status-publish","4":"has-post-thumbnail","6":"product_cat-iluteenused","7":"product_cat-meestele","9":"entry","10":"has-media","12":"first","13":"instock","14":"featured","15":"taxable","16":"shipping-taxable","17":"purchasable","18":"product-type-variable","19":"has-product-nav","20":"col","21":"span_1_of_4","22":"owp-content-center","23":"owp-thumbs-layout-vertical","24":"owp-btn-normal","25":"owp-tabs-layout-vertical","26":"has-no-thumbnails","28":"circle-sale"},"yoast_head":"<!-- This site is optimized with the Yoast SEO plugin v23.6 - https:\/\/yoast.com\/wordpress\/plugins\/seo\/ -->\n<title>Aparaatne massaa\u017e Icoone Laser meestele - Medic-Esthetic beauty shop<\/title>\n<meta name=\"robots\" content=\"index, follow, max-snippet:-1, max-image-preview:large, max-video-preview:-1\" \/>\n<link rel=\"canonical\" href=\"https:\/\/shopcopy.medicest.eu\/et\/product\/aparaatne-massaaz-icoone-laser-meestele\/\" \/>\n<meta property=\"og:locale\" content=\"et_EE\" \/>\n<meta property=\"og:type\" content=\"article\" \/>\n<meta property=\"og:title\" content=\"Aparaatne massaa\u017e Icoone Laser meestele - Medic-Esthetic beauty shop\" \/>\n<meta property=\"og:description\" content=\"Icoone v\u00f5imaldab s\u00e4ilitada lihaste toonust. Lisaks \u00f5nnestub aparaadi abil saavutada rindkere, k\u00e4te, jalgade, k\u00f5hulihaste reljeef. See on eriti oluline j\u00f5usaalis k\u00e4ivatele meestele.  Mehed kasutavad innukalt massaa\u017eiprotseduure, sest see massaa\u017e kujundab ideaalselt keha, leevendab valu, aitab vabaneda nahaalusest rasvast ning l\u00f5dvestada lihaseid ja valmistuda pingeolukordadeks.  Valige ripploendist toode:\" \/>\n<meta property=\"og:url\" content=\"https:\/\/shopcopy.medicest.eu\/et\/product\/aparaatne-massaaz-icoone-laser-meestele\/\" \/>\n<meta property=\"og:site_name\" content=\"Medic-Esthetic beauty shop\" \/>\n<meta property=\"article:modified_time\" content=\"2022-01-24T13:32:36+00:00\" \/>\n<meta property=\"og:image\" content=\"https:\/\/shopcopy.medicest.eu\/wp-content\/uploads\/2021\/12\/icoone-men.jpg\" \/>\n\t<meta property=\"og:image:width\" content=\"643\" \/>\n\t<meta property=\"og:image:height\" content=\"643\" \/>\n\t<meta property=\"og:image:type\" content=\"image\/jpeg\" \/>\n<meta name=\"twitter:card\" content=\"summary_large_image\" \/>\n<meta name=\"twitter:label1\" content=\"Est. reading time\" \/>\n\t<meta name=\"twitter:data1\" content=\"2 minutit\" \/>\n<script type=\"application\/ld+json\" class=\"yoast-schema-graph\">{\"@context\":\"https:\/\/schema.org\",\"@graph\":[{\"@type\":\"WebPage\",\"@id\":\"https:\/\/shopcopy.medicest.eu\/et\/product\/aparaatne-massaaz-icoone-laser-meestele\/\",\"url\":\"https:\/\/shopcopy.medicest.eu\/et\/product\/aparaatne-massaaz-icoone-laser-meestele\/\",\"name\":\"Aparaatne massaa\u017e Icoone Laser meestele - Medic-Esthetic beauty shop\",\"isPartOf\":{\"@id\":\"https:\/\/shopcopy.medicest.eu\/#website\"},\"primaryImageOfPage\":{\"@id\":\"https:\/\/shopcopy.medicest.eu\/et\/product\/aparaatne-massaaz-icoone-laser-meestele\/#primaryimage\"},\"image\":{\"@id\":\"https:\/\/shopcopy.medicest.eu\/et\/product\/aparaatne-massaaz-icoone-laser-meestele\/#primaryimage\"},\"thumbnailUrl\":\"https:\/\/shopcopy.medicest.eu\/wp-content\/uploads\/2021\/12\/icoone-men.jpg\",\"datePublished\":\"2021-12-09T14:22:37+00:00\",\"dateModified\":\"2022-01-24T13:32:36+00:00\",\"breadcrumb\":{\"@id\":\"https:\/\/shopcopy.medicest.eu\/et\/product\/aparaatne-massaaz-icoone-laser-meestele\/#breadcrumb\"},\"inLanguage\":\"et\",\"potentialAction\":[{\"@type\":\"ReadAction\",\"target\":[\"https:\/\/shopcopy.medicest.eu\/et\/product\/aparaatne-massaaz-icoone-laser-meestele\/\"]}]},{\"@type\":\"ImageObject\",\"inLanguage\":\"et\",\"@id\":\"https:\/\/shopcopy.medicest.eu\/et\/product\/aparaatne-massaaz-icoone-laser-meestele\/#primaryimage\",\"url\":\"https:\/\/shopcopy.medicest.eu\/wp-content\/uploads\/2021\/12\/icoone-men.jpg\",\"contentUrl\":\"https:\/\/shopcopy.medicest.eu\/wp-content\/uploads\/2021\/12\/icoone-men.jpg\",\"width\":643,\"height\":643},{\"@type\":\"BreadcrumbList\",\"@id\":\"https:\/\/shopcopy.medicest.eu\/et\/product\/aparaatne-massaaz-icoone-laser-meestele\/#breadcrumb\",\"itemListElement\":[{\"@type\":\"ListItem\",\"position\":1,\"name\":\"\",\"item\":\"https:\/\/shopcopy.medicest.eu\/et\/\"},{\"@type\":\"ListItem\",\"position\":2,\"name\":\"K\u00f5ik protseduurid\",\"item\":\"https:\/\/shopcopy.medicest.eu\/et\/shop\/\"},{\"@type\":\"ListItem\",\"position\":3,\"name\":\"Aparaatne massaa\u017e Icoone Laser meestele\"}]},{\"@type\":\"WebSite\",\"@id\":\"https:\/\/shopcopy.medicest.eu\/#website\",\"url\":\"https:\/\/shopcopy.medicest.eu\/\",\"name\":\"Medic-Esthetic beauty shop\",\"description\":\"Beauty shop\",\"publisher\":{\"@id\":\"https:\/\/shopcopy.medicest.eu\/#organization\"},\"potentialAction\":[{\"@type\":\"SearchAction\",\"target\":{\"@type\":\"EntryPoint\",\"urlTemplate\":\"https:\/\/shopcopy.medicest.eu\/?s={search_term_string}\"},\"query-input\":{\"@type\":\"PropertyValueSpecification\",\"valueRequired\":true,\"valueName\":\"search_term_string\"}}],\"inLanguage\":\"et\"},{\"@type\":\"Organization\",\"@id\":\"https:\/\/shopcopy.medicest.eu\/#organization\",\"name\":\"Medic-Esthetic beauty shop\",\"url\":\"https:\/\/shopcopy.medicest.eu\/\",\"logo\":{\"@type\":\"ImageObject\",\"inLanguage\":\"et\",\"@id\":\"https:\/\/shopcopy.medicest.eu\/#\/schema\/logo\/image\/\",\"url\":\"https:\/\/shopcopy.medicest.eu\/wp-content\/uploads\/2021\/12\/medicest-logo-new2021.png\",\"contentUrl\":\"https:\/\/shopcopy.medicest.eu\/wp-content\/uploads\/2021\/12\/medicest-logo-new2021.png\",\"width\":800,\"height\":211,\"caption\":\"Medic-Esthetic beauty shop\"},\"image\":{\"@id\":\"https:\/\/shopcopy.medicest.eu\/#\/schema\/logo\/image\/\"}}]}<\/script>\n<!-- \/ Yoast SEO plugin. -->","yoast_head_json":{"title":"Aparaatne massaa\u017e Icoone Laser meestele - Medic-Esthetic beauty shop","robots":{"index":"index","follow":"follow","max-snippet":"max-snippet:-1","max-image-preview":"max-image-preview:large","max-video-preview":"max-video-preview:-1"},"canonical":"https:\/\/shopcopy.medicest.eu\/et\/product\/aparaatne-massaaz-icoone-laser-meestele\/","og_locale":"et_EE","og_type":"article","og_title":"Aparaatne massaa\u017e Icoone Laser meestele - Medic-Esthetic beauty shop","og_description":"Icoone v\u00f5imaldab s\u00e4ilitada lihaste toonust. Lisaks \u00f5nnestub aparaadi abil saavutada rindkere, k\u00e4te, jalgade, k\u00f5hulihaste reljeef. See on eriti oluline j\u00f5usaalis k\u00e4ivatele meestele.  Mehed kasutavad innukalt massaa\u017eiprotseduure, sest see massaa\u017e kujundab ideaalselt keha, leevendab valu, aitab vabaneda nahaalusest rasvast ning l\u00f5dvestada lihaseid ja valmistuda pingeolukordadeks.  Valige ripploendist toode:","og_url":"https:\/\/shopcopy.medicest.eu\/et\/product\/aparaatne-massaaz-icoone-laser-meestele\/","og_site_name":"Medic-Esthetic beauty shop","article_modified_time":"2022-01-24T13:32:36+00:00","og_image":[{"width":643,"height":643,"url":"https:\/\/shopcopy.medicest.eu\/wp-content\/uploads\/2021\/12\/icoone-men.jpg","type":"image\/jpeg"}],"twitter_card":"summary_large_image","twitter_misc":{"Est. reading time":"2 minutit"},"schema":{"@context":"https:\/\/schema.org","@graph":[{"@type":"WebPage","@id":"https:\/\/shopcopy.medicest.eu\/et\/product\/aparaatne-massaaz-icoone-laser-meestele\/","url":"https:\/\/shopcopy.medicest.eu\/et\/product\/aparaatne-massaaz-icoone-laser-meestele\/","name":"Aparaatne massaa\u017e Icoone Laser meestele - Medic-Esthetic beauty shop","isPartOf":{"@id":"https:\/\/shopcopy.medicest.eu\/#website"},"primaryImageOfPage":{"@id":"https:\/\/shopcopy.medicest.eu\/et\/product\/aparaatne-massaaz-icoone-laser-meestele\/#primaryimage"},"image":{"@id":"https:\/\/shopcopy.medicest.eu\/et\/product\/aparaatne-massaaz-icoone-laser-meestele\/#primaryimage"},"thumbnailUrl":"https:\/\/shopcopy.medicest.eu\/wp-content\/uploads\/2021\/12\/icoone-men.jpg","datePublished":"2021-12-09T14:22:37+00:00","dateModified":"2022-01-24T13:32:36+00:00","breadcrumb":{"@id":"https:\/\/shopcopy.medicest.eu\/et\/product\/aparaatne-massaaz-icoone-laser-meestele\/#breadcrumb"},"inLanguage":"et","potentialAction":[{"@type":"ReadAction","target":["https:\/\/shopcopy.medicest.eu\/et\/product\/aparaatne-massaaz-icoone-laser-meestele\/"]}]},{"@type":"ImageObject","inLanguage":"et","@id":"https:\/\/shopcopy.medicest.eu\/et\/product\/aparaatne-massaaz-icoone-laser-meestele\/#primaryimage","url":"https:\/\/shopcopy.medicest.eu\/wp-content\/uploads\/2021\/12\/icoone-men.jpg","contentUrl":"https:\/\/shopcopy.medicest.eu\/wp-content\/uploads\/2021\/12\/icoone-men.jpg","width":643,"height":643},{"@type":"BreadcrumbList","@id":"https:\/\/shopcopy.medicest.eu\/et\/product\/aparaatne-massaaz-icoone-laser-meestele\/#breadcrumb","itemListElement":[{"@type":"ListItem","position":1,"name":"","item":"https:\/\/shopcopy.medicest.eu\/et\/"},{"@type":"ListItem","position":2,"name":"K\u00f5ik protseduurid","item":"https:\/\/shopcopy.medicest.eu\/et\/shop\/"},{"@type":"ListItem","position":3,"name":"Aparaatne massaa\u017e Icoone Laser meestele"}]},{"@type":"WebSite","@id":"https:\/\/shopcopy.medicest.eu\/#website","url":"https:\/\/shopcopy.medicest.eu\/","name":"Medic-Esthetic beauty shop","description":"Beauty shop","publisher":{"@id":"https:\/\/shopcopy.medicest.eu\/#organization"},"potentialAction":[{"@type":"SearchAction","target":{"@type":"EntryPoint","urlTemplate":"https:\/\/shopcopy.medicest.eu\/?s={search_term_string}"},"query-input":{"@type":"PropertyValueSpecification","valueRequired":true,"valueName":"search_term_string"}}],"inLanguage":"et"},{"@type":"Organization","@id":"https:\/\/shopcopy.medicest.eu\/#organization","name":"Medic-Esthetic beauty shop","url":"https:\/\/shopcopy.medicest.eu\/","logo":{"@type":"ImageObject","inLanguage":"et","@id":"https:\/\/shopcopy.medicest.eu\/#\/schema\/logo\/image\/","url":"https:\/\/shopcopy.medicest.eu\/wp-content\/uploads\/2021\/12\/medicest-logo-new2021.png","contentUrl":"https:\/\/shopcopy.medicest.eu\/wp-content\/uploads\/2021\/12\/medicest-logo-new2021.png","width":800,"height":211,"caption":"Medic-Esthetic beauty shop"},"image":{"@id":"https:\/\/shopcopy.medicest.eu\/#\/schema\/logo\/image\/"}}]}},"_links":{"self":[{"href":"https:\/\/shopcopy.medicest.eu\/et\/wp-json\/wp\/v2\/product\/2814","targetHints":{"allow":["GET"]}}],"collection":[{"href":"https:\/\/shopcopy.medicest.eu\/et\/wp-json\/wp\/v2\/product"}],"about":[{"href":"https:\/\/shopcopy.medicest.eu\/et\/wp-json\/wp\/v2\/types\/product"}],"replies":[{"embeddable":true,"href":"https:\/\/shopcopy.medicest.eu\/et\/wp-json\/wp\/v2\/comments?post=2814"}],"wp:featuredmedia":[{"embeddable":true,"href":"https:\/\/shopcopy.medicest.eu\/et\/wp-json\/wp\/v2\/media\/2823"}],"wp:attachment":[{"href":"https:\/\/shopcopy.medicest.eu\/et\/wp-json\/wp\/v2\/media?parent=2814"}],"wp:term":[{"taxonomy":"product_cat","embeddable":true,"href":"https:\/\/shopcopy.medicest.eu\/et\/wp-json\/wp\/v2\/product_cat?post=2814"},{"taxonomy":"product_tag","embeddable":true,"href":"https:\/\/shopcopy.medicest.eu\/et\/wp-json\/wp\/v2\/product_tag?post=2814"}],"curies":[{"name":"wp","href":"https:\/\/api.w.org\/{rel}","templated":true}]}}