{"id":2837,"date":"2021-12-09T16:49:39","date_gmt":"2021-12-09T14:49:39","guid":{"rendered":"https:\/\/shopcopy.medicest.eu\/product\/chistka-kozhi-licza-dlya-muzhchin\/"},"modified":"2021-12-20T00:08:14","modified_gmt":"2021-12-19T22:08:14","slug":"naonaha-puhastus-meestele","status":"publish","type":"product","link":"https:\/\/shopcopy.medicest.eu\/et\/product\/naonaha-puhastus-meestele\/","title":{"rendered":"N\u00e4onaha puhastus meestele"},"content":{"rendered":"<p><strong>Puhastuste liigid<\/strong><\/p>\n<ul>\n<li><strong>Pindmine puhastus.<\/strong> V\u00f5imaldab vabaneda v\u00e4ikestest l\u00f6\u00f6vetest, anda nahale terve v\u00e4limuse ja \u00fchtlase v\u00e4rvuse.<\/li>\n<li><strong>Mehaaniline puhastus<\/strong> &#8211; klassikaline puhastus, mille k\u00e4igus k\u00f5rvaldatakse k\u00e4sitsi v\u00f5i erit\u00f6\u00f6riistade abil k\u00f5ikv\u00f5imalikud nahaprobleemid &#8211; l\u00f6\u00f6bed, akne, lipoomid. Meister t\u00f6\u00f6tleb k\u00f5ige probleemsemaid kohti t\u00e4pselt ja korralikult.<\/li>\n<li><strong>Aparaatpuhastus.<\/strong> Teostatakse koorivate ainete kasutamisega, mis kantakse nahale p\u00f6\u00f6rlevate harjastega seadme abil. Sellele protseduurile j\u00e4rgneb n\u00e4ohooldus erinevate maskidega.<\/li>\n<li><strong>Ultrahelipuhastus.<\/strong> Teostatakse ultraheli abil, t\u00e4nu millele puhastatakse poorid ja eemaldatakse surnud naharakud. Eristub kiiruse, valutuse ja oivaliste tulemuste poolest.<\/li>\n<li><strong>Vaakumpuhastus.<\/strong> H\u00f5lmab naha aurutamist ja puhastamist eriaparaadi abil.<\/li>\n<li><strong>Antioks\u00fcdantide ja vitamiinidega koorimin<\/strong>e meestele aitab s\u00e4ilitada naha terve v\u00e4limuse.Lisateavet protseduuri kohta<\/li>\n<\/ul>\n","protected":false},"excerpt":{"rendered":"<p>P\u00e4rast olukorra hindamist valib kosmetoloog v\u00e4lja soovitud puhastusviisi v\u00f5i meetmete kogumi, mille eesm\u00e4rk on naha puhastamine, korrigeerimine ja tervendamine. \u200bVajaduse korral on naha t\u00e4ielikuks taastamiseks soovitatav l\u00e4bida mitu protseduuri ja j\u00e4tkata ravi koduste vahenditega. Vahendeid ja nende kasutusviisi aitab valida spetsialist vastavalt kliendi naha omadustele ja elustiilile.<\/p>\n<p><a href=\"https:\/\/medicest.eu\/et\/naonaha-puhastus-meestele\/\" target=\"_blank\" rel=\"noopener\">Lisateavet protseduuri kohta<\/a><\/p>\n","protected":false},"featured_media":2834,"comment_status":"open","ping_status":"closed","template":"","meta":{"ocean_post_layout":"","ocean_both_sidebars_style":"","ocean_both_sidebars_content_width":0,"ocean_both_sidebars_sidebars_width":0,"ocean_sidebar":"0","ocean_second_sidebar":"0","ocean_disable_margins":"enable","ocean_add_body_class":"","ocean_shortcode_before_top_bar":"","ocean_shortcode_after_top_bar":"","ocean_shortcode_before_header":"","ocean_shortcode_after_header":"","ocean_has_shortcode":"","ocean_shortcode_after_title":"","ocean_shortcode_before_footer_widgets":"","ocean_shortcode_after_footer_widgets":"","ocean_shortcode_before_footer_bottom":"","ocean_shortcode_after_footer_bottom":"","ocean_display_top_bar":"default","ocean_display_header":"default","ocean_header_style":"","ocean_center_header_left_menu":"0","ocean_custom_header_template":"0","ocean_custom_logo":0,"ocean_custom_retina_logo":0,"ocean_custom_logo_max_width":0,"ocean_custom_logo_tablet_max_width":0,"ocean_custom_logo_mobile_max_width":0,"ocean_custom_logo_max_height":0,"ocean_custom_logo_tablet_max_height":0,"ocean_custom_logo_mobile_max_height":0,"ocean_header_custom_menu":"0","ocean_menu_typo_font_family":"0","ocean_menu_typo_font_subset":"","ocean_menu_typo_font_size":0,"ocean_menu_typo_font_size_tablet":0,"ocean_menu_typo_font_size_mobile":0,"ocean_menu_typo_font_size_unit":"px","ocean_menu_typo_font_weight":"","ocean_menu_typo_font_weight_tablet":"","ocean_menu_typo_font_weight_mobile":"","ocean_menu_typo_transform":"","ocean_menu_typo_transform_tablet":"","ocean_menu_typo_transform_mobile":"","ocean_menu_typo_line_height":0,"ocean_menu_typo_line_height_tablet":0,"ocean_menu_typo_line_height_mobile":0,"ocean_menu_typo_line_height_unit":"","ocean_menu_typo_spacing":0,"ocean_menu_typo_spacing_tablet":0,"ocean_menu_typo_spacing_mobile":0,"ocean_menu_typo_spacing_unit":"","ocean_menu_link_color":"","ocean_menu_link_color_hover":"","ocean_menu_link_color_active":"","ocean_menu_link_background":"","ocean_menu_link_hover_background":"","ocean_menu_link_active_background":"","ocean_menu_social_links_bg":"","ocean_menu_social_hover_links_bg":"","ocean_menu_social_links_color":"","ocean_menu_social_hover_links_color":"","ocean_disable_title":"default","ocean_disable_heading":"default","ocean_post_title":"","ocean_post_subheading":"","ocean_post_title_style":"","ocean_post_title_background_color":"","ocean_post_title_background":0,"ocean_post_title_bg_image_position":"","ocean_post_title_bg_image_attachment":"","ocean_post_title_bg_image_repeat":"","ocean_post_title_bg_image_size":"","ocean_post_title_height":0,"ocean_post_title_bg_overlay":0.5,"ocean_post_title_bg_overlay_color":"","ocean_disable_breadcrumbs":"default","ocean_breadcrumbs_color":"","ocean_breadcrumbs_separator_color":"","ocean_breadcrumbs_links_color":"","ocean_breadcrumbs_links_hover_color":"","ocean_display_footer_widgets":"default","ocean_display_footer_bottom":"default","ocean_custom_footer_template":"0"},"product_cat":[328],"product_tag":[],"class_list":{"0":"post-2837","1":"product","2":"type-product","3":"status-publish","4":"has-post-thumbnail","6":"product_cat-meestele","8":"entry","9":"has-media","11":"first","12":"instock","13":"virtual","14":"taxable","15":"purchasable","16":"product-type-simple","17":"has-product-nav","18":"col","19":"span_1_of_4","20":"owp-content-center","21":"owp-thumbs-layout-vertical","22":"owp-btn-normal","23":"owp-tabs-layout-vertical","24":"has-no-thumbnails","26":"circle-sale"},"yoast_head":"<!-- This site is optimized with the Yoast SEO plugin v23.6 - https:\/\/yoast.com\/wordpress\/plugins\/seo\/ -->\n<title>N\u00e4onaha puhastus meestele - Medic-Esthetic beauty shop<\/title>\n<meta name=\"robots\" content=\"index, follow, max-snippet:-1, max-image-preview:large, max-video-preview:-1\" \/>\n<link rel=\"canonical\" href=\"https:\/\/shopcopy.medicest.eu\/et\/product\/naonaha-puhastus-meestele\/\" \/>\n<meta property=\"og:locale\" content=\"et_EE\" \/>\n<meta property=\"og:type\" content=\"article\" \/>\n<meta property=\"og:title\" content=\"N\u00e4onaha puhastus meestele - Medic-Esthetic beauty shop\" \/>\n<meta property=\"og:description\" content=\"P\u00e4rast olukorra hindamist valib kosmetoloog v\u00e4lja soovitud puhastusviisi v\u00f5i meetmete kogumi, mille eesm\u00e4rk on naha puhastamine, korrigeerimine ja tervendamine. \u200bVajaduse korral on naha t\u00e4ielikuks taastamiseks soovitatav l\u00e4bida mitu protseduuri ja j\u00e4tkata ravi koduste vahenditega. Vahendeid ja nende kasutusviisi aitab valida spetsialist vastavalt kliendi naha omadustele ja elustiilile.  Lisateavet protseduuri kohta\" \/>\n<meta property=\"og:url\" content=\"https:\/\/shopcopy.medicest.eu\/et\/product\/naonaha-puhastus-meestele\/\" \/>\n<meta property=\"og:site_name\" content=\"Medic-Esthetic beauty shop\" \/>\n<meta property=\"article:modified_time\" content=\"2021-12-19T22:08:14+00:00\" \/>\n<meta property=\"og:image\" content=\"https:\/\/shopcopy.medicest.eu\/wp-content\/uploads\/2021\/12\/men-cleaning.jpg\" \/>\n\t<meta property=\"og:image:width\" content=\"600\" \/>\n\t<meta property=\"og:image:height\" content=\"600\" \/>\n\t<meta property=\"og:image:type\" content=\"image\/jpeg\" \/>\n<meta name=\"twitter:card\" content=\"summary_large_image\" \/>\n<meta name=\"twitter:label1\" content=\"Est. reading time\" \/>\n\t<meta name=\"twitter:data1\" content=\"1 minut\" \/>\n<script type=\"application\/ld+json\" class=\"yoast-schema-graph\">{\"@context\":\"https:\/\/schema.org\",\"@graph\":[{\"@type\":\"WebPage\",\"@id\":\"https:\/\/shopcopy.medicest.eu\/et\/product\/naonaha-puhastus-meestele\/\",\"url\":\"https:\/\/shopcopy.medicest.eu\/et\/product\/naonaha-puhastus-meestele\/\",\"name\":\"N\u00e4onaha puhastus meestele - Medic-Esthetic beauty shop\",\"isPartOf\":{\"@id\":\"https:\/\/shopcopy.medicest.eu\/#website\"},\"primaryImageOfPage\":{\"@id\":\"https:\/\/shopcopy.medicest.eu\/et\/product\/naonaha-puhastus-meestele\/#primaryimage\"},\"image\":{\"@id\":\"https:\/\/shopcopy.medicest.eu\/et\/product\/naonaha-puhastus-meestele\/#primaryimage\"},\"thumbnailUrl\":\"https:\/\/shopcopy.medicest.eu\/wp-content\/uploads\/2021\/12\/men-cleaning.jpg\",\"datePublished\":\"2021-12-09T14:49:39+00:00\",\"dateModified\":\"2021-12-19T22:08:14+00:00\",\"breadcrumb\":{\"@id\":\"https:\/\/shopcopy.medicest.eu\/et\/product\/naonaha-puhastus-meestele\/#breadcrumb\"},\"inLanguage\":\"et\",\"potentialAction\":[{\"@type\":\"ReadAction\",\"target\":[\"https:\/\/shopcopy.medicest.eu\/et\/product\/naonaha-puhastus-meestele\/\"]}]},{\"@type\":\"ImageObject\",\"inLanguage\":\"et\",\"@id\":\"https:\/\/shopcopy.medicest.eu\/et\/product\/naonaha-puhastus-meestele\/#primaryimage\",\"url\":\"https:\/\/shopcopy.medicest.eu\/wp-content\/uploads\/2021\/12\/men-cleaning.jpg\",\"contentUrl\":\"https:\/\/shopcopy.medicest.eu\/wp-content\/uploads\/2021\/12\/men-cleaning.jpg\",\"width\":600,\"height\":600,\"caption\":\"Close -up of a handsome young man receiving facial massage at spa center\"},{\"@type\":\"BreadcrumbList\",\"@id\":\"https:\/\/shopcopy.medicest.eu\/et\/product\/naonaha-puhastus-meestele\/#breadcrumb\",\"itemListElement\":[{\"@type\":\"ListItem\",\"position\":1,\"name\":\"\",\"item\":\"https:\/\/shopcopy.medicest.eu\/et\/\"},{\"@type\":\"ListItem\",\"position\":2,\"name\":\"K\u00f5ik protseduurid\",\"item\":\"https:\/\/shopcopy.medicest.eu\/et\/shop\/\"},{\"@type\":\"ListItem\",\"position\":3,\"name\":\"N\u00e4onaha puhastus meestele\"}]},{\"@type\":\"WebSite\",\"@id\":\"https:\/\/shopcopy.medicest.eu\/#website\",\"url\":\"https:\/\/shopcopy.medicest.eu\/\",\"name\":\"Medic-Esthetic beauty shop\",\"description\":\"Beauty shop\",\"publisher\":{\"@id\":\"https:\/\/shopcopy.medicest.eu\/#organization\"},\"potentialAction\":[{\"@type\":\"SearchAction\",\"target\":{\"@type\":\"EntryPoint\",\"urlTemplate\":\"https:\/\/shopcopy.medicest.eu\/?s={search_term_string}\"},\"query-input\":{\"@type\":\"PropertyValueSpecification\",\"valueRequired\":true,\"valueName\":\"search_term_string\"}}],\"inLanguage\":\"et\"},{\"@type\":\"Organization\",\"@id\":\"https:\/\/shopcopy.medicest.eu\/#organization\",\"name\":\"Medic-Esthetic beauty shop\",\"url\":\"https:\/\/shopcopy.medicest.eu\/\",\"logo\":{\"@type\":\"ImageObject\",\"inLanguage\":\"et\",\"@id\":\"https:\/\/shopcopy.medicest.eu\/#\/schema\/logo\/image\/\",\"url\":\"https:\/\/shopcopy.medicest.eu\/wp-content\/uploads\/2021\/12\/medicest-logo-new2021.png\",\"contentUrl\":\"https:\/\/shopcopy.medicest.eu\/wp-content\/uploads\/2021\/12\/medicest-logo-new2021.png\",\"width\":800,\"height\":211,\"caption\":\"Medic-Esthetic beauty shop\"},\"image\":{\"@id\":\"https:\/\/shopcopy.medicest.eu\/#\/schema\/logo\/image\/\"}}]}<\/script>\n<!-- \/ Yoast SEO plugin. -->","yoast_head_json":{"title":"N\u00e4onaha puhastus meestele - Medic-Esthetic beauty shop","robots":{"index":"index","follow":"follow","max-snippet":"max-snippet:-1","max-image-preview":"max-image-preview:large","max-video-preview":"max-video-preview:-1"},"canonical":"https:\/\/shopcopy.medicest.eu\/et\/product\/naonaha-puhastus-meestele\/","og_locale":"et_EE","og_type":"article","og_title":"N\u00e4onaha puhastus meestele - Medic-Esthetic beauty shop","og_description":"P\u00e4rast olukorra hindamist valib kosmetoloog v\u00e4lja soovitud puhastusviisi v\u00f5i meetmete kogumi, mille eesm\u00e4rk on naha puhastamine, korrigeerimine ja tervendamine. \u200bVajaduse korral on naha t\u00e4ielikuks taastamiseks soovitatav l\u00e4bida mitu protseduuri ja j\u00e4tkata ravi koduste vahenditega. Vahendeid ja nende kasutusviisi aitab valida spetsialist vastavalt kliendi naha omadustele ja elustiilile.  Lisateavet protseduuri kohta","og_url":"https:\/\/shopcopy.medicest.eu\/et\/product\/naonaha-puhastus-meestele\/","og_site_name":"Medic-Esthetic beauty shop","article_modified_time":"2021-12-19T22:08:14+00:00","og_image":[{"width":600,"height":600,"url":"https:\/\/shopcopy.medicest.eu\/wp-content\/uploads\/2021\/12\/men-cleaning.jpg","type":"image\/jpeg"}],"twitter_card":"summary_large_image","twitter_misc":{"Est. reading time":"1 minut"},"schema":{"@context":"https:\/\/schema.org","@graph":[{"@type":"WebPage","@id":"https:\/\/shopcopy.medicest.eu\/et\/product\/naonaha-puhastus-meestele\/","url":"https:\/\/shopcopy.medicest.eu\/et\/product\/naonaha-puhastus-meestele\/","name":"N\u00e4onaha puhastus meestele - Medic-Esthetic beauty shop","isPartOf":{"@id":"https:\/\/shopcopy.medicest.eu\/#website"},"primaryImageOfPage":{"@id":"https:\/\/shopcopy.medicest.eu\/et\/product\/naonaha-puhastus-meestele\/#primaryimage"},"image":{"@id":"https:\/\/shopcopy.medicest.eu\/et\/product\/naonaha-puhastus-meestele\/#primaryimage"},"thumbnailUrl":"https:\/\/shopcopy.medicest.eu\/wp-content\/uploads\/2021\/12\/men-cleaning.jpg","datePublished":"2021-12-09T14:49:39+00:00","dateModified":"2021-12-19T22:08:14+00:00","breadcrumb":{"@id":"https:\/\/shopcopy.medicest.eu\/et\/product\/naonaha-puhastus-meestele\/#breadcrumb"},"inLanguage":"et","potentialAction":[{"@type":"ReadAction","target":["https:\/\/shopcopy.medicest.eu\/et\/product\/naonaha-puhastus-meestele\/"]}]},{"@type":"ImageObject","inLanguage":"et","@id":"https:\/\/shopcopy.medicest.eu\/et\/product\/naonaha-puhastus-meestele\/#primaryimage","url":"https:\/\/shopcopy.medicest.eu\/wp-content\/uploads\/2021\/12\/men-cleaning.jpg","contentUrl":"https:\/\/shopcopy.medicest.eu\/wp-content\/uploads\/2021\/12\/men-cleaning.jpg","width":600,"height":600,"caption":"Close -up of a handsome young man receiving facial massage at spa center"},{"@type":"BreadcrumbList","@id":"https:\/\/shopcopy.medicest.eu\/et\/product\/naonaha-puhastus-meestele\/#breadcrumb","itemListElement":[{"@type":"ListItem","position":1,"name":"","item":"https:\/\/shopcopy.medicest.eu\/et\/"},{"@type":"ListItem","position":2,"name":"K\u00f5ik protseduurid","item":"https:\/\/shopcopy.medicest.eu\/et\/shop\/"},{"@type":"ListItem","position":3,"name":"N\u00e4onaha puhastus meestele"}]},{"@type":"WebSite","@id":"https:\/\/shopcopy.medicest.eu\/#website","url":"https:\/\/shopcopy.medicest.eu\/","name":"Medic-Esthetic beauty shop","description":"Beauty shop","publisher":{"@id":"https:\/\/shopcopy.medicest.eu\/#organization"},"potentialAction":[{"@type":"SearchAction","target":{"@type":"EntryPoint","urlTemplate":"https:\/\/shopcopy.medicest.eu\/?s={search_term_string}"},"query-input":{"@type":"PropertyValueSpecification","valueRequired":true,"valueName":"search_term_string"}}],"inLanguage":"et"},{"@type":"Organization","@id":"https:\/\/shopcopy.medicest.eu\/#organization","name":"Medic-Esthetic beauty shop","url":"https:\/\/shopcopy.medicest.eu\/","logo":{"@type":"ImageObject","inLanguage":"et","@id":"https:\/\/shopcopy.medicest.eu\/#\/schema\/logo\/image\/","url":"https:\/\/shopcopy.medicest.eu\/wp-content\/uploads\/2021\/12\/medicest-logo-new2021.png","contentUrl":"https:\/\/shopcopy.medicest.eu\/wp-content\/uploads\/2021\/12\/medicest-logo-new2021.png","width":800,"height":211,"caption":"Medic-Esthetic beauty shop"},"image":{"@id":"https:\/\/shopcopy.medicest.eu\/#\/schema\/logo\/image\/"}}]}},"_links":{"self":[{"href":"https:\/\/shopcopy.medicest.eu\/et\/wp-json\/wp\/v2\/product\/2837","targetHints":{"allow":["GET"]}}],"collection":[{"href":"https:\/\/shopcopy.medicest.eu\/et\/wp-json\/wp\/v2\/product"}],"about":[{"href":"https:\/\/shopcopy.medicest.eu\/et\/wp-json\/wp\/v2\/types\/product"}],"replies":[{"embeddable":true,"href":"https:\/\/shopcopy.medicest.eu\/et\/wp-json\/wp\/v2\/comments?post=2837"}],"wp:featuredmedia":[{"embeddable":true,"href":"https:\/\/shopcopy.medicest.eu\/et\/wp-json\/wp\/v2\/media\/2834"}],"wp:attachment":[{"href":"https:\/\/shopcopy.medicest.eu\/et\/wp-json\/wp\/v2\/media?parent=2837"}],"wp:term":[{"taxonomy":"product_cat","embeddable":true,"href":"https:\/\/shopcopy.medicest.eu\/et\/wp-json\/wp\/v2\/product_cat?post=2837"},{"taxonomy":"product_tag","embeddable":true,"href":"https:\/\/shopcopy.medicest.eu\/et\/wp-json\/wp\/v2\/product_tag?post=2837"}],"curies":[{"name":"wp","href":"https:\/\/api.w.org\/{rel}","templated":true}]}}