{"id":2992,"date":"2022-01-31T15:16:21","date_gmt":"2022-01-31T13:16:21","guid":{"rendered":"https:\/\/shopcopy.medicest.eu\/product\/ruchnoj-massazh-liczo-sheya-dekolte\/"},"modified":"2022-01-31T15:21:56","modified_gmt":"2022-01-31T13:21:56","slug":"kasimassaaz-nagu-kael-ja-dekoltee","status":"publish","type":"product","link":"https:\/\/shopcopy.medicest.eu\/et\/product\/kasimassaaz-nagu-kael-ja-dekoltee\/","title":{"rendered":"K\u00e4simassaa\u017e: n\u00e4gu, kael ja dekoltee"},"content":{"rendered":"<p>Kosmeetik-mass\u00f6\u00f6ri tehtud professionaalne massaa\u017e l\u00f5dvestab lihaspingeid ning kiirendab kogunenud m\u00fcrkide eemaldumist naha s\u00fcgavatest kihtidest.<\/p>\n<p>Juba seansi esimestel minutitel kogete s\u00f5nulseletamatut l\u00f5\u00f5gastus- ja mugavustunnet ning saate enneolematu kestva positiivse laengu.<\/p>\n<p>Massaa\u017ei k\u00e4igus kasutatav professionaalne kosmeetika sisaldab suures kontsentratsioonis naha kvaliteeti parandavaid aktiivaineid. Tulemuseks on prink, elastne nahk, selged kontuurid ja terve jume.<\/p>\n<p>Nagu praktika n\u00e4itab, saavutavad kliendid parima tulemuse massaa\u017eikuuride regulaarse l\u00e4bimisega. \u00dchekordne protseduur on kahtlemata kasulik, aga mitte nii t\u00f5hus.<\/p>\n<p>Soovitatav kuur on 8-12 protseduuri.<\/p>\n<p>S\u00e4ilitavaid protseduure tehakse \u00fcks-kaks korda kuus.<\/p>\n","protected":false},"excerpt":{"rendered":"<p>Naha kosmeetiline hooldus on esmajoones massaa\u017e, mis parandab vereringet, tugevdab lihaseid, muudab loomulikud kontuurid selgemaks ning naha siledaks ja elastseks.<\/p>\n<p>K\u00e4simassaa\u017e silub kortse, leevendab turseid ja v\u00e4hendab topeltl\u00f5uga.<\/p>\n<p><span style=\"color: #ff0000;\">Valige ripploendist toode:<\/span><\/p>\n","protected":false},"featured_media":2988,"comment_status":"open","ping_status":"closed","template":"","meta":{"ocean_post_layout":"","ocean_both_sidebars_style":"","ocean_both_sidebars_content_width":0,"ocean_both_sidebars_sidebars_width":0,"ocean_sidebar":"0","ocean_second_sidebar":"0","ocean_disable_margins":"enable","ocean_add_body_class":"","ocean_shortcode_before_top_bar":"","ocean_shortcode_after_top_bar":"","ocean_shortcode_before_header":"","ocean_shortcode_after_header":"","ocean_has_shortcode":"","ocean_shortcode_after_title":"","ocean_shortcode_before_footer_widgets":"","ocean_shortcode_after_footer_widgets":"","ocean_shortcode_before_footer_bottom":"","ocean_shortcode_after_footer_bottom":"","ocean_display_top_bar":"default","ocean_display_header":"default","ocean_header_style":"","ocean_center_header_left_menu":"0","ocean_custom_header_template":"0","ocean_custom_logo":0,"ocean_custom_retina_logo":0,"ocean_custom_logo_max_width":0,"ocean_custom_logo_tablet_max_width":0,"ocean_custom_logo_mobile_max_width":0,"ocean_custom_logo_max_height":0,"ocean_custom_logo_tablet_max_height":0,"ocean_custom_logo_mobile_max_height":0,"ocean_header_custom_menu":"0","ocean_menu_typo_font_family":"0","ocean_menu_typo_font_subset":"","ocean_menu_typo_font_size":0,"ocean_menu_typo_font_size_tablet":0,"ocean_menu_typo_font_size_mobile":0,"ocean_menu_typo_font_size_unit":"px","ocean_menu_typo_font_weight":"","ocean_menu_typo_font_weight_tablet":"","ocean_menu_typo_font_weight_mobile":"","ocean_menu_typo_transform":"","ocean_menu_typo_transform_tablet":"","ocean_menu_typo_transform_mobile":"","ocean_menu_typo_line_height":0,"ocean_menu_typo_line_height_tablet":0,"ocean_menu_typo_line_height_mobile":0,"ocean_menu_typo_line_height_unit":"","ocean_menu_typo_spacing":0,"ocean_menu_typo_spacing_tablet":0,"ocean_menu_typo_spacing_mobile":0,"ocean_menu_typo_spacing_unit":"","ocean_menu_link_color":"","ocean_menu_link_color_hover":"","ocean_menu_link_color_active":"","ocean_menu_link_background":"","ocean_menu_link_hover_background":"","ocean_menu_link_active_background":"","ocean_menu_social_links_bg":"","ocean_menu_social_hover_links_bg":"","ocean_menu_social_links_color":"","ocean_menu_social_hover_links_color":"","ocean_disable_title":"default","ocean_disable_heading":"default","ocean_post_title":"","ocean_post_subheading":"","ocean_post_title_style":"","ocean_post_title_background_color":"","ocean_post_title_background":0,"ocean_post_title_bg_image_position":"","ocean_post_title_bg_image_attachment":"","ocean_post_title_bg_image_repeat":"","ocean_post_title_bg_image_size":"","ocean_post_title_height":0,"ocean_post_title_bg_overlay":0.5,"ocean_post_title_bg_overlay_color":"","ocean_disable_breadcrumbs":"default","ocean_breadcrumbs_color":"","ocean_breadcrumbs_separator_color":"","ocean_breadcrumbs_links_color":"","ocean_breadcrumbs_links_hover_color":"","ocean_display_footer_widgets":"default","ocean_display_footer_bottom":"default","ocean_custom_footer_template":"0"},"product_cat":[85],"product_tag":[],"class_list":{"0":"post-2992","1":"product","2":"type-product","3":"status-publish","4":"has-post-thumbnail","6":"product_cat-naohooldused","8":"entry","9":"has-media","11":"first","12":"instock","13":"taxable","14":"shipping-taxable","15":"purchasable","16":"product-type-variable","17":"has-product-nav","18":"col","19":"span_1_of_4","20":"owp-content-center","21":"owp-thumbs-layout-vertical","22":"owp-btn-normal","23":"owp-tabs-layout-vertical","24":"has-no-thumbnails","26":"circle-sale"},"yoast_head":"<!-- This site is optimized with the Yoast SEO plugin v23.6 - https:\/\/yoast.com\/wordpress\/plugins\/seo\/ -->\n<title>K\u00e4simassaa\u017e: n\u00e4gu, kael ja dekoltee - Medic-Esthetic beauty shop<\/title>\n<meta name=\"robots\" content=\"index, follow, max-snippet:-1, max-image-preview:large, max-video-preview:-1\" \/>\n<link rel=\"canonical\" href=\"https:\/\/shopcopy.medicest.eu\/et\/product\/kasimassaaz-nagu-kael-ja-dekoltee\/\" \/>\n<meta property=\"og:locale\" content=\"et_EE\" \/>\n<meta property=\"og:type\" content=\"article\" \/>\n<meta property=\"og:title\" content=\"K\u00e4simassaa\u017e: n\u00e4gu, kael ja dekoltee - Medic-Esthetic beauty shop\" \/>\n<meta property=\"og:description\" content=\"Naha kosmeetiline hooldus on esmajoones massaa\u017e, mis parandab vereringet, tugevdab lihaseid, muudab loomulikud kontuurid selgemaks ning naha siledaks ja elastseks.  K\u00e4simassaa\u017e silub kortse, leevendab turseid ja v\u00e4hendab topeltl\u00f5uga.  Valige ripploendist toode:\" \/>\n<meta property=\"og:url\" content=\"https:\/\/shopcopy.medicest.eu\/et\/product\/kasimassaaz-nagu-kael-ja-dekoltee\/\" \/>\n<meta property=\"og:site_name\" content=\"Medic-Esthetic beauty shop\" \/>\n<meta property=\"article:modified_time\" content=\"2022-01-31T13:21:56+00:00\" \/>\n<meta property=\"og:image\" content=\"https:\/\/shopcopy.medicest.eu\/wp-content\/uploads\/2022\/01\/massaz.jpg\" \/>\n\t<meta property=\"og:image:width\" content=\"1400\" \/>\n\t<meta property=\"og:image:height\" content=\"1400\" \/>\n\t<meta property=\"og:image:type\" content=\"image\/jpeg\" \/>\n<meta name=\"twitter:card\" content=\"summary_large_image\" \/>\n<script type=\"application\/ld+json\" class=\"yoast-schema-graph\">{\"@context\":\"https:\/\/schema.org\",\"@graph\":[{\"@type\":\"WebPage\",\"@id\":\"https:\/\/shopcopy.medicest.eu\/et\/product\/kasimassaaz-nagu-kael-ja-dekoltee\/\",\"url\":\"https:\/\/shopcopy.medicest.eu\/et\/product\/kasimassaaz-nagu-kael-ja-dekoltee\/\",\"name\":\"K\u00e4simassaa\u017e: n\u00e4gu, kael ja dekoltee - Medic-Esthetic beauty shop\",\"isPartOf\":{\"@id\":\"https:\/\/shopcopy.medicest.eu\/#website\"},\"primaryImageOfPage\":{\"@id\":\"https:\/\/shopcopy.medicest.eu\/et\/product\/kasimassaaz-nagu-kael-ja-dekoltee\/#primaryimage\"},\"image\":{\"@id\":\"https:\/\/shopcopy.medicest.eu\/et\/product\/kasimassaaz-nagu-kael-ja-dekoltee\/#primaryimage\"},\"thumbnailUrl\":\"https:\/\/shopcopy.medicest.eu\/wp-content\/uploads\/2022\/01\/massaz.jpg\",\"datePublished\":\"2022-01-31T13:16:21+00:00\",\"dateModified\":\"2022-01-31T13:21:56+00:00\",\"breadcrumb\":{\"@id\":\"https:\/\/shopcopy.medicest.eu\/et\/product\/kasimassaaz-nagu-kael-ja-dekoltee\/#breadcrumb\"},\"inLanguage\":\"et\",\"potentialAction\":[{\"@type\":\"ReadAction\",\"target\":[\"https:\/\/shopcopy.medicest.eu\/et\/product\/kasimassaaz-nagu-kael-ja-dekoltee\/\"]}]},{\"@type\":\"ImageObject\",\"inLanguage\":\"et\",\"@id\":\"https:\/\/shopcopy.medicest.eu\/et\/product\/kasimassaaz-nagu-kael-ja-dekoltee\/#primaryimage\",\"url\":\"https:\/\/shopcopy.medicest.eu\/wp-content\/uploads\/2022\/01\/massaz.jpg\",\"contentUrl\":\"https:\/\/shopcopy.medicest.eu\/wp-content\/uploads\/2022\/01\/massaz.jpg\",\"width\":1400,\"height\":1400},{\"@type\":\"BreadcrumbList\",\"@id\":\"https:\/\/shopcopy.medicest.eu\/et\/product\/kasimassaaz-nagu-kael-ja-dekoltee\/#breadcrumb\",\"itemListElement\":[{\"@type\":\"ListItem\",\"position\":1,\"name\":\"\",\"item\":\"https:\/\/shopcopy.medicest.eu\/et\/\"},{\"@type\":\"ListItem\",\"position\":2,\"name\":\"K\u00f5ik protseduurid\",\"item\":\"https:\/\/shopcopy.medicest.eu\/et\/shop\/\"},{\"@type\":\"ListItem\",\"position\":3,\"name\":\"K\u00e4simassaa\u017e: n\u00e4gu, kael ja dekoltee\"}]},{\"@type\":\"WebSite\",\"@id\":\"https:\/\/shopcopy.medicest.eu\/#website\",\"url\":\"https:\/\/shopcopy.medicest.eu\/\",\"name\":\"Medic-Esthetic beauty shop\",\"description\":\"Beauty shop\",\"publisher\":{\"@id\":\"https:\/\/shopcopy.medicest.eu\/#organization\"},\"potentialAction\":[{\"@type\":\"SearchAction\",\"target\":{\"@type\":\"EntryPoint\",\"urlTemplate\":\"https:\/\/shopcopy.medicest.eu\/?s={search_term_string}\"},\"query-input\":{\"@type\":\"PropertyValueSpecification\",\"valueRequired\":true,\"valueName\":\"search_term_string\"}}],\"inLanguage\":\"et\"},{\"@type\":\"Organization\",\"@id\":\"https:\/\/shopcopy.medicest.eu\/#organization\",\"name\":\"Medic-Esthetic beauty shop\",\"url\":\"https:\/\/shopcopy.medicest.eu\/\",\"logo\":{\"@type\":\"ImageObject\",\"inLanguage\":\"et\",\"@id\":\"https:\/\/shopcopy.medicest.eu\/#\/schema\/logo\/image\/\",\"url\":\"https:\/\/shopcopy.medicest.eu\/wp-content\/uploads\/2021\/12\/medicest-logo-new2021.png\",\"contentUrl\":\"https:\/\/shopcopy.medicest.eu\/wp-content\/uploads\/2021\/12\/medicest-logo-new2021.png\",\"width\":800,\"height\":211,\"caption\":\"Medic-Esthetic beauty shop\"},\"image\":{\"@id\":\"https:\/\/shopcopy.medicest.eu\/#\/schema\/logo\/image\/\"}}]}<\/script>\n<!-- \/ Yoast SEO plugin. -->","yoast_head_json":{"title":"K\u00e4simassaa\u017e: n\u00e4gu, kael ja dekoltee - Medic-Esthetic beauty shop","robots":{"index":"index","follow":"follow","max-snippet":"max-snippet:-1","max-image-preview":"max-image-preview:large","max-video-preview":"max-video-preview:-1"},"canonical":"https:\/\/shopcopy.medicest.eu\/et\/product\/kasimassaaz-nagu-kael-ja-dekoltee\/","og_locale":"et_EE","og_type":"article","og_title":"K\u00e4simassaa\u017e: n\u00e4gu, kael ja dekoltee - Medic-Esthetic beauty shop","og_description":"Naha kosmeetiline hooldus on esmajoones massaa\u017e, mis parandab vereringet, tugevdab lihaseid, muudab loomulikud kontuurid selgemaks ning naha siledaks ja elastseks.  K\u00e4simassaa\u017e silub kortse, leevendab turseid ja v\u00e4hendab topeltl\u00f5uga.  Valige ripploendist toode:","og_url":"https:\/\/shopcopy.medicest.eu\/et\/product\/kasimassaaz-nagu-kael-ja-dekoltee\/","og_site_name":"Medic-Esthetic beauty shop","article_modified_time":"2022-01-31T13:21:56+00:00","og_image":[{"width":1400,"height":1400,"url":"https:\/\/shopcopy.medicest.eu\/wp-content\/uploads\/2022\/01\/massaz.jpg","type":"image\/jpeg"}],"twitter_card":"summary_large_image","schema":{"@context":"https:\/\/schema.org","@graph":[{"@type":"WebPage","@id":"https:\/\/shopcopy.medicest.eu\/et\/product\/kasimassaaz-nagu-kael-ja-dekoltee\/","url":"https:\/\/shopcopy.medicest.eu\/et\/product\/kasimassaaz-nagu-kael-ja-dekoltee\/","name":"K\u00e4simassaa\u017e: n\u00e4gu, kael ja dekoltee - Medic-Esthetic beauty shop","isPartOf":{"@id":"https:\/\/shopcopy.medicest.eu\/#website"},"primaryImageOfPage":{"@id":"https:\/\/shopcopy.medicest.eu\/et\/product\/kasimassaaz-nagu-kael-ja-dekoltee\/#primaryimage"},"image":{"@id":"https:\/\/shopcopy.medicest.eu\/et\/product\/kasimassaaz-nagu-kael-ja-dekoltee\/#primaryimage"},"thumbnailUrl":"https:\/\/shopcopy.medicest.eu\/wp-content\/uploads\/2022\/01\/massaz.jpg","datePublished":"2022-01-31T13:16:21+00:00","dateModified":"2022-01-31T13:21:56+00:00","breadcrumb":{"@id":"https:\/\/shopcopy.medicest.eu\/et\/product\/kasimassaaz-nagu-kael-ja-dekoltee\/#breadcrumb"},"inLanguage":"et","potentialAction":[{"@type":"ReadAction","target":["https:\/\/shopcopy.medicest.eu\/et\/product\/kasimassaaz-nagu-kael-ja-dekoltee\/"]}]},{"@type":"ImageObject","inLanguage":"et","@id":"https:\/\/shopcopy.medicest.eu\/et\/product\/kasimassaaz-nagu-kael-ja-dekoltee\/#primaryimage","url":"https:\/\/shopcopy.medicest.eu\/wp-content\/uploads\/2022\/01\/massaz.jpg","contentUrl":"https:\/\/shopcopy.medicest.eu\/wp-content\/uploads\/2022\/01\/massaz.jpg","width":1400,"height":1400},{"@type":"BreadcrumbList","@id":"https:\/\/shopcopy.medicest.eu\/et\/product\/kasimassaaz-nagu-kael-ja-dekoltee\/#breadcrumb","itemListElement":[{"@type":"ListItem","position":1,"name":"","item":"https:\/\/shopcopy.medicest.eu\/et\/"},{"@type":"ListItem","position":2,"name":"K\u00f5ik protseduurid","item":"https:\/\/shopcopy.medicest.eu\/et\/shop\/"},{"@type":"ListItem","position":3,"name":"K\u00e4simassaa\u017e: n\u00e4gu, kael ja dekoltee"}]},{"@type":"WebSite","@id":"https:\/\/shopcopy.medicest.eu\/#website","url":"https:\/\/shopcopy.medicest.eu\/","name":"Medic-Esthetic beauty shop","description":"Beauty shop","publisher":{"@id":"https:\/\/shopcopy.medicest.eu\/#organization"},"potentialAction":[{"@type":"SearchAction","target":{"@type":"EntryPoint","urlTemplate":"https:\/\/shopcopy.medicest.eu\/?s={search_term_string}"},"query-input":{"@type":"PropertyValueSpecification","valueRequired":true,"valueName":"search_term_string"}}],"inLanguage":"et"},{"@type":"Organization","@id":"https:\/\/shopcopy.medicest.eu\/#organization","name":"Medic-Esthetic beauty shop","url":"https:\/\/shopcopy.medicest.eu\/","logo":{"@type":"ImageObject","inLanguage":"et","@id":"https:\/\/shopcopy.medicest.eu\/#\/schema\/logo\/image\/","url":"https:\/\/shopcopy.medicest.eu\/wp-content\/uploads\/2021\/12\/medicest-logo-new2021.png","contentUrl":"https:\/\/shopcopy.medicest.eu\/wp-content\/uploads\/2021\/12\/medicest-logo-new2021.png","width":800,"height":211,"caption":"Medic-Esthetic beauty shop"},"image":{"@id":"https:\/\/shopcopy.medicest.eu\/#\/schema\/logo\/image\/"}}]}},"_links":{"self":[{"href":"https:\/\/shopcopy.medicest.eu\/et\/wp-json\/wp\/v2\/product\/2992","targetHints":{"allow":["GET"]}}],"collection":[{"href":"https:\/\/shopcopy.medicest.eu\/et\/wp-json\/wp\/v2\/product"}],"about":[{"href":"https:\/\/shopcopy.medicest.eu\/et\/wp-json\/wp\/v2\/types\/product"}],"replies":[{"embeddable":true,"href":"https:\/\/shopcopy.medicest.eu\/et\/wp-json\/wp\/v2\/comments?post=2992"}],"wp:featuredmedia":[{"embeddable":true,"href":"https:\/\/shopcopy.medicest.eu\/et\/wp-json\/wp\/v2\/media\/2988"}],"wp:attachment":[{"href":"https:\/\/shopcopy.medicest.eu\/et\/wp-json\/wp\/v2\/media?parent=2992"}],"wp:term":[{"taxonomy":"product_cat","embeddable":true,"href":"https:\/\/shopcopy.medicest.eu\/et\/wp-json\/wp\/v2\/product_cat?post=2992"},{"taxonomy":"product_tag","embeddable":true,"href":"https:\/\/shopcopy.medicest.eu\/et\/wp-json\/wp\/v2\/product_tag?post=2992"}],"curies":[{"name":"wp","href":"https:\/\/api.w.org\/{rel}","templated":true}]}}