{"id":3036,"date":"2022-02-09T14:06:20","date_gmt":"2022-02-09T12:06:20","guid":{"rendered":"https:\/\/shopcopy.medicest.eu\/product\/piling-renophase\/"},"modified":"2024-02-01T23:02:04","modified_gmt":"2024-02-01T21:02:04","slug":"piling-renophase","status":"publish","type":"product","link":"https:\/\/shopcopy.medicest.eu\/et\/product\/piling-renophase\/","title":{"rendered":"Piiling Renophase"},"content":{"rendered":"<section class=\"elementor-section elementor-top-section elementor-element elementor-element-7db1f58 elementor-section-boxed elementor-section-height-default elementor-section-height-default\" data-id=\"7db1f58\" data-element_type=\"section\">\n<div class=\"elementor-container elementor-column-gap-default\">\n<div class=\"elementor-column elementor-col-100 elementor-top-column elementor-element elementor-element-1d24ea1\" data-id=\"1d24ea1\" data-element_type=\"column\">\n<div class=\"elementor-widget-wrap elementor-element-populated\">\n<div class=\"elementor-element elementor-element-55bd309 elementor-widget elementor-widget-text-editor\" data-id=\"55bd309\" data-element_type=\"widget\" data-widget_type=\"text-editor.default\">\n<div class=\"elementor-widget-container\">\n<h3><b>Piiling Renew Collagens\u00a0<\/b><\/h3>\n<p>Protseduur on m\u00f5eldud naharakkude uuendamiseks, naha loomiliku vananemisprotsesside aeglustamiseks, nahaaluskoe tugevdamiseks ning veresoonkonna tugevdamiseks. Aktiveerib intentsiivselt kollageenvalke tootma kollageenkiude.<\/p>\n<p>Protseduuri l\u00e4biviimisel kasutatakse 2,0 ph-ga 65%-list gl\u00fckoolhapet koos aktiivainetega, mida hoitakse ja messeeritakse n\u00e4ol 5 \u2013 15 minutit, mille j\u00e4rgselt kantakse n\u00e4ole rahustav kreem ning naha t\u00fc\u00fcbile ja probleemile sobiv mask.<\/p>\n<p>Sobilik ka kuuliseks protseduuriks v\u00f5i enne s\u00fcstimise protseduure.<\/p>\n<p><strong>N\u00e4idustused:<\/strong><\/p>\n<ul>\n<li aria-level=\"1\">ilmsete vananemisilmingutega nahale peale 35 \u2013 40 eluaastat;<\/li>\n<li aria-level=\"1\">kuiv nahk, kortsude v\u00f5rgustik;<\/li>\n<li aria-level=\"1\">langenud naha toonus;<\/li>\n<li aria-level=\"1\">eel- ja postoperatiivne hooldus.<\/li>\n<\/ul>\n<p><strong>Vastun\u00e4idustused:<\/strong><\/p>\n<ul>\n<li aria-level=\"1\">viirusnakkus;<\/li>\n<li aria-level=\"1\">naha p\u00f5letikulised haigused;<\/li>\n<li aria-level=\"1\">vigastatud nahapind;<\/li>\n<li aria-level=\"1\">protseduuriks kasutatavate preparaatide mittetaluvus.<\/li>\n<\/ul>\n<\/div>\n<\/div>\n<div class=\"elementor-element elementor-element-5bd2971 elementor-widget-divider--view-line elementor-widget elementor-widget-divider\" data-id=\"5bd2971\" data-element_type=\"widget\" data-widget_type=\"divider.default\">\n<div class=\"elementor-widget-container\">\n<div class=\"elementor-divider\"><\/div>\n<\/div>\n<\/div>\n<\/div>\n<\/div>\n<\/div>\n<\/section>\n<section class=\"elementor-section elementor-top-section elementor-element elementor-element-2efd8f8 elementor-section-boxed elementor-section-height-default elementor-section-height-default\" data-id=\"2efd8f8\" data-element_type=\"section\">\n<div class=\"elementor-container elementor-column-gap-default\">\n<div class=\"elementor-column elementor-col-100 elementor-top-column elementor-element elementor-element-60f5929\" data-id=\"60f5929\" data-element_type=\"column\">\n<div class=\"elementor-widget-wrap elementor-element-populated\">\n<div class=\"elementor-element elementor-element-6ee2730 elementor-widget elementor-widget-text-editor\" data-id=\"6ee2730\" data-element_type=\"widget\" data-widget_type=\"text-editor.default\">\n<div class=\"elementor-widget-container\">\n<h3><b>Piiling Renophase Mandelic<br \/>\n<\/b><\/h3>\n<p>Koorimise protseduuri l\u00e4biviimisel kasutatakse 40%-list mandelhapet, mida saadakse m\u00f5rumandlitest. See on k\u00f5rgete antibakteriaalsete omadustega ja k\u00f5rgema pH-ga kui enamus AHA happeid, mist\u00f5ttu sobivus erinevate nahat\u00fc\u00fcpidele on suurep\u00e4rane. Efektiivselt m\u00f5juv pehme hape pleegitab pigmendi laike (ka melasma laike), ergutab kollageenvalku ja eemaldab p\u00f5letikulised k\u00fchmud nahalt. Protseduuri k\u00e4igus eemaldatakse pehmelt surnud rakud ning lastakse tervetel ja t\u00e4idlastel rakkudel n\u00e4htavale tulla.<\/p>\n<p><strong>N\u00e4idustused:<\/strong><\/p>\n<ul>\n<li aria-level=\"1\">fotovananemine<\/li>\n<li aria-level=\"1\">kortsude v\u00f5rgustik<\/li>\n<li aria-level=\"1\">akne, kuperoosa, rosaatsea<\/li>\n<li aria-level=\"1\">stressis, kuiv, \u00f5huke ja tundlik nahk<\/li>\n<li aria-level=\"1\">h\u00fcperkeratoos<\/li>\n<li aria-level=\"1\">melasma<\/li>\n<li aria-level=\"1\">eel- ja postoperatiivne hooldus<\/li>\n<\/ul>\n<p><strong>Vastun\u00e4idustused:<\/strong><\/p>\n<ul>\n<li aria-level=\"1\">viirusnakkus<\/li>\n<li aria-level=\"1\">naha p\u00f5letikulised haigused<\/li>\n<li aria-level=\"1\">vigastatud nahapind<\/li>\n<li aria-level=\"1\">protseduuriks kasutatavate preparaatide mittetaluvus<\/li>\n<\/ul>\n<\/div>\n<\/div>\n<div class=\"elementor-element elementor-element-6238fd5 elementor-widget-divider--view-line elementor-widget elementor-widget-divider\" data-id=\"6238fd5\" data-element_type=\"widget\" data-widget_type=\"divider.default\">\n<div class=\"elementor-widget-container\">\n<div class=\"elementor-divider\"><\/div>\n<\/div>\n<\/div>\n<\/div>\n<\/div>\n<\/div>\n<\/section>\n<section class=\"elementor-section elementor-top-section elementor-element elementor-element-db54f74 elementor-section-boxed elementor-section-height-default elementor-section-height-default\" data-id=\"db54f74\" data-element_type=\"section\">\n<div class=\"elementor-container elementor-column-gap-default\">\n<div class=\"elementor-column elementor-col-100 elementor-top-column elementor-element elementor-element-5202a67\" data-id=\"5202a67\" data-element_type=\"column\">\n<div class=\"elementor-widget-wrap elementor-element-populated\">\n<div class=\"elementor-element elementor-element-93bd090 elementor-widget elementor-widget-text-editor\" data-id=\"93bd090\" data-element_type=\"widget\" data-widget_type=\"text-editor.default\">\n<div class=\"elementor-widget-container\">\n<h3><b>Piiling Renophase RenewLift<br \/>\n<\/b><\/h3>\n<p>Pinguldamine, t\u00f5stmine, kontuur<\/p>\n<p>Protseduur sobib naha ealiste muutuste korrektsiooniks, naha loomuliku vananemisprotsessi aeglustamiseks, vereringe parandamiseks, lihastes toimuvate protsesside aktiviseerimiseks.<\/p>\n<p><strong>N\u00e4idustused:<\/strong><\/p>\n<ul>\n<li aria-level=\"1\">ilmsete vananemisilmingutega nahale peale 40 \u2013 45 eluaastat;<\/li>\n<li aria-level=\"1\">kuiv nahk, kortsude v\u00f5rgustik;<\/li>\n<li aria-level=\"1\">h\u00fcperkeratoos;<\/li>\n<li aria-level=\"1\">eel- ja postoperatiivne hooldus.<\/li>\n<\/ul>\n<p><strong>Vastun\u00e4idustused:<\/strong><\/p>\n<ul>\n<li aria-level=\"1\">viirusnakkus;<\/li>\n<li aria-level=\"1\">naha p\u00f5letikulised haigused;<\/li>\n<li aria-level=\"1\">vigastatud nahapind;<\/li>\n<li aria-level=\"1\">protseduuriks kasutatavate preparaatide mittetaluvus.<\/li>\n<\/ul>\n<\/div>\n<\/div>\n<\/div>\n<\/div>\n<\/div>\n<\/section>\n","protected":false},"excerpt":{"rendered":"<p>Professionaalsel kosmeetikal Renophase pole maailmas analooge ja seda kasutatakse edukalt juhtivates kliinikutes \u00fcle kogu maailma. Renophase professionaalne kosmeetika ja uued Renophase koorimistehnoloogiad korrigeerivad vanusega seotud nahamuutusi.<\/p>\n<p><span style=\"color: #ff0000;\">Valige ripploendist toode:<\/span><\/p>\n","protected":false},"featured_media":3027,"comment_status":"open","ping_status":"closed","template":"","meta":{"ocean_post_layout":"","ocean_both_sidebars_style":"","ocean_both_sidebars_content_width":0,"ocean_both_sidebars_sidebars_width":0,"ocean_sidebar":"0","ocean_second_sidebar":"0","ocean_disable_margins":"enable","ocean_add_body_class":"","ocean_shortcode_before_top_bar":"","ocean_shortcode_after_top_bar":"","ocean_shortcode_before_header":"","ocean_shortcode_after_header":"","ocean_has_shortcode":"","ocean_shortcode_after_title":"","ocean_shortcode_before_footer_widgets":"","ocean_shortcode_after_footer_widgets":"","ocean_shortcode_before_footer_bottom":"","ocean_shortcode_after_footer_bottom":"","ocean_display_top_bar":"default","ocean_display_header":"default","ocean_header_style":"","ocean_center_header_left_menu":"0","ocean_custom_header_template":"0","ocean_custom_logo":0,"ocean_custom_retina_logo":0,"ocean_custom_logo_max_width":0,"ocean_custom_logo_tablet_max_width":0,"ocean_custom_logo_mobile_max_width":0,"ocean_custom_logo_max_height":0,"ocean_custom_logo_tablet_max_height":0,"ocean_custom_logo_mobile_max_height":0,"ocean_header_custom_menu":"0","ocean_menu_typo_font_family":"0","ocean_menu_typo_font_subset":"","ocean_menu_typo_font_size":0,"ocean_menu_typo_font_size_tablet":0,"ocean_menu_typo_font_size_mobile":0,"ocean_menu_typo_font_size_unit":"px","ocean_menu_typo_font_weight":"","ocean_menu_typo_font_weight_tablet":"","ocean_menu_typo_font_weight_mobile":"","ocean_menu_typo_transform":"","ocean_menu_typo_transform_tablet":"","ocean_menu_typo_transform_mobile":"","ocean_menu_typo_line_height":0,"ocean_menu_typo_line_height_tablet":0,"ocean_menu_typo_line_height_mobile":0,"ocean_menu_typo_line_height_unit":"","ocean_menu_typo_spacing":0,"ocean_menu_typo_spacing_tablet":0,"ocean_menu_typo_spacing_mobile":0,"ocean_menu_typo_spacing_unit":"","ocean_menu_link_color":"","ocean_menu_link_color_hover":"","ocean_menu_link_color_active":"","ocean_menu_link_background":"","ocean_menu_link_hover_background":"","ocean_menu_link_active_background":"","ocean_menu_social_links_bg":"","ocean_menu_social_hover_links_bg":"","ocean_menu_social_links_color":"","ocean_menu_social_hover_links_color":"","ocean_disable_title":"default","ocean_disable_heading":"default","ocean_post_title":"","ocean_post_subheading":"","ocean_post_title_style":"","ocean_post_title_background_color":"","ocean_post_title_background":0,"ocean_post_title_bg_image_position":"","ocean_post_title_bg_image_attachment":"","ocean_post_title_bg_image_repeat":"","ocean_post_title_bg_image_size":"","ocean_post_title_height":0,"ocean_post_title_bg_overlay":0.5,"ocean_post_title_bg_overlay_color":"","ocean_disable_breadcrumbs":"default","ocean_breadcrumbs_color":"","ocean_breadcrumbs_separator_color":"","ocean_breadcrumbs_links_color":"","ocean_breadcrumbs_links_hover_color":"","ocean_display_footer_widgets":"default","ocean_display_footer_bottom":"default","ocean_custom_footer_template":"0"},"product_cat":[377],"product_tag":[],"class_list":{"0":"post-3036","1":"product","2":"type-product","3":"status-publish","4":"has-post-thumbnail","6":"product_cat-piilingud","8":"entry","9":"has-media","11":"first","12":"instock","13":"taxable","14":"shipping-taxable","15":"purchasable","16":"product-type-variable","17":"has-product-nav","18":"col","19":"span_1_of_4","20":"owp-content-center","21":"owp-thumbs-layout-vertical","22":"owp-btn-normal","23":"owp-tabs-layout-vertical","24":"has-no-thumbnails","26":"circle-sale"},"yoast_head":"<!-- This site is optimized with the Yoast SEO plugin v23.6 - https:\/\/yoast.com\/wordpress\/plugins\/seo\/ -->\n<title>Piiling Renophase - Medic-Esthetic beauty shop<\/title>\n<meta name=\"robots\" content=\"index, follow, max-snippet:-1, max-image-preview:large, max-video-preview:-1\" \/>\n<link rel=\"canonical\" href=\"https:\/\/shopcopy.medicest.eu\/et\/product\/piling-renophase\/\" \/>\n<meta property=\"og:locale\" content=\"et_EE\" \/>\n<meta property=\"og:type\" content=\"article\" \/>\n<meta property=\"og:title\" content=\"Piiling Renophase - Medic-Esthetic beauty shop\" \/>\n<meta property=\"og:description\" content=\"Professionaalsel kosmeetikal Renophase pole maailmas analooge ja seda kasutatakse edukalt juhtivates kliinikutes \u00fcle kogu maailma. Renophase professionaalne kosmeetika ja uued Renophase koorimistehnoloogiad korrigeerivad vanusega seotud nahamuutusi.  Valige ripploendist toode:\" \/>\n<meta property=\"og:url\" content=\"https:\/\/shopcopy.medicest.eu\/et\/product\/piling-renophase\/\" \/>\n<meta property=\"og:site_name\" content=\"Medic-Esthetic beauty shop\" \/>\n<meta property=\"article:modified_time\" content=\"2024-02-01T21:02:04+00:00\" \/>\n<meta property=\"og:image\" content=\"https:\/\/shopcopy.medicest.eu\/wp-content\/uploads\/2022\/02\/facial-renophase-tallinn.jpg\" \/>\n\t<meta property=\"og:image:width\" content=\"600\" \/>\n\t<meta property=\"og:image:height\" content=\"600\" \/>\n\t<meta property=\"og:image:type\" content=\"image\/jpeg\" \/>\n<meta name=\"twitter:card\" content=\"summary_large_image\" \/>\n<meta name=\"twitter:label1\" content=\"Est. reading time\" \/>\n\t<meta name=\"twitter:data1\" content=\"2 minutit\" \/>\n<script type=\"application\/ld+json\" class=\"yoast-schema-graph\">{\"@context\":\"https:\/\/schema.org\",\"@graph\":[{\"@type\":\"WebPage\",\"@id\":\"https:\/\/shopcopy.medicest.eu\/et\/product\/piling-renophase\/\",\"url\":\"https:\/\/shopcopy.medicest.eu\/et\/product\/piling-renophase\/\",\"name\":\"Piiling Renophase - Medic-Esthetic beauty shop\",\"isPartOf\":{\"@id\":\"https:\/\/shopcopy.medicest.eu\/#website\"},\"primaryImageOfPage\":{\"@id\":\"https:\/\/shopcopy.medicest.eu\/et\/product\/piling-renophase\/#primaryimage\"},\"image\":{\"@id\":\"https:\/\/shopcopy.medicest.eu\/et\/product\/piling-renophase\/#primaryimage\"},\"thumbnailUrl\":\"https:\/\/shopcopy.medicest.eu\/wp-content\/uploads\/2022\/02\/facial-renophase-tallinn.jpg\",\"datePublished\":\"2022-02-09T12:06:20+00:00\",\"dateModified\":\"2024-02-01T21:02:04+00:00\",\"breadcrumb\":{\"@id\":\"https:\/\/shopcopy.medicest.eu\/et\/product\/piling-renophase\/#breadcrumb\"},\"inLanguage\":\"et\",\"potentialAction\":[{\"@type\":\"ReadAction\",\"target\":[\"https:\/\/shopcopy.medicest.eu\/et\/product\/piling-renophase\/\"]}]},{\"@type\":\"ImageObject\",\"inLanguage\":\"et\",\"@id\":\"https:\/\/shopcopy.medicest.eu\/et\/product\/piling-renophase\/#primaryimage\",\"url\":\"https:\/\/shopcopy.medicest.eu\/wp-content\/uploads\/2022\/02\/facial-renophase-tallinn.jpg\",\"contentUrl\":\"https:\/\/shopcopy.medicest.eu\/wp-content\/uploads\/2022\/02\/facial-renophase-tallinn.jpg\",\"width\":600,\"height\":600},{\"@type\":\"BreadcrumbList\",\"@id\":\"https:\/\/shopcopy.medicest.eu\/et\/product\/piling-renophase\/#breadcrumb\",\"itemListElement\":[{\"@type\":\"ListItem\",\"position\":1,\"name\":\"\",\"item\":\"https:\/\/shopcopy.medicest.eu\/et\/\"},{\"@type\":\"ListItem\",\"position\":2,\"name\":\"K\u00f5ik protseduurid\",\"item\":\"https:\/\/shopcopy.medicest.eu\/et\/shop\/\"},{\"@type\":\"ListItem\",\"position\":3,\"name\":\"Piiling Renophase\"}]},{\"@type\":\"WebSite\",\"@id\":\"https:\/\/shopcopy.medicest.eu\/#website\",\"url\":\"https:\/\/shopcopy.medicest.eu\/\",\"name\":\"Medic-Esthetic beauty shop\",\"description\":\"Beauty shop\",\"publisher\":{\"@id\":\"https:\/\/shopcopy.medicest.eu\/#organization\"},\"potentialAction\":[{\"@type\":\"SearchAction\",\"target\":{\"@type\":\"EntryPoint\",\"urlTemplate\":\"https:\/\/shopcopy.medicest.eu\/?s={search_term_string}\"},\"query-input\":{\"@type\":\"PropertyValueSpecification\",\"valueRequired\":true,\"valueName\":\"search_term_string\"}}],\"inLanguage\":\"et\"},{\"@type\":\"Organization\",\"@id\":\"https:\/\/shopcopy.medicest.eu\/#organization\",\"name\":\"Medic-Esthetic beauty shop\",\"url\":\"https:\/\/shopcopy.medicest.eu\/\",\"logo\":{\"@type\":\"ImageObject\",\"inLanguage\":\"et\",\"@id\":\"https:\/\/shopcopy.medicest.eu\/#\/schema\/logo\/image\/\",\"url\":\"https:\/\/shopcopy.medicest.eu\/wp-content\/uploads\/2021\/12\/medicest-logo-new2021.png\",\"contentUrl\":\"https:\/\/shopcopy.medicest.eu\/wp-content\/uploads\/2021\/12\/medicest-logo-new2021.png\",\"width\":800,\"height\":211,\"caption\":\"Medic-Esthetic beauty shop\"},\"image\":{\"@id\":\"https:\/\/shopcopy.medicest.eu\/#\/schema\/logo\/image\/\"}}]}<\/script>\n<!-- \/ Yoast SEO plugin. -->","yoast_head_json":{"title":"Piiling Renophase - Medic-Esthetic beauty shop","robots":{"index":"index","follow":"follow","max-snippet":"max-snippet:-1","max-image-preview":"max-image-preview:large","max-video-preview":"max-video-preview:-1"},"canonical":"https:\/\/shopcopy.medicest.eu\/et\/product\/piling-renophase\/","og_locale":"et_EE","og_type":"article","og_title":"Piiling Renophase - Medic-Esthetic beauty shop","og_description":"Professionaalsel kosmeetikal Renophase pole maailmas analooge ja seda kasutatakse edukalt juhtivates kliinikutes \u00fcle kogu maailma. Renophase professionaalne kosmeetika ja uued Renophase koorimistehnoloogiad korrigeerivad vanusega seotud nahamuutusi.  Valige ripploendist toode:","og_url":"https:\/\/shopcopy.medicest.eu\/et\/product\/piling-renophase\/","og_site_name":"Medic-Esthetic beauty shop","article_modified_time":"2024-02-01T21:02:04+00:00","og_image":[{"width":600,"height":600,"url":"https:\/\/shopcopy.medicest.eu\/wp-content\/uploads\/2022\/02\/facial-renophase-tallinn.jpg","type":"image\/jpeg"}],"twitter_card":"summary_large_image","twitter_misc":{"Est. reading time":"2 minutit"},"schema":{"@context":"https:\/\/schema.org","@graph":[{"@type":"WebPage","@id":"https:\/\/shopcopy.medicest.eu\/et\/product\/piling-renophase\/","url":"https:\/\/shopcopy.medicest.eu\/et\/product\/piling-renophase\/","name":"Piiling Renophase - Medic-Esthetic beauty shop","isPartOf":{"@id":"https:\/\/shopcopy.medicest.eu\/#website"},"primaryImageOfPage":{"@id":"https:\/\/shopcopy.medicest.eu\/et\/product\/piling-renophase\/#primaryimage"},"image":{"@id":"https:\/\/shopcopy.medicest.eu\/et\/product\/piling-renophase\/#primaryimage"},"thumbnailUrl":"https:\/\/shopcopy.medicest.eu\/wp-content\/uploads\/2022\/02\/facial-renophase-tallinn.jpg","datePublished":"2022-02-09T12:06:20+00:00","dateModified":"2024-02-01T21:02:04+00:00","breadcrumb":{"@id":"https:\/\/shopcopy.medicest.eu\/et\/product\/piling-renophase\/#breadcrumb"},"inLanguage":"et","potentialAction":[{"@type":"ReadAction","target":["https:\/\/shopcopy.medicest.eu\/et\/product\/piling-renophase\/"]}]},{"@type":"ImageObject","inLanguage":"et","@id":"https:\/\/shopcopy.medicest.eu\/et\/product\/piling-renophase\/#primaryimage","url":"https:\/\/shopcopy.medicest.eu\/wp-content\/uploads\/2022\/02\/facial-renophase-tallinn.jpg","contentUrl":"https:\/\/shopcopy.medicest.eu\/wp-content\/uploads\/2022\/02\/facial-renophase-tallinn.jpg","width":600,"height":600},{"@type":"BreadcrumbList","@id":"https:\/\/shopcopy.medicest.eu\/et\/product\/piling-renophase\/#breadcrumb","itemListElement":[{"@type":"ListItem","position":1,"name":"","item":"https:\/\/shopcopy.medicest.eu\/et\/"},{"@type":"ListItem","position":2,"name":"K\u00f5ik protseduurid","item":"https:\/\/shopcopy.medicest.eu\/et\/shop\/"},{"@type":"ListItem","position":3,"name":"Piiling Renophase"}]},{"@type":"WebSite","@id":"https:\/\/shopcopy.medicest.eu\/#website","url":"https:\/\/shopcopy.medicest.eu\/","name":"Medic-Esthetic beauty shop","description":"Beauty shop","publisher":{"@id":"https:\/\/shopcopy.medicest.eu\/#organization"},"potentialAction":[{"@type":"SearchAction","target":{"@type":"EntryPoint","urlTemplate":"https:\/\/shopcopy.medicest.eu\/?s={search_term_string}"},"query-input":{"@type":"PropertyValueSpecification","valueRequired":true,"valueName":"search_term_string"}}],"inLanguage":"et"},{"@type":"Organization","@id":"https:\/\/shopcopy.medicest.eu\/#organization","name":"Medic-Esthetic beauty shop","url":"https:\/\/shopcopy.medicest.eu\/","logo":{"@type":"ImageObject","inLanguage":"et","@id":"https:\/\/shopcopy.medicest.eu\/#\/schema\/logo\/image\/","url":"https:\/\/shopcopy.medicest.eu\/wp-content\/uploads\/2021\/12\/medicest-logo-new2021.png","contentUrl":"https:\/\/shopcopy.medicest.eu\/wp-content\/uploads\/2021\/12\/medicest-logo-new2021.png","width":800,"height":211,"caption":"Medic-Esthetic beauty shop"},"image":{"@id":"https:\/\/shopcopy.medicest.eu\/#\/schema\/logo\/image\/"}}]}},"_links":{"self":[{"href":"https:\/\/shopcopy.medicest.eu\/et\/wp-json\/wp\/v2\/product\/3036","targetHints":{"allow":["GET"]}}],"collection":[{"href":"https:\/\/shopcopy.medicest.eu\/et\/wp-json\/wp\/v2\/product"}],"about":[{"href":"https:\/\/shopcopy.medicest.eu\/et\/wp-json\/wp\/v2\/types\/product"}],"replies":[{"embeddable":true,"href":"https:\/\/shopcopy.medicest.eu\/et\/wp-json\/wp\/v2\/comments?post=3036"}],"wp:featuredmedia":[{"embeddable":true,"href":"https:\/\/shopcopy.medicest.eu\/et\/wp-json\/wp\/v2\/media\/3027"}],"wp:attachment":[{"href":"https:\/\/shopcopy.medicest.eu\/et\/wp-json\/wp\/v2\/media?parent=3036"}],"wp:term":[{"taxonomy":"product_cat","embeddable":true,"href":"https:\/\/shopcopy.medicest.eu\/et\/wp-json\/wp\/v2\/product_cat?post=3036"},{"taxonomy":"product_tag","embeddable":true,"href":"https:\/\/shopcopy.medicest.eu\/et\/wp-json\/wp\/v2\/product_tag?post=3036"}],"curies":[{"name":"wp","href":"https:\/\/api.w.org\/{rel}","templated":true}]}}