{"id":3096,"date":"2022-03-03T15:15:02","date_gmt":"2022-03-03T13:15:02","guid":{"rendered":"https:\/\/shopcopy.medicest.eu\/product\/kompleksnyj-uhod-legkoe-dyhanie\/"},"modified":"2023-06-01T01:15:04","modified_gmt":"2023-05-31T22:15:04","slug":"kompleksne-naohooldus-kerge-hingamine","status":"publish","type":"product","link":"https:\/\/shopcopy.medicest.eu\/et\/product\/kompleksne-naohooldus-kerge-hingamine\/","title":{"rendered":"Kompleksne n\u00e4ohooldus \u00abKerge hingamine\u00bb"},"content":{"rendered":"<h4><strong>1. Aquapeeling JetPeel<\/strong><\/h4>\n<p>See on kaasaegne ja uuenduslik gaas-vedelik koorimise tehnoloogia. Selle t\u00f6\u00f6tasid v\u00e4lja Iisraeli (TavTech Ltd.) kosmeetikud koost\u00f6\u00f6s Ameerika ekspertidega selleks, et tagada k\u00f5ige t\u00f5husam ja s\u00e4\u00e4stvam naha puhastus.<\/p>\n<p>Kosmeetiline protseduur, mille k\u00e4igus pihustatakse naha pinnale suure r\u00f5hu all gaasi ja vedeliku segu. T\u00e4nu pihustamise suurele kiirusele tungivad mikroskoopilised tilgad ja mullid l\u00e4bi naha s\u00fcgavamatesse kihtidesse rikkumata nende struktuuri.<\/p>\n<p><strong>Aquapeeling \u00fchendab korraga mitut protsessi:<\/strong><\/p>\n<ul>\n<li><strong>Massaa\u017e<\/strong> \u2013 gaasi surve ja v\u00e4ikesed vedelikuosakesed masseerivad \u00f5rnalt nahka, ergutavad l\u00fcmfivoolu ja vereringet.<\/li>\n<li><strong>Hapnikuga rikastamine<\/strong> \u2013 hapnik parandab regeneratsiooni ja kiirendab rakkude ainevahetust.<\/li>\n<li><strong>Koorimine<\/strong> \u2013 eemaldab \u00f5rnalt elutud naharakud.<\/li>\n<\/ul>\n<p>&nbsp;<\/p>\n<h4><b>2. <strong>Mikrovoolude teraapia <\/strong><\/b><b>Vip Line Plus<\/b><b><\/b><\/h4>\n<p>Aparaadihoolduse metoodika, mis elektrivoolu abil toimib pehmetele kudedele.<\/p>\n<p>V\u00e4ga v\u00e4ikese amplituudiga ja sagedusega mikrovoolud m\u00f5jutavad nahka, lihaseid, vere- ja l\u00fcmfisooni osutades neile stimuleerivat toimet.<\/p>\n<p>Mikrovoolude m\u00f5jul aktiveerub kollageeni tootmine, paraneb lihaste toonus, stimuleeritakse ainevahetusprotsesse rakkudes, l\u00fcmfi- ja vereringe s\u00fcsteemides.<\/p>\n<p>T\u00e4nu selle toimele kasutatakse mikrovoolude teraapiat laialdaselt kosmetoloogias n\u00e4onaha noorendamiseks ja kortsude silumiseks.<\/p>\n<div class=\"elementor-element elementor-element-5e4215a elementor-widget elementor-widget-text-editor\" data-id=\"5e4215a\" data-element_type=\"widget\" data-widget_type=\"text-editor.default\">\n<div class=\"elementor-widget-container\">\n<h4><b>3. <strong>Seerum ja mask<\/strong><br \/>\n<\/b><\/h4>\n<p>Kosmeetik valib individuaalselt vastavalt naha t\u00fc\u00fcbile ja vajadustele vahendid n\u00e4o taastamiseks, niisutamiseks ja tervendamiseks.<\/p>\n<\/div>\n<\/div>\n<p>&nbsp;<\/p>\n","protected":false},"excerpt":{"rendered":"<p>Protseduur koosneb mitmest etapist, mille koosm\u00f5ju annab suurep\u00e4rase n\u00e4onaha v\u00e4rskust taastava ja noorendava tulemuse.<\/p>\n","protected":false},"featured_media":3976,"comment_status":"open","ping_status":"closed","template":"","meta":{"ocean_post_layout":"","ocean_both_sidebars_style":"","ocean_both_sidebars_content_width":0,"ocean_both_sidebars_sidebars_width":0,"ocean_sidebar":"0","ocean_second_sidebar":"0","ocean_disable_margins":"enable","ocean_add_body_class":"","ocean_shortcode_before_top_bar":"","ocean_shortcode_after_top_bar":"","ocean_shortcode_before_header":"","ocean_shortcode_after_header":"","ocean_has_shortcode":"","ocean_shortcode_after_title":"","ocean_shortcode_before_footer_widgets":"","ocean_shortcode_after_footer_widgets":"","ocean_shortcode_before_footer_bottom":"","ocean_shortcode_after_footer_bottom":"","ocean_display_top_bar":"default","ocean_display_header":"default","ocean_header_style":"","ocean_center_header_left_menu":"0","ocean_custom_header_template":"0","ocean_custom_logo":0,"ocean_custom_retina_logo":0,"ocean_custom_logo_max_width":0,"ocean_custom_logo_tablet_max_width":0,"ocean_custom_logo_mobile_max_width":0,"ocean_custom_logo_max_height":0,"ocean_custom_logo_tablet_max_height":0,"ocean_custom_logo_mobile_max_height":0,"ocean_header_custom_menu":"0","ocean_menu_typo_font_family":"0","ocean_menu_typo_font_subset":"","ocean_menu_typo_font_size":0,"ocean_menu_typo_font_size_tablet":0,"ocean_menu_typo_font_size_mobile":0,"ocean_menu_typo_font_size_unit":"px","ocean_menu_typo_font_weight":"","ocean_menu_typo_font_weight_tablet":"","ocean_menu_typo_font_weight_mobile":"","ocean_menu_typo_transform":"","ocean_menu_typo_transform_tablet":"","ocean_menu_typo_transform_mobile":"","ocean_menu_typo_line_height":0,"ocean_menu_typo_line_height_tablet":0,"ocean_menu_typo_line_height_mobile":0,"ocean_menu_typo_line_height_unit":"","ocean_menu_typo_spacing":0,"ocean_menu_typo_spacing_tablet":0,"ocean_menu_typo_spacing_mobile":0,"ocean_menu_typo_spacing_unit":"","ocean_menu_link_color":"","ocean_menu_link_color_hover":"","ocean_menu_link_color_active":"","ocean_menu_link_background":"","ocean_menu_link_hover_background":"","ocean_menu_link_active_background":"","ocean_menu_social_links_bg":"","ocean_menu_social_hover_links_bg":"","ocean_menu_social_links_color":"","ocean_menu_social_hover_links_color":"","ocean_disable_title":"default","ocean_disable_heading":"default","ocean_post_title":"","ocean_post_subheading":"","ocean_post_title_style":"","ocean_post_title_background_color":"","ocean_post_title_background":0,"ocean_post_title_bg_image_position":"","ocean_post_title_bg_image_attachment":"","ocean_post_title_bg_image_repeat":"","ocean_post_title_bg_image_size":"","ocean_post_title_height":0,"ocean_post_title_bg_overlay":0.5,"ocean_post_title_bg_overlay_color":"","ocean_disable_breadcrumbs":"default","ocean_breadcrumbs_color":"","ocean_breadcrumbs_separator_color":"","ocean_breadcrumbs_links_color":"","ocean_breadcrumbs_links_hover_color":"","ocean_display_footer_widgets":"default","ocean_display_footer_bottom":"default","ocean_custom_footer_template":"0"},"product_cat":[85],"product_tag":[],"class_list":{"0":"post-3096","1":"product","2":"type-product","3":"status-publish","4":"has-post-thumbnail","6":"product_cat-naohooldused","8":"entry","9":"has-media","11":"first","12":"instock","13":"virtual","14":"taxable","15":"purchasable","16":"product-type-simple","17":"has-product-nav","18":"col","19":"span_1_of_4","20":"owp-content-center","21":"owp-thumbs-layout-vertical","22":"owp-btn-normal","23":"owp-tabs-layout-vertical","24":"has-no-thumbnails","26":"circle-sale"},"yoast_head":"<!-- This site is optimized with the Yoast SEO plugin v23.6 - https:\/\/yoast.com\/wordpress\/plugins\/seo\/ -->\n<title>Kompleksne n\u00e4ohooldus \u00abKerge hingamine\u00bb - Medic-Esthetic beauty shop<\/title>\n<meta name=\"robots\" content=\"index, follow, max-snippet:-1, max-image-preview:large, max-video-preview:-1\" \/>\n<link rel=\"canonical\" href=\"https:\/\/shopcopy.medicest.eu\/et\/product\/kompleksne-naohooldus-kerge-hingamine\/\" \/>\n<meta property=\"og:locale\" content=\"et_EE\" \/>\n<meta property=\"og:type\" content=\"article\" \/>\n<meta property=\"og:title\" content=\"Kompleksne n\u00e4ohooldus \u00abKerge hingamine\u00bb - Medic-Esthetic beauty shop\" \/>\n<meta property=\"og:description\" content=\"Protseduur koosneb mitmest etapist, mille koosm\u00f5ju annab suurep\u00e4rase n\u00e4onaha v\u00e4rskust taastava ja noorendava tulemuse.\" \/>\n<meta property=\"og:url\" content=\"https:\/\/shopcopy.medicest.eu\/et\/product\/kompleksne-naohooldus-kerge-hingamine\/\" \/>\n<meta property=\"og:site_name\" content=\"Medic-Esthetic beauty shop\" \/>\n<meta property=\"article:modified_time\" content=\"2023-05-31T22:15:04+00:00\" \/>\n<meta property=\"og:image\" content=\"https:\/\/shopcopy.medicest.eu\/wp-content\/uploads\/2022\/03\/16497255.jpg\" \/>\n\t<meta property=\"og:image:width\" content=\"500\" \/>\n\t<meta property=\"og:image:height\" content=\"500\" \/>\n\t<meta property=\"og:image:type\" content=\"image\/jpeg\" \/>\n<meta name=\"twitter:card\" content=\"summary_large_image\" \/>\n<meta name=\"twitter:label1\" content=\"Est. reading time\" \/>\n\t<meta name=\"twitter:data1\" content=\"1 minut\" \/>\n<script type=\"application\/ld+json\" class=\"yoast-schema-graph\">{\"@context\":\"https:\/\/schema.org\",\"@graph\":[{\"@type\":\"WebPage\",\"@id\":\"https:\/\/shopcopy.medicest.eu\/et\/product\/kompleksne-naohooldus-kerge-hingamine\/\",\"url\":\"https:\/\/shopcopy.medicest.eu\/et\/product\/kompleksne-naohooldus-kerge-hingamine\/\",\"name\":\"Kompleksne n\u00e4ohooldus \u00abKerge hingamine\u00bb - Medic-Esthetic beauty shop\",\"isPartOf\":{\"@id\":\"https:\/\/shopcopy.medicest.eu\/#website\"},\"primaryImageOfPage\":{\"@id\":\"https:\/\/shopcopy.medicest.eu\/et\/product\/kompleksne-naohooldus-kerge-hingamine\/#primaryimage\"},\"image\":{\"@id\":\"https:\/\/shopcopy.medicest.eu\/et\/product\/kompleksne-naohooldus-kerge-hingamine\/#primaryimage\"},\"thumbnailUrl\":\"https:\/\/shopcopy.medicest.eu\/wp-content\/uploads\/2022\/03\/16497255.jpg\",\"datePublished\":\"2022-03-03T13:15:02+00:00\",\"dateModified\":\"2023-05-31T22:15:04+00:00\",\"breadcrumb\":{\"@id\":\"https:\/\/shopcopy.medicest.eu\/et\/product\/kompleksne-naohooldus-kerge-hingamine\/#breadcrumb\"},\"inLanguage\":\"et\",\"potentialAction\":[{\"@type\":\"ReadAction\",\"target\":[\"https:\/\/shopcopy.medicest.eu\/et\/product\/kompleksne-naohooldus-kerge-hingamine\/\"]}]},{\"@type\":\"ImageObject\",\"inLanguage\":\"et\",\"@id\":\"https:\/\/shopcopy.medicest.eu\/et\/product\/kompleksne-naohooldus-kerge-hingamine\/#primaryimage\",\"url\":\"https:\/\/shopcopy.medicest.eu\/wp-content\/uploads\/2022\/03\/16497255.jpg\",\"contentUrl\":\"https:\/\/shopcopy.medicest.eu\/wp-content\/uploads\/2022\/03\/16497255.jpg\",\"width\":500,\"height\":500},{\"@type\":\"BreadcrumbList\",\"@id\":\"https:\/\/shopcopy.medicest.eu\/et\/product\/kompleksne-naohooldus-kerge-hingamine\/#breadcrumb\",\"itemListElement\":[{\"@type\":\"ListItem\",\"position\":1,\"name\":\"\",\"item\":\"https:\/\/shopcopy.medicest.eu\/et\/\"},{\"@type\":\"ListItem\",\"position\":2,\"name\":\"K\u00f5ik protseduurid\",\"item\":\"https:\/\/shopcopy.medicest.eu\/et\/shop\/\"},{\"@type\":\"ListItem\",\"position\":3,\"name\":\"Kompleksne n\u00e4ohooldus \u00abKerge hingamine\u00bb\"}]},{\"@type\":\"WebSite\",\"@id\":\"https:\/\/shopcopy.medicest.eu\/#website\",\"url\":\"https:\/\/shopcopy.medicest.eu\/\",\"name\":\"Medic-Esthetic beauty shop\",\"description\":\"Beauty shop\",\"publisher\":{\"@id\":\"https:\/\/shopcopy.medicest.eu\/#organization\"},\"potentialAction\":[{\"@type\":\"SearchAction\",\"target\":{\"@type\":\"EntryPoint\",\"urlTemplate\":\"https:\/\/shopcopy.medicest.eu\/?s={search_term_string}\"},\"query-input\":{\"@type\":\"PropertyValueSpecification\",\"valueRequired\":true,\"valueName\":\"search_term_string\"}}],\"inLanguage\":\"et\"},{\"@type\":\"Organization\",\"@id\":\"https:\/\/shopcopy.medicest.eu\/#organization\",\"name\":\"Medic-Esthetic beauty shop\",\"url\":\"https:\/\/shopcopy.medicest.eu\/\",\"logo\":{\"@type\":\"ImageObject\",\"inLanguage\":\"et\",\"@id\":\"https:\/\/shopcopy.medicest.eu\/#\/schema\/logo\/image\/\",\"url\":\"https:\/\/shopcopy.medicest.eu\/wp-content\/uploads\/2021\/12\/medicest-logo-new2021.png\",\"contentUrl\":\"https:\/\/shopcopy.medicest.eu\/wp-content\/uploads\/2021\/12\/medicest-logo-new2021.png\",\"width\":800,\"height\":211,\"caption\":\"Medic-Esthetic beauty shop\"},\"image\":{\"@id\":\"https:\/\/shopcopy.medicest.eu\/#\/schema\/logo\/image\/\"}}]}<\/script>\n<!-- \/ Yoast SEO plugin. -->","yoast_head_json":{"title":"Kompleksne n\u00e4ohooldus \u00abKerge hingamine\u00bb - Medic-Esthetic beauty shop","robots":{"index":"index","follow":"follow","max-snippet":"max-snippet:-1","max-image-preview":"max-image-preview:large","max-video-preview":"max-video-preview:-1"},"canonical":"https:\/\/shopcopy.medicest.eu\/et\/product\/kompleksne-naohooldus-kerge-hingamine\/","og_locale":"et_EE","og_type":"article","og_title":"Kompleksne n\u00e4ohooldus \u00abKerge hingamine\u00bb - Medic-Esthetic beauty shop","og_description":"Protseduur koosneb mitmest etapist, mille koosm\u00f5ju annab suurep\u00e4rase n\u00e4onaha v\u00e4rskust taastava ja noorendava tulemuse.","og_url":"https:\/\/shopcopy.medicest.eu\/et\/product\/kompleksne-naohooldus-kerge-hingamine\/","og_site_name":"Medic-Esthetic beauty shop","article_modified_time":"2023-05-31T22:15:04+00:00","og_image":[{"width":500,"height":500,"url":"https:\/\/shopcopy.medicest.eu\/wp-content\/uploads\/2022\/03\/16497255.jpg","type":"image\/jpeg"}],"twitter_card":"summary_large_image","twitter_misc":{"Est. reading time":"1 minut"},"schema":{"@context":"https:\/\/schema.org","@graph":[{"@type":"WebPage","@id":"https:\/\/shopcopy.medicest.eu\/et\/product\/kompleksne-naohooldus-kerge-hingamine\/","url":"https:\/\/shopcopy.medicest.eu\/et\/product\/kompleksne-naohooldus-kerge-hingamine\/","name":"Kompleksne n\u00e4ohooldus \u00abKerge hingamine\u00bb - Medic-Esthetic beauty shop","isPartOf":{"@id":"https:\/\/shopcopy.medicest.eu\/#website"},"primaryImageOfPage":{"@id":"https:\/\/shopcopy.medicest.eu\/et\/product\/kompleksne-naohooldus-kerge-hingamine\/#primaryimage"},"image":{"@id":"https:\/\/shopcopy.medicest.eu\/et\/product\/kompleksne-naohooldus-kerge-hingamine\/#primaryimage"},"thumbnailUrl":"https:\/\/shopcopy.medicest.eu\/wp-content\/uploads\/2022\/03\/16497255.jpg","datePublished":"2022-03-03T13:15:02+00:00","dateModified":"2023-05-31T22:15:04+00:00","breadcrumb":{"@id":"https:\/\/shopcopy.medicest.eu\/et\/product\/kompleksne-naohooldus-kerge-hingamine\/#breadcrumb"},"inLanguage":"et","potentialAction":[{"@type":"ReadAction","target":["https:\/\/shopcopy.medicest.eu\/et\/product\/kompleksne-naohooldus-kerge-hingamine\/"]}]},{"@type":"ImageObject","inLanguage":"et","@id":"https:\/\/shopcopy.medicest.eu\/et\/product\/kompleksne-naohooldus-kerge-hingamine\/#primaryimage","url":"https:\/\/shopcopy.medicest.eu\/wp-content\/uploads\/2022\/03\/16497255.jpg","contentUrl":"https:\/\/shopcopy.medicest.eu\/wp-content\/uploads\/2022\/03\/16497255.jpg","width":500,"height":500},{"@type":"BreadcrumbList","@id":"https:\/\/shopcopy.medicest.eu\/et\/product\/kompleksne-naohooldus-kerge-hingamine\/#breadcrumb","itemListElement":[{"@type":"ListItem","position":1,"name":"","item":"https:\/\/shopcopy.medicest.eu\/et\/"},{"@type":"ListItem","position":2,"name":"K\u00f5ik protseduurid","item":"https:\/\/shopcopy.medicest.eu\/et\/shop\/"},{"@type":"ListItem","position":3,"name":"Kompleksne n\u00e4ohooldus \u00abKerge hingamine\u00bb"}]},{"@type":"WebSite","@id":"https:\/\/shopcopy.medicest.eu\/#website","url":"https:\/\/shopcopy.medicest.eu\/","name":"Medic-Esthetic beauty shop","description":"Beauty shop","publisher":{"@id":"https:\/\/shopcopy.medicest.eu\/#organization"},"potentialAction":[{"@type":"SearchAction","target":{"@type":"EntryPoint","urlTemplate":"https:\/\/shopcopy.medicest.eu\/?s={search_term_string}"},"query-input":{"@type":"PropertyValueSpecification","valueRequired":true,"valueName":"search_term_string"}}],"inLanguage":"et"},{"@type":"Organization","@id":"https:\/\/shopcopy.medicest.eu\/#organization","name":"Medic-Esthetic beauty shop","url":"https:\/\/shopcopy.medicest.eu\/","logo":{"@type":"ImageObject","inLanguage":"et","@id":"https:\/\/shopcopy.medicest.eu\/#\/schema\/logo\/image\/","url":"https:\/\/shopcopy.medicest.eu\/wp-content\/uploads\/2021\/12\/medicest-logo-new2021.png","contentUrl":"https:\/\/shopcopy.medicest.eu\/wp-content\/uploads\/2021\/12\/medicest-logo-new2021.png","width":800,"height":211,"caption":"Medic-Esthetic beauty shop"},"image":{"@id":"https:\/\/shopcopy.medicest.eu\/#\/schema\/logo\/image\/"}}]}},"_links":{"self":[{"href":"https:\/\/shopcopy.medicest.eu\/et\/wp-json\/wp\/v2\/product\/3096","targetHints":{"allow":["GET"]}}],"collection":[{"href":"https:\/\/shopcopy.medicest.eu\/et\/wp-json\/wp\/v2\/product"}],"about":[{"href":"https:\/\/shopcopy.medicest.eu\/et\/wp-json\/wp\/v2\/types\/product"}],"replies":[{"embeddable":true,"href":"https:\/\/shopcopy.medicest.eu\/et\/wp-json\/wp\/v2\/comments?post=3096"}],"wp:featuredmedia":[{"embeddable":true,"href":"https:\/\/shopcopy.medicest.eu\/et\/wp-json\/wp\/v2\/media\/3976"}],"wp:attachment":[{"href":"https:\/\/shopcopy.medicest.eu\/et\/wp-json\/wp\/v2\/media?parent=3096"}],"wp:term":[{"taxonomy":"product_cat","embeddable":true,"href":"https:\/\/shopcopy.medicest.eu\/et\/wp-json\/wp\/v2\/product_cat?post=3096"},{"taxonomy":"product_tag","embeddable":true,"href":"https:\/\/shopcopy.medicest.eu\/et\/wp-json\/wp\/v2\/product_tag?post=3096"}],"curies":[{"name":"wp","href":"https:\/\/api.w.org\/{rel}","templated":true}]}}