{"id":3103,"date":"2022-03-04T13:27:40","date_gmt":"2022-03-04T11:27:40","guid":{"rendered":"https:\/\/shopcopy.medicest.eu\/product\/kompleksnyj-uhod-oxygen-led-therapy\/"},"modified":"2024-01-01T23:01:08","modified_gmt":"2024-01-01T21:01:08","slug":"kompleksne-naohooldus-oxygen-led-therapy","status":"publish","type":"product","link":"https:\/\/shopcopy.medicest.eu\/et\/product\/kompleksne-naohooldus-oxygen-led-therapy\/","title":{"rendered":"Kompleksne n\u00e4ohooldus Oxygen-LED Therapy + manuaalne massaa\u017e, 60 min"},"content":{"rendered":"<h4><b>Oxygen<\/b><strong> JetPeel<\/strong><\/h4>\n<p>N\u00e4onaha koorimine hapnikuga on mitteinvasiivne protseduur, mida sageli kasutatakse vananemise ilmingute, kuiva naha ja akne vastu v\u00f5itlemiseks. Protseduuri ajal tungivad r\u00f5hu all olevad \u00f5huvoolud naha s\u00fcgavamasse kihti, mida nimetatakse p\u00e4risnahaks ehk dermaks ning rikastavad seda puhastavate vahenditega ja seerumitega. Erinevalt teatud t\u00fc\u00fcpi keemilistest koorimistest ja muudest agressiivsetest protseduuridest on koorimine hapniku pihustamisega piisavalt \u00f5rn inimestele tundliku nahaga v\u00f5i selliste naha probleemidega nagu akne v\u00f5i rosaatsea. Koorimine hapnikuga aitab ravida ja ennetada aknet, puhastades s\u00fcgavalt poore ja koorides nahka, silub ja \u00fchtlustab naha tooni.<\/p>\n<h4><strong>LED-teraapia<\/strong><\/h4>\n<p>On olemas erinevat v\u00e4rvi LED lambid. Olenevalt valguse lainepikkusest tungivad valguslained teatud s\u00fcgavusele alates epidermise \u00fclemistest kihtidest, kuni rasvkoe nahaaluste kihtideni. \u00d5ige v\u00e4rvi valib kosmeetik vastavalt naha vajadustele ja l\u00e4htuvalt lahendatavast probleemist. Protseduur sisaldab niisutava toitva maski ja protseduuri l\u00f5petava kreemi pealekandmist.<\/p>\n<ul>\n<li><strong>Punane valgus<\/strong> &#8211; kiirendab vereringet p\u00e4risnahas ja stimuleerib rakke fibroblaste, suurendades kollageeni ja elastiini s\u00fcnteesi, tugevdab kohalikku immuunsust ja ennetab enneaegset vananemist.<\/li>\n<li><strong>Sinine valgus<\/strong> &#8211; reguleerib rasun\u00e4\u00e4rmete t\u00f6\u00f6d ja osutab tervendavat toimet aknele. Sinine valgus tapab baktereid, mis p\u00f5hjustavad aknet ja p\u00f5letikku, genereerides samal ajal molekulaarset hapnikku, millel on p\u00e4rssivad omadused seda t\u00fc\u00fcpi bakteritele. Sinise valgusega protseduur uuendab nahka ja ravib kriimustusi ennetades armide teket.<\/li>\n<li><strong>Kollane\/roheline valgus &#8211;<\/strong> on taastava toimega. Need lained toimivad t\u00f5husalt koos punaste ja siniste lainetega. Need sobivad nii naha pehmemaks ja siledamaks muutmiseks kui ka pigmendilaikudest vabanemiseks koos kerge keemilise koorimisega.<\/li>\n<li><strong>Valge valgus<\/strong> &#8211; stressivastane. Arvatakse, et valge valgus on eriti kasulik depressiivsete seisundite ravi korral, kuid sellel on l\u00f5\u00f5gastav ja rahustav toime organismile mis tahes kosmeetilise protseduuri etapina.<\/li>\n<\/ul>\n","protected":false},"excerpt":{"rendered":"<p>Hapnik ja valgus naha raviks ja taastumiseks.<\/p>\n","protected":false},"featured_media":3102,"comment_status":"open","ping_status":"closed","template":"","meta":{"ocean_post_layout":"","ocean_both_sidebars_style":"","ocean_both_sidebars_content_width":0,"ocean_both_sidebars_sidebars_width":0,"ocean_sidebar":"0","ocean_second_sidebar":"0","ocean_disable_margins":"enable","ocean_add_body_class":"","ocean_shortcode_before_top_bar":"","ocean_shortcode_after_top_bar":"","ocean_shortcode_before_header":"","ocean_shortcode_after_header":"","ocean_has_shortcode":"","ocean_shortcode_after_title":"","ocean_shortcode_before_footer_widgets":"","ocean_shortcode_after_footer_widgets":"","ocean_shortcode_before_footer_bottom":"","ocean_shortcode_after_footer_bottom":"","ocean_display_top_bar":"default","ocean_display_header":"default","ocean_header_style":"","ocean_center_header_left_menu":"0","ocean_custom_header_template":"0","ocean_custom_logo":0,"ocean_custom_retina_logo":0,"ocean_custom_logo_max_width":0,"ocean_custom_logo_tablet_max_width":0,"ocean_custom_logo_mobile_max_width":0,"ocean_custom_logo_max_height":0,"ocean_custom_logo_tablet_max_height":0,"ocean_custom_logo_mobile_max_height":0,"ocean_header_custom_menu":"0","ocean_menu_typo_font_family":"0","ocean_menu_typo_font_subset":"","ocean_menu_typo_font_size":0,"ocean_menu_typo_font_size_tablet":0,"ocean_menu_typo_font_size_mobile":0,"ocean_menu_typo_font_size_unit":"px","ocean_menu_typo_font_weight":"","ocean_menu_typo_font_weight_tablet":"","ocean_menu_typo_font_weight_mobile":"","ocean_menu_typo_transform":"","ocean_menu_typo_transform_tablet":"","ocean_menu_typo_transform_mobile":"","ocean_menu_typo_line_height":0,"ocean_menu_typo_line_height_tablet":0,"ocean_menu_typo_line_height_mobile":0,"ocean_menu_typo_line_height_unit":"","ocean_menu_typo_spacing":0,"ocean_menu_typo_spacing_tablet":0,"ocean_menu_typo_spacing_mobile":0,"ocean_menu_typo_spacing_unit":"","ocean_menu_link_color":"","ocean_menu_link_color_hover":"","ocean_menu_link_color_active":"","ocean_menu_link_background":"","ocean_menu_link_hover_background":"","ocean_menu_link_active_background":"","ocean_menu_social_links_bg":"","ocean_menu_social_hover_links_bg":"","ocean_menu_social_links_color":"","ocean_menu_social_hover_links_color":"","ocean_disable_title":"default","ocean_disable_heading":"default","ocean_post_title":"","ocean_post_subheading":"","ocean_post_title_style":"","ocean_post_title_background_color":"","ocean_post_title_background":0,"ocean_post_title_bg_image_position":"","ocean_post_title_bg_image_attachment":"","ocean_post_title_bg_image_repeat":"","ocean_post_title_bg_image_size":"","ocean_post_title_height":0,"ocean_post_title_bg_overlay":0.5,"ocean_post_title_bg_overlay_color":"","ocean_disable_breadcrumbs":"default","ocean_breadcrumbs_color":"","ocean_breadcrumbs_separator_color":"","ocean_breadcrumbs_links_color":"","ocean_breadcrumbs_links_hover_color":"","ocean_display_footer_widgets":"default","ocean_display_footer_bottom":"default","ocean_custom_footer_template":"0"},"product_cat":[85],"product_tag":[],"class_list":{"0":"post-3103","1":"product","2":"type-product","3":"status-publish","4":"has-post-thumbnail","6":"product_cat-naohooldused","8":"entry","9":"has-media","11":"first","12":"instock","13":"virtual","14":"taxable","15":"purchasable","16":"product-type-simple","17":"has-product-nav","18":"col","19":"span_1_of_4","20":"owp-content-center","21":"owp-thumbs-layout-vertical","22":"owp-btn-normal","23":"owp-tabs-layout-vertical","24":"has-no-thumbnails","26":"circle-sale"},"yoast_head":"<!-- This site is optimized with the Yoast SEO plugin v23.6 - https:\/\/yoast.com\/wordpress\/plugins\/seo\/ -->\n<title>Kompleksne n\u00e4ohooldus Oxygen-LED Therapy + manuaalne massaa\u017e, 60 min - Medic-Esthetic beauty shop<\/title>\n<meta name=\"robots\" content=\"index, follow, max-snippet:-1, max-image-preview:large, max-video-preview:-1\" \/>\n<link rel=\"canonical\" href=\"https:\/\/shopcopy.medicest.eu\/et\/product\/kompleksne-naohooldus-oxygen-led-therapy\/\" \/>\n<meta property=\"og:locale\" content=\"et_EE\" \/>\n<meta property=\"og:type\" content=\"article\" \/>\n<meta property=\"og:title\" content=\"Kompleksne n\u00e4ohooldus Oxygen-LED Therapy + manuaalne massaa\u017e, 60 min - Medic-Esthetic beauty shop\" \/>\n<meta property=\"og:description\" content=\"Hapnik ja valgus naha raviks ja taastumiseks.\" \/>\n<meta property=\"og:url\" content=\"https:\/\/shopcopy.medicest.eu\/et\/product\/kompleksne-naohooldus-oxygen-led-therapy\/\" \/>\n<meta property=\"og:site_name\" content=\"Medic-Esthetic beauty shop\" \/>\n<meta property=\"article:modified_time\" content=\"2024-01-01T21:01:08+00:00\" \/>\n<meta property=\"og:image\" content=\"https:\/\/shopcopy.medicest.eu\/wp-content\/uploads\/2022\/03\/led-theraphy.jpg\" \/>\n\t<meta property=\"og:image:width\" content=\"400\" \/>\n\t<meta property=\"og:image:height\" content=\"400\" \/>\n\t<meta property=\"og:image:type\" content=\"image\/jpeg\" \/>\n<meta name=\"twitter:card\" content=\"summary_large_image\" \/>\n<meta name=\"twitter:label1\" content=\"Est. reading time\" \/>\n\t<meta name=\"twitter:data1\" content=\"1 minut\" \/>\n<script type=\"application\/ld+json\" class=\"yoast-schema-graph\">{\"@context\":\"https:\/\/schema.org\",\"@graph\":[{\"@type\":\"WebPage\",\"@id\":\"https:\/\/shopcopy.medicest.eu\/et\/product\/kompleksne-naohooldus-oxygen-led-therapy\/\",\"url\":\"https:\/\/shopcopy.medicest.eu\/et\/product\/kompleksne-naohooldus-oxygen-led-therapy\/\",\"name\":\"Kompleksne n\u00e4ohooldus Oxygen-LED Therapy + manuaalne massaa\u017e, 60 min - Medic-Esthetic beauty shop\",\"isPartOf\":{\"@id\":\"https:\/\/shopcopy.medicest.eu\/#website\"},\"primaryImageOfPage\":{\"@id\":\"https:\/\/shopcopy.medicest.eu\/et\/product\/kompleksne-naohooldus-oxygen-led-therapy\/#primaryimage\"},\"image\":{\"@id\":\"https:\/\/shopcopy.medicest.eu\/et\/product\/kompleksne-naohooldus-oxygen-led-therapy\/#primaryimage\"},\"thumbnailUrl\":\"https:\/\/shopcopy.medicest.eu\/wp-content\/uploads\/2022\/03\/led-theraphy.jpg\",\"datePublished\":\"2022-03-04T11:27:40+00:00\",\"dateModified\":\"2024-01-01T21:01:08+00:00\",\"breadcrumb\":{\"@id\":\"https:\/\/shopcopy.medicest.eu\/et\/product\/kompleksne-naohooldus-oxygen-led-therapy\/#breadcrumb\"},\"inLanguage\":\"et\",\"potentialAction\":[{\"@type\":\"ReadAction\",\"target\":[\"https:\/\/shopcopy.medicest.eu\/et\/product\/kompleksne-naohooldus-oxygen-led-therapy\/\"]}]},{\"@type\":\"ImageObject\",\"inLanguage\":\"et\",\"@id\":\"https:\/\/shopcopy.medicest.eu\/et\/product\/kompleksne-naohooldus-oxygen-led-therapy\/#primaryimage\",\"url\":\"https:\/\/shopcopy.medicest.eu\/wp-content\/uploads\/2022\/03\/led-theraphy.jpg\",\"contentUrl\":\"https:\/\/shopcopy.medicest.eu\/wp-content\/uploads\/2022\/03\/led-theraphy.jpg\",\"width\":400,\"height\":400},{\"@type\":\"BreadcrumbList\",\"@id\":\"https:\/\/shopcopy.medicest.eu\/et\/product\/kompleksne-naohooldus-oxygen-led-therapy\/#breadcrumb\",\"itemListElement\":[{\"@type\":\"ListItem\",\"position\":1,\"name\":\"\",\"item\":\"https:\/\/shopcopy.medicest.eu\/et\/\"},{\"@type\":\"ListItem\",\"position\":2,\"name\":\"K\u00f5ik protseduurid\",\"item\":\"https:\/\/shopcopy.medicest.eu\/et\/shop\/\"},{\"@type\":\"ListItem\",\"position\":3,\"name\":\"Kompleksne n\u00e4ohooldus Oxygen-LED Therapy + manuaalne massaa\u017e, 60 min\"}]},{\"@type\":\"WebSite\",\"@id\":\"https:\/\/shopcopy.medicest.eu\/#website\",\"url\":\"https:\/\/shopcopy.medicest.eu\/\",\"name\":\"Medic-Esthetic beauty shop\",\"description\":\"Beauty shop\",\"publisher\":{\"@id\":\"https:\/\/shopcopy.medicest.eu\/#organization\"},\"potentialAction\":[{\"@type\":\"SearchAction\",\"target\":{\"@type\":\"EntryPoint\",\"urlTemplate\":\"https:\/\/shopcopy.medicest.eu\/?s={search_term_string}\"},\"query-input\":{\"@type\":\"PropertyValueSpecification\",\"valueRequired\":true,\"valueName\":\"search_term_string\"}}],\"inLanguage\":\"et\"},{\"@type\":\"Organization\",\"@id\":\"https:\/\/shopcopy.medicest.eu\/#organization\",\"name\":\"Medic-Esthetic beauty shop\",\"url\":\"https:\/\/shopcopy.medicest.eu\/\",\"logo\":{\"@type\":\"ImageObject\",\"inLanguage\":\"et\",\"@id\":\"https:\/\/shopcopy.medicest.eu\/#\/schema\/logo\/image\/\",\"url\":\"https:\/\/shopcopy.medicest.eu\/wp-content\/uploads\/2021\/12\/medicest-logo-new2021.png\",\"contentUrl\":\"https:\/\/shopcopy.medicest.eu\/wp-content\/uploads\/2021\/12\/medicest-logo-new2021.png\",\"width\":800,\"height\":211,\"caption\":\"Medic-Esthetic beauty shop\"},\"image\":{\"@id\":\"https:\/\/shopcopy.medicest.eu\/#\/schema\/logo\/image\/\"}}]}<\/script>\n<!-- \/ Yoast SEO plugin. -->","yoast_head_json":{"title":"Kompleksne n\u00e4ohooldus Oxygen-LED Therapy + manuaalne massaa\u017e, 60 min - Medic-Esthetic beauty shop","robots":{"index":"index","follow":"follow","max-snippet":"max-snippet:-1","max-image-preview":"max-image-preview:large","max-video-preview":"max-video-preview:-1"},"canonical":"https:\/\/shopcopy.medicest.eu\/et\/product\/kompleksne-naohooldus-oxygen-led-therapy\/","og_locale":"et_EE","og_type":"article","og_title":"Kompleksne n\u00e4ohooldus Oxygen-LED Therapy + manuaalne massaa\u017e, 60 min - Medic-Esthetic beauty shop","og_description":"Hapnik ja valgus naha raviks ja taastumiseks.","og_url":"https:\/\/shopcopy.medicest.eu\/et\/product\/kompleksne-naohooldus-oxygen-led-therapy\/","og_site_name":"Medic-Esthetic beauty shop","article_modified_time":"2024-01-01T21:01:08+00:00","og_image":[{"width":400,"height":400,"url":"https:\/\/shopcopy.medicest.eu\/wp-content\/uploads\/2022\/03\/led-theraphy.jpg","type":"image\/jpeg"}],"twitter_card":"summary_large_image","twitter_misc":{"Est. reading time":"1 minut"},"schema":{"@context":"https:\/\/schema.org","@graph":[{"@type":"WebPage","@id":"https:\/\/shopcopy.medicest.eu\/et\/product\/kompleksne-naohooldus-oxygen-led-therapy\/","url":"https:\/\/shopcopy.medicest.eu\/et\/product\/kompleksne-naohooldus-oxygen-led-therapy\/","name":"Kompleksne n\u00e4ohooldus Oxygen-LED Therapy + manuaalne massaa\u017e, 60 min - Medic-Esthetic beauty shop","isPartOf":{"@id":"https:\/\/shopcopy.medicest.eu\/#website"},"primaryImageOfPage":{"@id":"https:\/\/shopcopy.medicest.eu\/et\/product\/kompleksne-naohooldus-oxygen-led-therapy\/#primaryimage"},"image":{"@id":"https:\/\/shopcopy.medicest.eu\/et\/product\/kompleksne-naohooldus-oxygen-led-therapy\/#primaryimage"},"thumbnailUrl":"https:\/\/shopcopy.medicest.eu\/wp-content\/uploads\/2022\/03\/led-theraphy.jpg","datePublished":"2022-03-04T11:27:40+00:00","dateModified":"2024-01-01T21:01:08+00:00","breadcrumb":{"@id":"https:\/\/shopcopy.medicest.eu\/et\/product\/kompleksne-naohooldus-oxygen-led-therapy\/#breadcrumb"},"inLanguage":"et","potentialAction":[{"@type":"ReadAction","target":["https:\/\/shopcopy.medicest.eu\/et\/product\/kompleksne-naohooldus-oxygen-led-therapy\/"]}]},{"@type":"ImageObject","inLanguage":"et","@id":"https:\/\/shopcopy.medicest.eu\/et\/product\/kompleksne-naohooldus-oxygen-led-therapy\/#primaryimage","url":"https:\/\/shopcopy.medicest.eu\/wp-content\/uploads\/2022\/03\/led-theraphy.jpg","contentUrl":"https:\/\/shopcopy.medicest.eu\/wp-content\/uploads\/2022\/03\/led-theraphy.jpg","width":400,"height":400},{"@type":"BreadcrumbList","@id":"https:\/\/shopcopy.medicest.eu\/et\/product\/kompleksne-naohooldus-oxygen-led-therapy\/#breadcrumb","itemListElement":[{"@type":"ListItem","position":1,"name":"","item":"https:\/\/shopcopy.medicest.eu\/et\/"},{"@type":"ListItem","position":2,"name":"K\u00f5ik protseduurid","item":"https:\/\/shopcopy.medicest.eu\/et\/shop\/"},{"@type":"ListItem","position":3,"name":"Kompleksne n\u00e4ohooldus Oxygen-LED Therapy + manuaalne massaa\u017e, 60 min"}]},{"@type":"WebSite","@id":"https:\/\/shopcopy.medicest.eu\/#website","url":"https:\/\/shopcopy.medicest.eu\/","name":"Medic-Esthetic beauty shop","description":"Beauty shop","publisher":{"@id":"https:\/\/shopcopy.medicest.eu\/#organization"},"potentialAction":[{"@type":"SearchAction","target":{"@type":"EntryPoint","urlTemplate":"https:\/\/shopcopy.medicest.eu\/?s={search_term_string}"},"query-input":{"@type":"PropertyValueSpecification","valueRequired":true,"valueName":"search_term_string"}}],"inLanguage":"et"},{"@type":"Organization","@id":"https:\/\/shopcopy.medicest.eu\/#organization","name":"Medic-Esthetic beauty shop","url":"https:\/\/shopcopy.medicest.eu\/","logo":{"@type":"ImageObject","inLanguage":"et","@id":"https:\/\/shopcopy.medicest.eu\/#\/schema\/logo\/image\/","url":"https:\/\/shopcopy.medicest.eu\/wp-content\/uploads\/2021\/12\/medicest-logo-new2021.png","contentUrl":"https:\/\/shopcopy.medicest.eu\/wp-content\/uploads\/2021\/12\/medicest-logo-new2021.png","width":800,"height":211,"caption":"Medic-Esthetic beauty shop"},"image":{"@id":"https:\/\/shopcopy.medicest.eu\/#\/schema\/logo\/image\/"}}]}},"_links":{"self":[{"href":"https:\/\/shopcopy.medicest.eu\/et\/wp-json\/wp\/v2\/product\/3103","targetHints":{"allow":["GET"]}}],"collection":[{"href":"https:\/\/shopcopy.medicest.eu\/et\/wp-json\/wp\/v2\/product"}],"about":[{"href":"https:\/\/shopcopy.medicest.eu\/et\/wp-json\/wp\/v2\/types\/product"}],"replies":[{"embeddable":true,"href":"https:\/\/shopcopy.medicest.eu\/et\/wp-json\/wp\/v2\/comments?post=3103"}],"wp:featuredmedia":[{"embeddable":true,"href":"https:\/\/shopcopy.medicest.eu\/et\/wp-json\/wp\/v2\/media\/3102"}],"wp:attachment":[{"href":"https:\/\/shopcopy.medicest.eu\/et\/wp-json\/wp\/v2\/media?parent=3103"}],"wp:term":[{"taxonomy":"product_cat","embeddable":true,"href":"https:\/\/shopcopy.medicest.eu\/et\/wp-json\/wp\/v2\/product_cat?post=3103"},{"taxonomy":"product_tag","embeddable":true,"href":"https:\/\/shopcopy.medicest.eu\/et\/wp-json\/wp\/v2\/product_tag?post=3103"}],"curies":[{"name":"wp","href":"https:\/\/api.w.org\/{rel}","templated":true}]}}