{"id":3506,"date":"2022-07-24T18:20:05","date_gmt":"2022-07-24T15:20:05","guid":{"rendered":"https:\/\/shopcopy.medicest.eu\/?post_type=product&#038;p=3506"},"modified":"2022-09-01T00:16:29","modified_gmt":"2022-08-31T21:16:29","slug":"korva-augustamine-piercing","status":"publish","type":"product","link":"https:\/\/shopcopy.medicest.eu\/et\/product\/korva-augustamine-piercing\/","title":{"rendered":"K\u00f5rva augustamine (piercing) 2 k\u00f5rva"},"content":{"rendered":"<p>Kliinikus Medic-Esthetic teevad k\u00f5rva augustamist erikoolituse l\u00e4binud meditsiinilise haridusega diplomeeritud spetsialistid.<\/p>\n<p>Augustamisinstrument on System II (Estelle, Suurbritannia).<\/p>\n<div class=\"elementor-element elementor-element-e130a51 elementor-widget elementor-widget-text-editor\" data-id=\"e130a51\" data-element_type=\"widget\" data-widget_type=\"text-editor.default\">\n<div class=\"elementor-widget-container\">\n<p><b>Augustamise eelised seadmega System II<\/b><\/p>\n<ul>\n<li>Steriilsus \u2013 iga kassett k\u00f5rvar\u00f5nga ja kinnitusega asub\u00a0steriilses plastkonteineris.<\/li>\n<li>Konteiner sisestatakse seadmesse vahetult enne augustamist kliendi\u00a0juuresolekul.<\/li>\n<\/ul>\n<p>Konteiner ja kassett k\u00f5rvar\u00f5ngaga on konstrueeritud nii, et k\u00f5rvar\u00f5ngas ja kinnitus ei puutuks instrumendiga kokku.<\/p>\n<ul>\n<li>Valutus \u2013 augustamine ei rebesta kudesid, vaid l\u00fckkab nad laiali.<\/li>\n<\/ul>\n<p>K\u00f5rvar\u00f5nga n\u00f5elaosa l\u00e4bim\u00f5\u00f5t on 0,9 mm ja see on teritatud nii, et\u00a0oleks tagatud valu maksimaalne leevendus.<\/p>\n<\/div>\n<\/div>\n<div class=\"elementor-element elementor-element-5633700 elementor-widget elementor-widget-text-editor\" data-id=\"5633700\" data-element_type=\"widget\" data-widget_type=\"text-editor.default\">\n<div class=\"elementor-widget-container\">\n<p>T\u00e4nu mehhanismi suurele t\u00f6\u00f6kiirusele toimub augustamine kohe.<\/p>\n<ul>\n<li>K\u00f5rvade augustamine seadmega System II v\u00e4listab eluskoe korduva traumeerimise, mis tekib siis, kui kasutatakse tavalist n\u00f5ela, mis tuleb haavast eemaldada.<\/li>\n<li>T\u00e4psus \u2013 seadme tehnoloogia tagab augustamise t\u00e4pselt etten\u00e4htud kohas.<\/li>\n<li aria-level=\"1\">Ohutus \u2013 k\u00f5rvar\u00f5ngad on valmistatud roostevabast kirurgilisest terasest ja ei sisalda niklit<\/li>\n<\/ul>\n<\/div>\n<\/div>\n","protected":false},"excerpt":{"rendered":"<p>Meie kliinikus tehakse ainult k\u00f5rvanibu augustamist.<\/p>\n<p>Kui k\u00f5rva anatoomia v\u00f5imaldab, v\u00f5ib augustamist teha ka k\u00f5rvanibu kohal asuvatesse pehmetesse kudedesse.<\/p>\n<p><strong>K\u00f5hrkoe augustamist ei tehta.<\/strong><\/p>\n<p>Protseduuri aeg 30 minutit sisaldab kliendi teadva n\u00f5usoleku vormi t\u00e4itmist, k\u00f5rvar\u00f5ngaste valimist ning spetsialisti selgitusi haava hoolduse ja ettevaatusabin\u00f5ude teemal taastumisperioodil.<\/p>\n","protected":false},"featured_media":3508,"comment_status":"open","ping_status":"closed","template":"","meta":{"ocean_post_layout":"","ocean_both_sidebars_style":"","ocean_both_sidebars_content_width":0,"ocean_both_sidebars_sidebars_width":0,"ocean_sidebar":"0","ocean_second_sidebar":"0","ocean_disable_margins":"enable","ocean_add_body_class":"","ocean_shortcode_before_top_bar":"","ocean_shortcode_after_top_bar":"","ocean_shortcode_before_header":"","ocean_shortcode_after_header":"","ocean_has_shortcode":"","ocean_shortcode_after_title":"","ocean_shortcode_before_footer_widgets":"","ocean_shortcode_after_footer_widgets":"","ocean_shortcode_before_footer_bottom":"","ocean_shortcode_after_footer_bottom":"","ocean_display_top_bar":"default","ocean_display_header":"default","ocean_header_style":"","ocean_center_header_left_menu":"0","ocean_custom_header_template":"0","ocean_custom_logo":0,"ocean_custom_retina_logo":0,"ocean_custom_logo_max_width":0,"ocean_custom_logo_tablet_max_width":0,"ocean_custom_logo_mobile_max_width":0,"ocean_custom_logo_max_height":0,"ocean_custom_logo_tablet_max_height":0,"ocean_custom_logo_mobile_max_height":0,"ocean_header_custom_menu":"0","ocean_menu_typo_font_family":"0","ocean_menu_typo_font_subset":"","ocean_menu_typo_font_size":0,"ocean_menu_typo_font_size_tablet":0,"ocean_menu_typo_font_size_mobile":0,"ocean_menu_typo_font_size_unit":"px","ocean_menu_typo_font_weight":"","ocean_menu_typo_font_weight_tablet":"","ocean_menu_typo_font_weight_mobile":"","ocean_menu_typo_transform":"","ocean_menu_typo_transform_tablet":"","ocean_menu_typo_transform_mobile":"","ocean_menu_typo_line_height":0,"ocean_menu_typo_line_height_tablet":0,"ocean_menu_typo_line_height_mobile":0,"ocean_menu_typo_line_height_unit":"","ocean_menu_typo_spacing":0,"ocean_menu_typo_spacing_tablet":0,"ocean_menu_typo_spacing_mobile":0,"ocean_menu_typo_spacing_unit":"","ocean_menu_link_color":"","ocean_menu_link_color_hover":"","ocean_menu_link_color_active":"","ocean_menu_link_background":"","ocean_menu_link_hover_background":"","ocean_menu_link_active_background":"","ocean_menu_social_links_bg":"","ocean_menu_social_hover_links_bg":"","ocean_menu_social_links_color":"","ocean_menu_social_hover_links_color":"","ocean_disable_title":"default","ocean_disable_heading":"default","ocean_post_title":"","ocean_post_subheading":"","ocean_post_title_style":"","ocean_post_title_background_color":"","ocean_post_title_background":0,"ocean_post_title_bg_image_position":"","ocean_post_title_bg_image_attachment":"","ocean_post_title_bg_image_repeat":"","ocean_post_title_bg_image_size":"","ocean_post_title_height":0,"ocean_post_title_bg_overlay":0.5,"ocean_post_title_bg_overlay_color":"","ocean_disable_breadcrumbs":"default","ocean_breadcrumbs_color":"","ocean_breadcrumbs_separator_color":"","ocean_breadcrumbs_links_color":"","ocean_breadcrumbs_links_hover_color":"","ocean_display_footer_widgets":"default","ocean_display_footer_bottom":"default","ocean_custom_footer_template":"0"},"product_cat":[85],"product_tag":[],"class_list":{"0":"post-3506","1":"product","2":"type-product","3":"status-publish","4":"has-post-thumbnail","6":"product_cat-naohooldused","8":"entry","9":"has-media","11":"first","12":"instock","13":"featured","14":"virtual","15":"taxable","16":"purchasable","17":"product-type-simple","18":"has-product-nav","19":"col","20":"span_1_of_4","21":"owp-content-center","22":"owp-thumbs-layout-vertical","23":"owp-btn-normal","24":"owp-tabs-layout-vertical","25":"has-no-thumbnails","27":"circle-sale"},"yoast_head":"<!-- This site is optimized with the Yoast SEO plugin v23.6 - https:\/\/yoast.com\/wordpress\/plugins\/seo\/ -->\n<title>K\u00f5rva augustamine (piercing) 2 k\u00f5rva - Medic-Esthetic beauty shop<\/title>\n<meta name=\"robots\" content=\"index, follow, max-snippet:-1, max-image-preview:large, max-video-preview:-1\" \/>\n<link rel=\"canonical\" href=\"https:\/\/shopcopy.medicest.eu\/et\/product\/korva-augustamine-piercing\/\" \/>\n<meta property=\"og:locale\" content=\"et_EE\" \/>\n<meta property=\"og:type\" content=\"article\" \/>\n<meta property=\"og:title\" content=\"K\u00f5rva augustamine (piercing) 2 k\u00f5rva - Medic-Esthetic beauty shop\" \/>\n<meta property=\"og:description\" content=\"Meie kliinikus tehakse ainult k\u00f5rvanibu augustamist.  Kui k\u00f5rva anatoomia v\u00f5imaldab, v\u00f5ib augustamist teha ka k\u00f5rvanibu kohal asuvatesse pehmetesse kudedesse.  K\u00f5hrkoe augustamist ei tehta.  Protseduuri aeg 30 minutit sisaldab kliendi teadva n\u00f5usoleku vormi t\u00e4itmist, k\u00f5rvar\u00f5ngaste valimist ning spetsialisti selgitusi haava hoolduse ja ettevaatusabin\u00f5ude teemal taastumisperioodil.\" \/>\n<meta property=\"og:url\" content=\"https:\/\/shopcopy.medicest.eu\/et\/product\/korva-augustamine-piercing\/\" \/>\n<meta property=\"og:site_name\" content=\"Medic-Esthetic beauty shop\" \/>\n<meta property=\"article:modified_time\" content=\"2022-08-31T21:16:29+00:00\" \/>\n<meta property=\"og:image\" content=\"https:\/\/shopcopy.medicest.eu\/wp-content\/uploads\/2022\/07\/prokol-ushei.jpg\" \/>\n\t<meta property=\"og:image:width\" content=\"1200\" \/>\n\t<meta property=\"og:image:height\" content=\"1200\" \/>\n\t<meta property=\"og:image:type\" content=\"image\/jpeg\" \/>\n<meta name=\"twitter:card\" content=\"summary_large_image\" \/>\n<meta name=\"twitter:label1\" content=\"Est. reading time\" \/>\n\t<meta name=\"twitter:data1\" content=\"1 minut\" \/>\n<script type=\"application\/ld+json\" class=\"yoast-schema-graph\">{\"@context\":\"https:\/\/schema.org\",\"@graph\":[{\"@type\":\"WebPage\",\"@id\":\"https:\/\/shopcopy.medicest.eu\/et\/product\/korva-augustamine-piercing\/\",\"url\":\"https:\/\/shopcopy.medicest.eu\/et\/product\/korva-augustamine-piercing\/\",\"name\":\"K\u00f5rva augustamine (piercing) 2 k\u00f5rva - Medic-Esthetic beauty shop\",\"isPartOf\":{\"@id\":\"https:\/\/shopcopy.medicest.eu\/#website\"},\"primaryImageOfPage\":{\"@id\":\"https:\/\/shopcopy.medicest.eu\/et\/product\/korva-augustamine-piercing\/#primaryimage\"},\"image\":{\"@id\":\"https:\/\/shopcopy.medicest.eu\/et\/product\/korva-augustamine-piercing\/#primaryimage\"},\"thumbnailUrl\":\"https:\/\/shopcopy.medicest.eu\/wp-content\/uploads\/2022\/07\/prokol-ushei.jpg\",\"datePublished\":\"2022-07-24T15:20:05+00:00\",\"dateModified\":\"2022-08-31T21:16:29+00:00\",\"breadcrumb\":{\"@id\":\"https:\/\/shopcopy.medicest.eu\/et\/product\/korva-augustamine-piercing\/#breadcrumb\"},\"inLanguage\":\"et\",\"potentialAction\":[{\"@type\":\"ReadAction\",\"target\":[\"https:\/\/shopcopy.medicest.eu\/et\/product\/korva-augustamine-piercing\/\"]}]},{\"@type\":\"ImageObject\",\"inLanguage\":\"et\",\"@id\":\"https:\/\/shopcopy.medicest.eu\/et\/product\/korva-augustamine-piercing\/#primaryimage\",\"url\":\"https:\/\/shopcopy.medicest.eu\/wp-content\/uploads\/2022\/07\/prokol-ushei.jpg\",\"contentUrl\":\"https:\/\/shopcopy.medicest.eu\/wp-content\/uploads\/2022\/07\/prokol-ushei.jpg\",\"width\":1200,\"height\":1200},{\"@type\":\"BreadcrumbList\",\"@id\":\"https:\/\/shopcopy.medicest.eu\/et\/product\/korva-augustamine-piercing\/#breadcrumb\",\"itemListElement\":[{\"@type\":\"ListItem\",\"position\":1,\"name\":\"\",\"item\":\"https:\/\/shopcopy.medicest.eu\/et\/\"},{\"@type\":\"ListItem\",\"position\":2,\"name\":\"K\u00f5ik protseduurid\",\"item\":\"https:\/\/shopcopy.medicest.eu\/et\/shop\/\"},{\"@type\":\"ListItem\",\"position\":3,\"name\":\"K\u00f5rva augustamine (piercing) 2 k\u00f5rva\"}]},{\"@type\":\"WebSite\",\"@id\":\"https:\/\/shopcopy.medicest.eu\/#website\",\"url\":\"https:\/\/shopcopy.medicest.eu\/\",\"name\":\"Medic-Esthetic beauty shop\",\"description\":\"Beauty shop\",\"publisher\":{\"@id\":\"https:\/\/shopcopy.medicest.eu\/#organization\"},\"potentialAction\":[{\"@type\":\"SearchAction\",\"target\":{\"@type\":\"EntryPoint\",\"urlTemplate\":\"https:\/\/shopcopy.medicest.eu\/?s={search_term_string}\"},\"query-input\":{\"@type\":\"PropertyValueSpecification\",\"valueRequired\":true,\"valueName\":\"search_term_string\"}}],\"inLanguage\":\"et\"},{\"@type\":\"Organization\",\"@id\":\"https:\/\/shopcopy.medicest.eu\/#organization\",\"name\":\"Medic-Esthetic beauty shop\",\"url\":\"https:\/\/shopcopy.medicest.eu\/\",\"logo\":{\"@type\":\"ImageObject\",\"inLanguage\":\"et\",\"@id\":\"https:\/\/shopcopy.medicest.eu\/#\/schema\/logo\/image\/\",\"url\":\"https:\/\/shopcopy.medicest.eu\/wp-content\/uploads\/2021\/12\/medicest-logo-new2021.png\",\"contentUrl\":\"https:\/\/shopcopy.medicest.eu\/wp-content\/uploads\/2021\/12\/medicest-logo-new2021.png\",\"width\":800,\"height\":211,\"caption\":\"Medic-Esthetic beauty shop\"},\"image\":{\"@id\":\"https:\/\/shopcopy.medicest.eu\/#\/schema\/logo\/image\/\"}}]}<\/script>\n<!-- \/ Yoast SEO plugin. -->","yoast_head_json":{"title":"K\u00f5rva augustamine (piercing) 2 k\u00f5rva - Medic-Esthetic beauty shop","robots":{"index":"index","follow":"follow","max-snippet":"max-snippet:-1","max-image-preview":"max-image-preview:large","max-video-preview":"max-video-preview:-1"},"canonical":"https:\/\/shopcopy.medicest.eu\/et\/product\/korva-augustamine-piercing\/","og_locale":"et_EE","og_type":"article","og_title":"K\u00f5rva augustamine (piercing) 2 k\u00f5rva - Medic-Esthetic beauty shop","og_description":"Meie kliinikus tehakse ainult k\u00f5rvanibu augustamist.  Kui k\u00f5rva anatoomia v\u00f5imaldab, v\u00f5ib augustamist teha ka k\u00f5rvanibu kohal asuvatesse pehmetesse kudedesse.  K\u00f5hrkoe augustamist ei tehta.  Protseduuri aeg 30 minutit sisaldab kliendi teadva n\u00f5usoleku vormi t\u00e4itmist, k\u00f5rvar\u00f5ngaste valimist ning spetsialisti selgitusi haava hoolduse ja ettevaatusabin\u00f5ude teemal taastumisperioodil.","og_url":"https:\/\/shopcopy.medicest.eu\/et\/product\/korva-augustamine-piercing\/","og_site_name":"Medic-Esthetic beauty shop","article_modified_time":"2022-08-31T21:16:29+00:00","og_image":[{"width":1200,"height":1200,"url":"https:\/\/shopcopy.medicest.eu\/wp-content\/uploads\/2022\/07\/prokol-ushei.jpg","type":"image\/jpeg"}],"twitter_card":"summary_large_image","twitter_misc":{"Est. reading time":"1 minut"},"schema":{"@context":"https:\/\/schema.org","@graph":[{"@type":"WebPage","@id":"https:\/\/shopcopy.medicest.eu\/et\/product\/korva-augustamine-piercing\/","url":"https:\/\/shopcopy.medicest.eu\/et\/product\/korva-augustamine-piercing\/","name":"K\u00f5rva augustamine (piercing) 2 k\u00f5rva - Medic-Esthetic beauty shop","isPartOf":{"@id":"https:\/\/shopcopy.medicest.eu\/#website"},"primaryImageOfPage":{"@id":"https:\/\/shopcopy.medicest.eu\/et\/product\/korva-augustamine-piercing\/#primaryimage"},"image":{"@id":"https:\/\/shopcopy.medicest.eu\/et\/product\/korva-augustamine-piercing\/#primaryimage"},"thumbnailUrl":"https:\/\/shopcopy.medicest.eu\/wp-content\/uploads\/2022\/07\/prokol-ushei.jpg","datePublished":"2022-07-24T15:20:05+00:00","dateModified":"2022-08-31T21:16:29+00:00","breadcrumb":{"@id":"https:\/\/shopcopy.medicest.eu\/et\/product\/korva-augustamine-piercing\/#breadcrumb"},"inLanguage":"et","potentialAction":[{"@type":"ReadAction","target":["https:\/\/shopcopy.medicest.eu\/et\/product\/korva-augustamine-piercing\/"]}]},{"@type":"ImageObject","inLanguage":"et","@id":"https:\/\/shopcopy.medicest.eu\/et\/product\/korva-augustamine-piercing\/#primaryimage","url":"https:\/\/shopcopy.medicest.eu\/wp-content\/uploads\/2022\/07\/prokol-ushei.jpg","contentUrl":"https:\/\/shopcopy.medicest.eu\/wp-content\/uploads\/2022\/07\/prokol-ushei.jpg","width":1200,"height":1200},{"@type":"BreadcrumbList","@id":"https:\/\/shopcopy.medicest.eu\/et\/product\/korva-augustamine-piercing\/#breadcrumb","itemListElement":[{"@type":"ListItem","position":1,"name":"","item":"https:\/\/shopcopy.medicest.eu\/et\/"},{"@type":"ListItem","position":2,"name":"K\u00f5ik protseduurid","item":"https:\/\/shopcopy.medicest.eu\/et\/shop\/"},{"@type":"ListItem","position":3,"name":"K\u00f5rva augustamine (piercing) 2 k\u00f5rva"}]},{"@type":"WebSite","@id":"https:\/\/shopcopy.medicest.eu\/#website","url":"https:\/\/shopcopy.medicest.eu\/","name":"Medic-Esthetic beauty shop","description":"Beauty shop","publisher":{"@id":"https:\/\/shopcopy.medicest.eu\/#organization"},"potentialAction":[{"@type":"SearchAction","target":{"@type":"EntryPoint","urlTemplate":"https:\/\/shopcopy.medicest.eu\/?s={search_term_string}"},"query-input":{"@type":"PropertyValueSpecification","valueRequired":true,"valueName":"search_term_string"}}],"inLanguage":"et"},{"@type":"Organization","@id":"https:\/\/shopcopy.medicest.eu\/#organization","name":"Medic-Esthetic beauty shop","url":"https:\/\/shopcopy.medicest.eu\/","logo":{"@type":"ImageObject","inLanguage":"et","@id":"https:\/\/shopcopy.medicest.eu\/#\/schema\/logo\/image\/","url":"https:\/\/shopcopy.medicest.eu\/wp-content\/uploads\/2021\/12\/medicest-logo-new2021.png","contentUrl":"https:\/\/shopcopy.medicest.eu\/wp-content\/uploads\/2021\/12\/medicest-logo-new2021.png","width":800,"height":211,"caption":"Medic-Esthetic beauty shop"},"image":{"@id":"https:\/\/shopcopy.medicest.eu\/#\/schema\/logo\/image\/"}}]}},"_links":{"self":[{"href":"https:\/\/shopcopy.medicest.eu\/et\/wp-json\/wp\/v2\/product\/3506","targetHints":{"allow":["GET"]}}],"collection":[{"href":"https:\/\/shopcopy.medicest.eu\/et\/wp-json\/wp\/v2\/product"}],"about":[{"href":"https:\/\/shopcopy.medicest.eu\/et\/wp-json\/wp\/v2\/types\/product"}],"replies":[{"embeddable":true,"href":"https:\/\/shopcopy.medicest.eu\/et\/wp-json\/wp\/v2\/comments?post=3506"}],"wp:featuredmedia":[{"embeddable":true,"href":"https:\/\/shopcopy.medicest.eu\/et\/wp-json\/wp\/v2\/media\/3508"}],"wp:attachment":[{"href":"https:\/\/shopcopy.medicest.eu\/et\/wp-json\/wp\/v2\/media?parent=3506"}],"wp:term":[{"taxonomy":"product_cat","embeddable":true,"href":"https:\/\/shopcopy.medicest.eu\/et\/wp-json\/wp\/v2\/product_cat?post=3506"},{"taxonomy":"product_tag","embeddable":true,"href":"https:\/\/shopcopy.medicest.eu\/et\/wp-json\/wp\/v2\/product_tag?post=3506"}],"curies":[{"name":"wp","href":"https:\/\/api.w.org\/{rel}","templated":true}]}}