{"id":3793,"date":"2022-12-28T14:41:11","date_gmt":"2022-12-28T12:41:11","guid":{"rendered":"https:\/\/shopcopy.medicest.eu\/product\/mikroigolchatyj-rf-lifting-endymed-3deep-intensif\/"},"modified":"2023-06-01T15:13:35","modified_gmt":"2023-06-01T12:13:35","slug":"mikronoeltega-rf-lifting-endymed-3deep-intensif","status":"publish","type":"product","link":"https:\/\/shopcopy.medicest.eu\/et\/product\/mikronoeltega-rf-lifting-endymed-3deep-intensif\/","title":{"rendered":"Mikron\u00f5eltega RF-lifting EndyMed 3DEEP Intensif"},"content":{"rendered":"<p>Raadiosageduslained (RF) m\u00f5jutavad naha s\u00fcgavaid kihte, suurendades selle prinkust ja elastsust, parandavad vereringet, stimuleerivad rakkude taastumist. Nahk pinguldub protseduurile reageerides viivitamata t\u00e4nu raadiolaine energia otsesele m\u00f5jule kollageeni- ja elastiinikiududele, mis \u00fchendavad naha \u00fclemisi kihte alumistega. \u00dcle venitatud, kihitunud kiud kuumenevad ja keerduvad RF-lainete m\u00f5jul elastseks spiraaliks. Enda j\u00e4rel pinguldavad nad kogu nahakihti, luues maatriksi tiheda raamistiku. See parandab mikroreljeefi, muudab naha pinguldatuks ja pringiks. Doseeritud kuumutamine algatab uute kollageenikiudude s\u00fcnteesi, mis asendavad t\u00e4ielikult \u201cvanad\u201d kiud.<\/p>\n","protected":false},"excerpt":{"rendered":"<p>N\u00f5eltega lifting on nime saanud kullatud mikron\u00f5elte kasutamise t\u00f5ttu, mis l\u00e4bivad epidermist, edastades raadiosagedusliku energia otse dermasse.<\/p>\n<p><span style=\"color: #ff0000;\"><b>Protseduuri hinnale lisatud \u00fchekordse kullatud n\u00f5eltega otsiku hind 95\u20ac<\/b><\/span><\/p>\n","protected":false},"featured_media":3778,"comment_status":"open","ping_status":"closed","template":"","meta":{"ocean_post_layout":"","ocean_both_sidebars_style":"","ocean_both_sidebars_content_width":0,"ocean_both_sidebars_sidebars_width":0,"ocean_sidebar":"0","ocean_second_sidebar":"0","ocean_disable_margins":"enable","ocean_add_body_class":"","ocean_shortcode_before_top_bar":"","ocean_shortcode_after_top_bar":"","ocean_shortcode_before_header":"","ocean_shortcode_after_header":"","ocean_has_shortcode":"","ocean_shortcode_after_title":"","ocean_shortcode_before_footer_widgets":"","ocean_shortcode_after_footer_widgets":"","ocean_shortcode_before_footer_bottom":"","ocean_shortcode_after_footer_bottom":"","ocean_display_top_bar":"default","ocean_display_header":"default","ocean_header_style":"","ocean_center_header_left_menu":"0","ocean_custom_header_template":"0","ocean_custom_logo":0,"ocean_custom_retina_logo":0,"ocean_custom_logo_max_width":0,"ocean_custom_logo_tablet_max_width":0,"ocean_custom_logo_mobile_max_width":0,"ocean_custom_logo_max_height":0,"ocean_custom_logo_tablet_max_height":0,"ocean_custom_logo_mobile_max_height":0,"ocean_header_custom_menu":"0","ocean_menu_typo_font_family":"0","ocean_menu_typo_font_subset":"","ocean_menu_typo_font_size":0,"ocean_menu_typo_font_size_tablet":0,"ocean_menu_typo_font_size_mobile":0,"ocean_menu_typo_font_size_unit":"px","ocean_menu_typo_font_weight":"","ocean_menu_typo_font_weight_tablet":"","ocean_menu_typo_font_weight_mobile":"","ocean_menu_typo_transform":"","ocean_menu_typo_transform_tablet":"","ocean_menu_typo_transform_mobile":"","ocean_menu_typo_line_height":0,"ocean_menu_typo_line_height_tablet":0,"ocean_menu_typo_line_height_mobile":0,"ocean_menu_typo_line_height_unit":"","ocean_menu_typo_spacing":0,"ocean_menu_typo_spacing_tablet":0,"ocean_menu_typo_spacing_mobile":0,"ocean_menu_typo_spacing_unit":"","ocean_menu_link_color":"","ocean_menu_link_color_hover":"","ocean_menu_link_color_active":"","ocean_menu_link_background":"","ocean_menu_link_hover_background":"","ocean_menu_link_active_background":"","ocean_menu_social_links_bg":"","ocean_menu_social_hover_links_bg":"","ocean_menu_social_links_color":"","ocean_menu_social_hover_links_color":"","ocean_disable_title":"default","ocean_disable_heading":"default","ocean_post_title":"","ocean_post_subheading":"","ocean_post_title_style":"","ocean_post_title_background_color":"","ocean_post_title_background":0,"ocean_post_title_bg_image_position":"","ocean_post_title_bg_image_attachment":"","ocean_post_title_bg_image_repeat":"","ocean_post_title_bg_image_size":"","ocean_post_title_height":0,"ocean_post_title_bg_overlay":0.5,"ocean_post_title_bg_overlay_color":"","ocean_disable_breadcrumbs":"default","ocean_breadcrumbs_color":"","ocean_breadcrumbs_separator_color":"","ocean_breadcrumbs_links_color":"","ocean_breadcrumbs_links_hover_color":"","ocean_display_footer_widgets":"default","ocean_display_footer_bottom":"default","ocean_custom_footer_template":"0"},"product_cat":[86],"product_tag":[],"class_list":{"0":"post-3793","1":"product","2":"type-product","3":"status-publish","4":"has-post-thumbnail","6":"product_cat-iluteenused","8":"entry","9":"has-media","11":"first","12":"instock","13":"taxable","14":"shipping-taxable","15":"purchasable","16":"product-type-variable","17":"has-product-nav","18":"col","19":"span_1_of_4","20":"owp-content-center","21":"owp-thumbs-layout-vertical","22":"owp-btn-normal","23":"owp-tabs-layout-vertical","24":"has-no-thumbnails","26":"circle-sale"},"yoast_head":"<!-- This site is optimized with the Yoast SEO plugin v23.6 - https:\/\/yoast.com\/wordpress\/plugins\/seo\/ -->\n<title>Mikron\u00f5eltega RF-lifting EndyMed 3DEEP Intensif - Medic-Esthetic beauty shop<\/title>\n<meta name=\"robots\" content=\"index, follow, max-snippet:-1, max-image-preview:large, max-video-preview:-1\" \/>\n<link rel=\"canonical\" href=\"https:\/\/shopcopy.medicest.eu\/et\/product\/mikronoeltega-rf-lifting-endymed-3deep-intensif\/\" \/>\n<meta property=\"og:locale\" content=\"et_EE\" \/>\n<meta property=\"og:type\" content=\"article\" \/>\n<meta property=\"og:title\" content=\"Mikron\u00f5eltega RF-lifting EndyMed 3DEEP Intensif - Medic-Esthetic beauty shop\" \/>\n<meta property=\"og:description\" content=\"N\u00f5eltega lifting on nime saanud kullatud mikron\u00f5elte kasutamise t\u00f5ttu, mis l\u00e4bivad epidermist, edastades raadiosagedusliku energia otse dermasse.  Protseduuri hinnale lisatud \u00fchekordse kullatud n\u00f5eltega otsiku hind 95\u20ac\" \/>\n<meta property=\"og:url\" content=\"https:\/\/shopcopy.medicest.eu\/et\/product\/mikronoeltega-rf-lifting-endymed-3deep-intensif\/\" \/>\n<meta property=\"og:site_name\" content=\"Medic-Esthetic beauty shop\" \/>\n<meta property=\"article:modified_time\" content=\"2023-06-01T12:13:35+00:00\" \/>\n<meta property=\"og:image\" content=\"https:\/\/shopcopy.medicest.eu\/wp-content\/uploads\/2022\/12\/rf-medicest1.jpeg\" \/>\n\t<meta property=\"og:image:width\" content=\"1200\" \/>\n\t<meta property=\"og:image:height\" content=\"1200\" \/>\n\t<meta property=\"og:image:type\" content=\"image\/jpeg\" \/>\n<meta name=\"twitter:card\" content=\"summary_large_image\" \/>\n<script type=\"application\/ld+json\" class=\"yoast-schema-graph\">{\"@context\":\"https:\/\/schema.org\",\"@graph\":[{\"@type\":\"WebPage\",\"@id\":\"https:\/\/shopcopy.medicest.eu\/et\/product\/mikronoeltega-rf-lifting-endymed-3deep-intensif\/\",\"url\":\"https:\/\/shopcopy.medicest.eu\/et\/product\/mikronoeltega-rf-lifting-endymed-3deep-intensif\/\",\"name\":\"Mikron\u00f5eltega RF-lifting EndyMed 3DEEP Intensif - Medic-Esthetic beauty shop\",\"isPartOf\":{\"@id\":\"https:\/\/shopcopy.medicest.eu\/#website\"},\"primaryImageOfPage\":{\"@id\":\"https:\/\/shopcopy.medicest.eu\/et\/product\/mikronoeltega-rf-lifting-endymed-3deep-intensif\/#primaryimage\"},\"image\":{\"@id\":\"https:\/\/shopcopy.medicest.eu\/et\/product\/mikronoeltega-rf-lifting-endymed-3deep-intensif\/#primaryimage\"},\"thumbnailUrl\":\"https:\/\/shopcopy.medicest.eu\/wp-content\/uploads\/2022\/12\/rf-medicest1.jpeg\",\"datePublished\":\"2022-12-28T12:41:11+00:00\",\"dateModified\":\"2023-06-01T12:13:35+00:00\",\"breadcrumb\":{\"@id\":\"https:\/\/shopcopy.medicest.eu\/et\/product\/mikronoeltega-rf-lifting-endymed-3deep-intensif\/#breadcrumb\"},\"inLanguage\":\"et\",\"potentialAction\":[{\"@type\":\"ReadAction\",\"target\":[\"https:\/\/shopcopy.medicest.eu\/et\/product\/mikronoeltega-rf-lifting-endymed-3deep-intensif\/\"]}]},{\"@type\":\"ImageObject\",\"inLanguage\":\"et\",\"@id\":\"https:\/\/shopcopy.medicest.eu\/et\/product\/mikronoeltega-rf-lifting-endymed-3deep-intensif\/#primaryimage\",\"url\":\"https:\/\/shopcopy.medicest.eu\/wp-content\/uploads\/2022\/12\/rf-medicest1.jpeg\",\"contentUrl\":\"https:\/\/shopcopy.medicest.eu\/wp-content\/uploads\/2022\/12\/rf-medicest1.jpeg\",\"width\":1200,\"height\":1200},{\"@type\":\"BreadcrumbList\",\"@id\":\"https:\/\/shopcopy.medicest.eu\/et\/product\/mikronoeltega-rf-lifting-endymed-3deep-intensif\/#breadcrumb\",\"itemListElement\":[{\"@type\":\"ListItem\",\"position\":1,\"name\":\"\",\"item\":\"https:\/\/shopcopy.medicest.eu\/et\/\"},{\"@type\":\"ListItem\",\"position\":2,\"name\":\"K\u00f5ik protseduurid\",\"item\":\"https:\/\/shopcopy.medicest.eu\/et\/shop\/\"},{\"@type\":\"ListItem\",\"position\":3,\"name\":\"Mikron\u00f5eltega RF-lifting EndyMed 3DEEP Intensif\"}]},{\"@type\":\"WebSite\",\"@id\":\"https:\/\/shopcopy.medicest.eu\/#website\",\"url\":\"https:\/\/shopcopy.medicest.eu\/\",\"name\":\"Medic-Esthetic beauty shop\",\"description\":\"Beauty shop\",\"publisher\":{\"@id\":\"https:\/\/shopcopy.medicest.eu\/#organization\"},\"potentialAction\":[{\"@type\":\"SearchAction\",\"target\":{\"@type\":\"EntryPoint\",\"urlTemplate\":\"https:\/\/shopcopy.medicest.eu\/?s={search_term_string}\"},\"query-input\":{\"@type\":\"PropertyValueSpecification\",\"valueRequired\":true,\"valueName\":\"search_term_string\"}}],\"inLanguage\":\"et\"},{\"@type\":\"Organization\",\"@id\":\"https:\/\/shopcopy.medicest.eu\/#organization\",\"name\":\"Medic-Esthetic beauty shop\",\"url\":\"https:\/\/shopcopy.medicest.eu\/\",\"logo\":{\"@type\":\"ImageObject\",\"inLanguage\":\"et\",\"@id\":\"https:\/\/shopcopy.medicest.eu\/#\/schema\/logo\/image\/\",\"url\":\"https:\/\/shopcopy.medicest.eu\/wp-content\/uploads\/2021\/12\/medicest-logo-new2021.png\",\"contentUrl\":\"https:\/\/shopcopy.medicest.eu\/wp-content\/uploads\/2021\/12\/medicest-logo-new2021.png\",\"width\":800,\"height\":211,\"caption\":\"Medic-Esthetic beauty shop\"},\"image\":{\"@id\":\"https:\/\/shopcopy.medicest.eu\/#\/schema\/logo\/image\/\"}}]}<\/script>\n<!-- \/ Yoast SEO plugin. -->","yoast_head_json":{"title":"Mikron\u00f5eltega RF-lifting EndyMed 3DEEP Intensif - Medic-Esthetic beauty shop","robots":{"index":"index","follow":"follow","max-snippet":"max-snippet:-1","max-image-preview":"max-image-preview:large","max-video-preview":"max-video-preview:-1"},"canonical":"https:\/\/shopcopy.medicest.eu\/et\/product\/mikronoeltega-rf-lifting-endymed-3deep-intensif\/","og_locale":"et_EE","og_type":"article","og_title":"Mikron\u00f5eltega RF-lifting EndyMed 3DEEP Intensif - Medic-Esthetic beauty shop","og_description":"N\u00f5eltega lifting on nime saanud kullatud mikron\u00f5elte kasutamise t\u00f5ttu, mis l\u00e4bivad epidermist, edastades raadiosagedusliku energia otse dermasse.  Protseduuri hinnale lisatud \u00fchekordse kullatud n\u00f5eltega otsiku hind 95\u20ac","og_url":"https:\/\/shopcopy.medicest.eu\/et\/product\/mikronoeltega-rf-lifting-endymed-3deep-intensif\/","og_site_name":"Medic-Esthetic beauty shop","article_modified_time":"2023-06-01T12:13:35+00:00","og_image":[{"width":1200,"height":1200,"url":"https:\/\/shopcopy.medicest.eu\/wp-content\/uploads\/2022\/12\/rf-medicest1.jpeg","type":"image\/jpeg"}],"twitter_card":"summary_large_image","schema":{"@context":"https:\/\/schema.org","@graph":[{"@type":"WebPage","@id":"https:\/\/shopcopy.medicest.eu\/et\/product\/mikronoeltega-rf-lifting-endymed-3deep-intensif\/","url":"https:\/\/shopcopy.medicest.eu\/et\/product\/mikronoeltega-rf-lifting-endymed-3deep-intensif\/","name":"Mikron\u00f5eltega RF-lifting EndyMed 3DEEP Intensif - Medic-Esthetic beauty shop","isPartOf":{"@id":"https:\/\/shopcopy.medicest.eu\/#website"},"primaryImageOfPage":{"@id":"https:\/\/shopcopy.medicest.eu\/et\/product\/mikronoeltega-rf-lifting-endymed-3deep-intensif\/#primaryimage"},"image":{"@id":"https:\/\/shopcopy.medicest.eu\/et\/product\/mikronoeltega-rf-lifting-endymed-3deep-intensif\/#primaryimage"},"thumbnailUrl":"https:\/\/shopcopy.medicest.eu\/wp-content\/uploads\/2022\/12\/rf-medicest1.jpeg","datePublished":"2022-12-28T12:41:11+00:00","dateModified":"2023-06-01T12:13:35+00:00","breadcrumb":{"@id":"https:\/\/shopcopy.medicest.eu\/et\/product\/mikronoeltega-rf-lifting-endymed-3deep-intensif\/#breadcrumb"},"inLanguage":"et","potentialAction":[{"@type":"ReadAction","target":["https:\/\/shopcopy.medicest.eu\/et\/product\/mikronoeltega-rf-lifting-endymed-3deep-intensif\/"]}]},{"@type":"ImageObject","inLanguage":"et","@id":"https:\/\/shopcopy.medicest.eu\/et\/product\/mikronoeltega-rf-lifting-endymed-3deep-intensif\/#primaryimage","url":"https:\/\/shopcopy.medicest.eu\/wp-content\/uploads\/2022\/12\/rf-medicest1.jpeg","contentUrl":"https:\/\/shopcopy.medicest.eu\/wp-content\/uploads\/2022\/12\/rf-medicest1.jpeg","width":1200,"height":1200},{"@type":"BreadcrumbList","@id":"https:\/\/shopcopy.medicest.eu\/et\/product\/mikronoeltega-rf-lifting-endymed-3deep-intensif\/#breadcrumb","itemListElement":[{"@type":"ListItem","position":1,"name":"","item":"https:\/\/shopcopy.medicest.eu\/et\/"},{"@type":"ListItem","position":2,"name":"K\u00f5ik protseduurid","item":"https:\/\/shopcopy.medicest.eu\/et\/shop\/"},{"@type":"ListItem","position":3,"name":"Mikron\u00f5eltega RF-lifting EndyMed 3DEEP Intensif"}]},{"@type":"WebSite","@id":"https:\/\/shopcopy.medicest.eu\/#website","url":"https:\/\/shopcopy.medicest.eu\/","name":"Medic-Esthetic beauty shop","description":"Beauty shop","publisher":{"@id":"https:\/\/shopcopy.medicest.eu\/#organization"},"potentialAction":[{"@type":"SearchAction","target":{"@type":"EntryPoint","urlTemplate":"https:\/\/shopcopy.medicest.eu\/?s={search_term_string}"},"query-input":{"@type":"PropertyValueSpecification","valueRequired":true,"valueName":"search_term_string"}}],"inLanguage":"et"},{"@type":"Organization","@id":"https:\/\/shopcopy.medicest.eu\/#organization","name":"Medic-Esthetic beauty shop","url":"https:\/\/shopcopy.medicest.eu\/","logo":{"@type":"ImageObject","inLanguage":"et","@id":"https:\/\/shopcopy.medicest.eu\/#\/schema\/logo\/image\/","url":"https:\/\/shopcopy.medicest.eu\/wp-content\/uploads\/2021\/12\/medicest-logo-new2021.png","contentUrl":"https:\/\/shopcopy.medicest.eu\/wp-content\/uploads\/2021\/12\/medicest-logo-new2021.png","width":800,"height":211,"caption":"Medic-Esthetic beauty shop"},"image":{"@id":"https:\/\/shopcopy.medicest.eu\/#\/schema\/logo\/image\/"}}]}},"_links":{"self":[{"href":"https:\/\/shopcopy.medicest.eu\/et\/wp-json\/wp\/v2\/product\/3793","targetHints":{"allow":["GET"]}}],"collection":[{"href":"https:\/\/shopcopy.medicest.eu\/et\/wp-json\/wp\/v2\/product"}],"about":[{"href":"https:\/\/shopcopy.medicest.eu\/et\/wp-json\/wp\/v2\/types\/product"}],"replies":[{"embeddable":true,"href":"https:\/\/shopcopy.medicest.eu\/et\/wp-json\/wp\/v2\/comments?post=3793"}],"wp:featuredmedia":[{"embeddable":true,"href":"https:\/\/shopcopy.medicest.eu\/et\/wp-json\/wp\/v2\/media\/3778"}],"wp:attachment":[{"href":"https:\/\/shopcopy.medicest.eu\/et\/wp-json\/wp\/v2\/media?parent=3793"}],"wp:term":[{"taxonomy":"product_cat","embeddable":true,"href":"https:\/\/shopcopy.medicest.eu\/et\/wp-json\/wp\/v2\/product_cat?post=3793"},{"taxonomy":"product_tag","embeddable":true,"href":"https:\/\/shopcopy.medicest.eu\/et\/wp-json\/wp\/v2\/product_tag?post=3793"}],"curies":[{"name":"wp","href":"https:\/\/api.w.org\/{rel}","templated":true}]}}