{"id":3990,"date":"2023-04-24T15:59:35","date_gmt":"2023-04-24T12:59:35","guid":{"rendered":"https:\/\/shopcopy.medicest.eu\/product\/miostimulyacziya-tela-vip-line-plus-isogei\/"},"modified":"2024-05-01T15:30:03","modified_gmt":"2024-05-01T12:30:03","slug":"kehamodelleerimine-vipline-plus","status":"publish","type":"product","link":"https:\/\/shopcopy.medicest.eu\/et\/product\/kehamodelleerimine-vipline-plus\/","title":{"rendered":"Kehamodelleerimine VipLine Plus"},"content":{"rendered":"<div class=\"elementor-element elementor-element-47ed1a9 elementor-widget elementor-widget-text-editor\" data-id=\"47ed1a9\" data-element_type=\"widget\" data-widget_type=\"text-editor.default\">\n<div class=\"elementor-widget-container\">\n<h4><strong>VipLine Plus figuuri korrigeerimiseks n\u00e4idustused:<\/strong><\/h4>\n<ul>\n<li aria-level=\"1\">lihaste l\u00f5tvus<\/li>\n<li aria-level=\"1\">longus figuur puusa-, talje-, k\u00e4te piirkonnas (triitsepsi piirkonnas), tuharatel<\/li>\n<li aria-level=\"1\">tselluliit<\/li>\n<li aria-level=\"1\">lihasmassi kasvatamise vajadus<\/li>\n<li aria-level=\"1\">vastun\u00e4idustused aktiivsele fu\u0308u\u0308silisele koormusele<\/li>\n<li aria-level=\"1\">u\u0308lekaal<\/li>\n<li aria-level=\"1\">lokaalsed rasvaladestused<\/li>\n<li aria-level=\"1\">tursed<\/li>\n<li aria-level=\"1\">naha l\u00f5tvus<\/li>\n<li aria-level=\"1\">figuuri disproportsioonid<\/li>\n<li aria-level=\"1\">traumaj\u00e4rgne taastumine<\/li>\n<li aria-level=\"1\">figuuri deformeerumine p\u00e4rast rasedust ja su\u0308nnitust<\/li>\n<\/ul>\n<p>Keha modelleerimise v\u00f5imalus seanssides oleneb kliendi erip\u00e4radest ja vajadustest, kehaehitusest, kaalust ja esteetiliste puuduste korrektsest analu\u0308u\u0308sist.<\/p>\n<p>Komplekssi VipLine Plus esimene visiit sisaldab \u00fcksikasjalikku konsultatsiooni, mille k\u00e4igus spetsialist kogub ja s\u00fcstematiseerib teavet kliendi ja tema terviseseisundi kohta, vaatleb probleemseid kohti ning hindab v\u00f5imalusi nende parandamiseks selle kompleksi abil.<\/p>\n<ul>\n<li>Soovitatav ravikuur: 10-15 protseduuri sagedusega 2 korda n\u00e4dalas.<\/li>\n<li>Protseduuri puhasaeg 30-40 min. Protseduuri u\u0308ldaeg 60 min.<\/li>\n<li>Hea tulemuse saavutamiseks keha modelleerimisel on soovitatav rakendada kompleksmeetmeid: kombineerida mu\u0308ostimulatsioon Vip Line \u00f5ige toitumise ja treeningutega.<\/li>\n<\/ul>\n<\/div>\n<\/div>\n","protected":false},"excerpt":{"rendered":"<p>Protseduurid <strong>Vip Line Plus aparaatkompleksiga (Itaalia)<\/strong> sobivad kiireks figuuri korrigeerimiseks, lihaste kujundamiseks, rasvamassi v\u00e4hendamiseks ja naha toonuse parandamiseks.<\/p>\n<p><span style=\"color: #ff0000;\">Valige ripploendist toode:<\/span><\/p>\n","protected":false},"featured_media":3987,"comment_status":"open","ping_status":"closed","template":"","meta":{"ocean_post_layout":"","ocean_both_sidebars_style":"","ocean_both_sidebars_content_width":0,"ocean_both_sidebars_sidebars_width":0,"ocean_sidebar":"0","ocean_second_sidebar":"0","ocean_disable_margins":"enable","ocean_add_body_class":"","ocean_shortcode_before_top_bar":"","ocean_shortcode_after_top_bar":"","ocean_shortcode_before_header":"","ocean_shortcode_after_header":"","ocean_has_shortcode":"","ocean_shortcode_after_title":"","ocean_shortcode_before_footer_widgets":"","ocean_shortcode_after_footer_widgets":"","ocean_shortcode_before_footer_bottom":"","ocean_shortcode_after_footer_bottom":"","ocean_display_top_bar":"default","ocean_display_header":"default","ocean_header_style":"","ocean_center_header_left_menu":"0","ocean_custom_header_template":"0","ocean_custom_logo":0,"ocean_custom_retina_logo":0,"ocean_custom_logo_max_width":0,"ocean_custom_logo_tablet_max_width":0,"ocean_custom_logo_mobile_max_width":0,"ocean_custom_logo_max_height":0,"ocean_custom_logo_tablet_max_height":0,"ocean_custom_logo_mobile_max_height":0,"ocean_header_custom_menu":"0","ocean_menu_typo_font_family":"0","ocean_menu_typo_font_subset":"","ocean_menu_typo_font_size":0,"ocean_menu_typo_font_size_tablet":0,"ocean_menu_typo_font_size_mobile":0,"ocean_menu_typo_font_size_unit":"px","ocean_menu_typo_font_weight":"","ocean_menu_typo_font_weight_tablet":"","ocean_menu_typo_font_weight_mobile":"","ocean_menu_typo_transform":"","ocean_menu_typo_transform_tablet":"","ocean_menu_typo_transform_mobile":"","ocean_menu_typo_line_height":0,"ocean_menu_typo_line_height_tablet":0,"ocean_menu_typo_line_height_mobile":0,"ocean_menu_typo_line_height_unit":"","ocean_menu_typo_spacing":0,"ocean_menu_typo_spacing_tablet":0,"ocean_menu_typo_spacing_mobile":0,"ocean_menu_typo_spacing_unit":"","ocean_menu_link_color":"","ocean_menu_link_color_hover":"","ocean_menu_link_color_active":"","ocean_menu_link_background":"","ocean_menu_link_hover_background":"","ocean_menu_link_active_background":"","ocean_menu_social_links_bg":"","ocean_menu_social_hover_links_bg":"","ocean_menu_social_links_color":"","ocean_menu_social_hover_links_color":"","ocean_disable_title":"default","ocean_disable_heading":"default","ocean_post_title":"","ocean_post_subheading":"","ocean_post_title_style":"","ocean_post_title_background_color":"","ocean_post_title_background":0,"ocean_post_title_bg_image_position":"","ocean_post_title_bg_image_attachment":"","ocean_post_title_bg_image_repeat":"","ocean_post_title_bg_image_size":"","ocean_post_title_height":0,"ocean_post_title_bg_overlay":0.5,"ocean_post_title_bg_overlay_color":"","ocean_disable_breadcrumbs":"default","ocean_breadcrumbs_color":"","ocean_breadcrumbs_separator_color":"","ocean_breadcrumbs_links_color":"","ocean_breadcrumbs_links_hover_color":"","ocean_display_footer_widgets":"default","ocean_display_footer_bottom":"default","ocean_custom_footer_template":"0"},"product_cat":[86],"product_tag":[],"class_list":{"0":"post-3990","1":"product","2":"type-product","3":"status-publish","4":"has-post-thumbnail","6":"product_cat-iluteenused","8":"entry","9":"has-media","11":"first","12":"instock","13":"taxable","14":"shipping-taxable","15":"purchasable","16":"product-type-variable","17":"has-product-nav","18":"col","19":"span_1_of_4","20":"owp-content-center","21":"owp-thumbs-layout-vertical","22":"owp-btn-normal","23":"owp-tabs-layout-vertical","24":"has-no-thumbnails","26":"circle-sale"},"yoast_head":"<!-- This site is optimized with the Yoast SEO plugin v23.6 - https:\/\/yoast.com\/wordpress\/plugins\/seo\/ -->\n<title>Kehamodelleerimine VipLine Plus - Medic-Esthetic beauty shop<\/title>\n<meta name=\"robots\" content=\"index, follow, max-snippet:-1, max-image-preview:large, max-video-preview:-1\" \/>\n<link rel=\"canonical\" href=\"https:\/\/shopcopy.medicest.eu\/et\/product\/kehamodelleerimine-vipline-plus\/\" \/>\n<meta property=\"og:locale\" content=\"et_EE\" \/>\n<meta property=\"og:type\" content=\"article\" \/>\n<meta property=\"og:title\" content=\"Kehamodelleerimine VipLine Plus - Medic-Esthetic beauty shop\" \/>\n<meta property=\"og:description\" content=\"Protseduurid Vip Line Plus aparaatkompleksiga (Itaalia) sobivad kiireks figuuri korrigeerimiseks, lihaste kujundamiseks, rasvamassi v\u00e4hendamiseks ja naha toonuse parandamiseks.  Valige ripploendist toode:\" \/>\n<meta property=\"og:url\" content=\"https:\/\/shopcopy.medicest.eu\/et\/product\/kehamodelleerimine-vipline-plus\/\" \/>\n<meta property=\"og:site_name\" content=\"Medic-Esthetic beauty shop\" \/>\n<meta property=\"article:modified_time\" content=\"2024-05-01T12:30:03+00:00\" \/>\n<meta property=\"og:image\" content=\"https:\/\/shopcopy.medicest.eu\/wp-content\/uploads\/2023\/04\/isogei-popa1.jpg\" \/>\n\t<meta property=\"og:image:width\" content=\"1200\" \/>\n\t<meta property=\"og:image:height\" content=\"1200\" \/>\n\t<meta property=\"og:image:type\" content=\"image\/jpeg\" \/>\n<meta name=\"twitter:card\" content=\"summary_large_image\" \/>\n<meta name=\"twitter:label1\" content=\"Est. reading time\" \/>\n\t<meta name=\"twitter:data1\" content=\"1 minut\" \/>\n<script type=\"application\/ld+json\" class=\"yoast-schema-graph\">{\"@context\":\"https:\/\/schema.org\",\"@graph\":[{\"@type\":\"WebPage\",\"@id\":\"https:\/\/shopcopy.medicest.eu\/et\/product\/kehamodelleerimine-vipline-plus\/\",\"url\":\"https:\/\/shopcopy.medicest.eu\/et\/product\/kehamodelleerimine-vipline-plus\/\",\"name\":\"Kehamodelleerimine VipLine Plus - Medic-Esthetic beauty shop\",\"isPartOf\":{\"@id\":\"https:\/\/shopcopy.medicest.eu\/#website\"},\"primaryImageOfPage\":{\"@id\":\"https:\/\/shopcopy.medicest.eu\/et\/product\/kehamodelleerimine-vipline-plus\/#primaryimage\"},\"image\":{\"@id\":\"https:\/\/shopcopy.medicest.eu\/et\/product\/kehamodelleerimine-vipline-plus\/#primaryimage\"},\"thumbnailUrl\":\"https:\/\/shopcopy.medicest.eu\/wp-content\/uploads\/2023\/04\/isogei-popa1.jpg\",\"datePublished\":\"2023-04-24T12:59:35+00:00\",\"dateModified\":\"2024-05-01T12:30:03+00:00\",\"breadcrumb\":{\"@id\":\"https:\/\/shopcopy.medicest.eu\/et\/product\/kehamodelleerimine-vipline-plus\/#breadcrumb\"},\"inLanguage\":\"et\",\"potentialAction\":[{\"@type\":\"ReadAction\",\"target\":[\"https:\/\/shopcopy.medicest.eu\/et\/product\/kehamodelleerimine-vipline-plus\/\"]}]},{\"@type\":\"ImageObject\",\"inLanguage\":\"et\",\"@id\":\"https:\/\/shopcopy.medicest.eu\/et\/product\/kehamodelleerimine-vipline-plus\/#primaryimage\",\"url\":\"https:\/\/shopcopy.medicest.eu\/wp-content\/uploads\/2023\/04\/isogei-popa1.jpg\",\"contentUrl\":\"https:\/\/shopcopy.medicest.eu\/wp-content\/uploads\/2023\/04\/isogei-popa1.jpg\",\"width\":1200,\"height\":1200},{\"@type\":\"BreadcrumbList\",\"@id\":\"https:\/\/shopcopy.medicest.eu\/et\/product\/kehamodelleerimine-vipline-plus\/#breadcrumb\",\"itemListElement\":[{\"@type\":\"ListItem\",\"position\":1,\"name\":\"\",\"item\":\"https:\/\/shopcopy.medicest.eu\/et\/\"},{\"@type\":\"ListItem\",\"position\":2,\"name\":\"K\u00f5ik protseduurid\",\"item\":\"https:\/\/shopcopy.medicest.eu\/et\/shop\/\"},{\"@type\":\"ListItem\",\"position\":3,\"name\":\"Kehamodelleerimine VipLine Plus\"}]},{\"@type\":\"WebSite\",\"@id\":\"https:\/\/shopcopy.medicest.eu\/#website\",\"url\":\"https:\/\/shopcopy.medicest.eu\/\",\"name\":\"Medic-Esthetic beauty shop\",\"description\":\"Beauty shop\",\"publisher\":{\"@id\":\"https:\/\/shopcopy.medicest.eu\/#organization\"},\"potentialAction\":[{\"@type\":\"SearchAction\",\"target\":{\"@type\":\"EntryPoint\",\"urlTemplate\":\"https:\/\/shopcopy.medicest.eu\/?s={search_term_string}\"},\"query-input\":{\"@type\":\"PropertyValueSpecification\",\"valueRequired\":true,\"valueName\":\"search_term_string\"}}],\"inLanguage\":\"et\"},{\"@type\":\"Organization\",\"@id\":\"https:\/\/shopcopy.medicest.eu\/#organization\",\"name\":\"Medic-Esthetic beauty shop\",\"url\":\"https:\/\/shopcopy.medicest.eu\/\",\"logo\":{\"@type\":\"ImageObject\",\"inLanguage\":\"et\",\"@id\":\"https:\/\/shopcopy.medicest.eu\/#\/schema\/logo\/image\/\",\"url\":\"https:\/\/shopcopy.medicest.eu\/wp-content\/uploads\/2021\/12\/medicest-logo-new2021.png\",\"contentUrl\":\"https:\/\/shopcopy.medicest.eu\/wp-content\/uploads\/2021\/12\/medicest-logo-new2021.png\",\"width\":800,\"height\":211,\"caption\":\"Medic-Esthetic beauty shop\"},\"image\":{\"@id\":\"https:\/\/shopcopy.medicest.eu\/#\/schema\/logo\/image\/\"}}]}<\/script>\n<!-- \/ Yoast SEO plugin. -->","yoast_head_json":{"title":"Kehamodelleerimine VipLine Plus - Medic-Esthetic beauty shop","robots":{"index":"index","follow":"follow","max-snippet":"max-snippet:-1","max-image-preview":"max-image-preview:large","max-video-preview":"max-video-preview:-1"},"canonical":"https:\/\/shopcopy.medicest.eu\/et\/product\/kehamodelleerimine-vipline-plus\/","og_locale":"et_EE","og_type":"article","og_title":"Kehamodelleerimine VipLine Plus - Medic-Esthetic beauty shop","og_description":"Protseduurid Vip Line Plus aparaatkompleksiga (Itaalia) sobivad kiireks figuuri korrigeerimiseks, lihaste kujundamiseks, rasvamassi v\u00e4hendamiseks ja naha toonuse parandamiseks.  Valige ripploendist toode:","og_url":"https:\/\/shopcopy.medicest.eu\/et\/product\/kehamodelleerimine-vipline-plus\/","og_site_name":"Medic-Esthetic beauty shop","article_modified_time":"2024-05-01T12:30:03+00:00","og_image":[{"width":1200,"height":1200,"url":"https:\/\/shopcopy.medicest.eu\/wp-content\/uploads\/2023\/04\/isogei-popa1.jpg","type":"image\/jpeg"}],"twitter_card":"summary_large_image","twitter_misc":{"Est. reading time":"1 minut"},"schema":{"@context":"https:\/\/schema.org","@graph":[{"@type":"WebPage","@id":"https:\/\/shopcopy.medicest.eu\/et\/product\/kehamodelleerimine-vipline-plus\/","url":"https:\/\/shopcopy.medicest.eu\/et\/product\/kehamodelleerimine-vipline-plus\/","name":"Kehamodelleerimine VipLine Plus - Medic-Esthetic beauty shop","isPartOf":{"@id":"https:\/\/shopcopy.medicest.eu\/#website"},"primaryImageOfPage":{"@id":"https:\/\/shopcopy.medicest.eu\/et\/product\/kehamodelleerimine-vipline-plus\/#primaryimage"},"image":{"@id":"https:\/\/shopcopy.medicest.eu\/et\/product\/kehamodelleerimine-vipline-plus\/#primaryimage"},"thumbnailUrl":"https:\/\/shopcopy.medicest.eu\/wp-content\/uploads\/2023\/04\/isogei-popa1.jpg","datePublished":"2023-04-24T12:59:35+00:00","dateModified":"2024-05-01T12:30:03+00:00","breadcrumb":{"@id":"https:\/\/shopcopy.medicest.eu\/et\/product\/kehamodelleerimine-vipline-plus\/#breadcrumb"},"inLanguage":"et","potentialAction":[{"@type":"ReadAction","target":["https:\/\/shopcopy.medicest.eu\/et\/product\/kehamodelleerimine-vipline-plus\/"]}]},{"@type":"ImageObject","inLanguage":"et","@id":"https:\/\/shopcopy.medicest.eu\/et\/product\/kehamodelleerimine-vipline-plus\/#primaryimage","url":"https:\/\/shopcopy.medicest.eu\/wp-content\/uploads\/2023\/04\/isogei-popa1.jpg","contentUrl":"https:\/\/shopcopy.medicest.eu\/wp-content\/uploads\/2023\/04\/isogei-popa1.jpg","width":1200,"height":1200},{"@type":"BreadcrumbList","@id":"https:\/\/shopcopy.medicest.eu\/et\/product\/kehamodelleerimine-vipline-plus\/#breadcrumb","itemListElement":[{"@type":"ListItem","position":1,"name":"","item":"https:\/\/shopcopy.medicest.eu\/et\/"},{"@type":"ListItem","position":2,"name":"K\u00f5ik protseduurid","item":"https:\/\/shopcopy.medicest.eu\/et\/shop\/"},{"@type":"ListItem","position":3,"name":"Kehamodelleerimine VipLine Plus"}]},{"@type":"WebSite","@id":"https:\/\/shopcopy.medicest.eu\/#website","url":"https:\/\/shopcopy.medicest.eu\/","name":"Medic-Esthetic beauty shop","description":"Beauty shop","publisher":{"@id":"https:\/\/shopcopy.medicest.eu\/#organization"},"potentialAction":[{"@type":"SearchAction","target":{"@type":"EntryPoint","urlTemplate":"https:\/\/shopcopy.medicest.eu\/?s={search_term_string}"},"query-input":{"@type":"PropertyValueSpecification","valueRequired":true,"valueName":"search_term_string"}}],"inLanguage":"et"},{"@type":"Organization","@id":"https:\/\/shopcopy.medicest.eu\/#organization","name":"Medic-Esthetic beauty shop","url":"https:\/\/shopcopy.medicest.eu\/","logo":{"@type":"ImageObject","inLanguage":"et","@id":"https:\/\/shopcopy.medicest.eu\/#\/schema\/logo\/image\/","url":"https:\/\/shopcopy.medicest.eu\/wp-content\/uploads\/2021\/12\/medicest-logo-new2021.png","contentUrl":"https:\/\/shopcopy.medicest.eu\/wp-content\/uploads\/2021\/12\/medicest-logo-new2021.png","width":800,"height":211,"caption":"Medic-Esthetic beauty shop"},"image":{"@id":"https:\/\/shopcopy.medicest.eu\/#\/schema\/logo\/image\/"}}]}},"_links":{"self":[{"href":"https:\/\/shopcopy.medicest.eu\/et\/wp-json\/wp\/v2\/product\/3990","targetHints":{"allow":["GET"]}}],"collection":[{"href":"https:\/\/shopcopy.medicest.eu\/et\/wp-json\/wp\/v2\/product"}],"about":[{"href":"https:\/\/shopcopy.medicest.eu\/et\/wp-json\/wp\/v2\/types\/product"}],"replies":[{"embeddable":true,"href":"https:\/\/shopcopy.medicest.eu\/et\/wp-json\/wp\/v2\/comments?post=3990"}],"wp:featuredmedia":[{"embeddable":true,"href":"https:\/\/shopcopy.medicest.eu\/et\/wp-json\/wp\/v2\/media\/3987"}],"wp:attachment":[{"href":"https:\/\/shopcopy.medicest.eu\/et\/wp-json\/wp\/v2\/media?parent=3990"}],"wp:term":[{"taxonomy":"product_cat","embeddable":true,"href":"https:\/\/shopcopy.medicest.eu\/et\/wp-json\/wp\/v2\/product_cat?post=3990"},{"taxonomy":"product_tag","embeddable":true,"href":"https:\/\/shopcopy.medicest.eu\/et\/wp-json\/wp\/v2\/product_tag?post=3990"}],"curies":[{"name":"wp","href":"https:\/\/api.w.org\/{rel}","templated":true}]}}