{"id":3996,"date":"2023-04-25T15:18:52","date_gmt":"2023-04-25T12:18:52","guid":{"rendered":"https:\/\/shopcopy.medicest.eu\/?post_type=product&#038;p=3996"},"modified":"2024-03-01T23:14:00","modified_gmt":"2024-03-01T21:14:00","slug":"komleksnaohooldused-pollogen","status":"publish","type":"product","link":"https:\/\/shopcopy.medicest.eu\/et\/product\/komleksnaohooldused-pollogen\/","title":{"rendered":"Komleksn\u00e4ohooldused Pollogen"},"content":{"rendered":"<h3><b>Komplekshooldus Printsess<\/b><\/h3>\n<p><strong>Tripollar RF<\/strong> on eksklusiivne ja s\u00fcgav naha eluj\u00f5u taastamise tehnoloogia t\u00e4nu p\u00e4risnaha s\u00fcgavamate kihtide multipolaarsele soojendamisele raadiosageduskiirgusega. See on t\u00e4isv\u00e4\u00e4rtuslik noorendamise protseduur, mis on suunatud p\u00e4risnaha s\u00fcgavale soojendamisele, kollageeni ja elastiini tootmise stimuleerimisele, kortsude silumisele ja nahka pinguldavale toimele.<\/p>\n<p><strong>S\u00fcgavatoimelise ultraheli mesoteraapia <\/strong>abil manustatakse noorendavad ained p\u00e4risnaha s\u00fcgavamatesse kihtidesse ultraheli k\u00f5rge sagedusega lainete abil. Tehnoloogia v\u00f5imaldab viia aktiivsed koostisosad p\u00e4risnaha s\u00fcgavusse, mis pole v\u00f5imalik vahendite tavalise peale kandmise korral. Selle tulemusena k\u00fcllastuvad koed hapnikuga, paraneb sidekoe elastsus, paraneb kudede pingeseisund ja toniseeruvad lihased. Naha mikrosoojendus ja massaa\u017e loovad pinguldava efekti.<\/p>\n<p>Aktiivsed koostisosad valitakse individuaalselt l\u00e4htudes naha vajadustest.<\/p>\n<p><strong>Tulemus:<\/strong> juba p\u00e4rast \u00fchte protseduuri n\u00e4eb n\u00e4gu v\u00e4lja noorem ja pinguldatum, kortsud silenevad, kaob turse ning nahk saab toitaineid ja niisutust.<\/p>\n<h3><\/h3>\n<h3 class=\"elementor-heading-title elementor-size-default\">Komplekshooldus Printsess<\/h3>\n<p><strong>1. TriPollar<\/strong><b> RF-lifting<\/b> kasutab RF-energiat, mis tungib su\u0308gavale nahka, mille tulemusena aktiveerub uue kollageeni su\u0308ntees. Nahk soojeneb, tekib m\u00f5nusa l\u00e4bitungiva soojuse tunne. Nahk sileneb, suureneb selle tihedus ja prinkus. TriPollari toime boonuseks on kohene liftinguefekt, mis pu\u0308sib ja tugevneb protseduuride vahel.<\/p>\n<p><b> 2. NeoMassage<\/b> t\u00e4iendab ja toetab lifting-efekti.<\/p>\n<p>NeoMassage \u2013 t\u00e4nu lihas-aponeurootilise kihi (koosneb lihastest ja sidekoest) intensiivsele m\u00f5jutamisele treenib selline aparaatmassaa\u017e nii n\u00e4olihaseid, t\u00f5stes nende toonust, kui ka v\u00f5imaldab l\u00f5dvestada pinges lihaseid ja v\u00e4hendada kortsude teket, mis on seotud miimikalihaste t\u00f6\u00f6ga.<\/p>\n<p><strong>Tulemus:<\/strong> Kohe p\u00e4rast esimest protseduuri on\u00a0 m\u00e4rgatav, kuidas kortsud ja \u201ekanavarbad\u201c on silenenud, nahk on toonuses ja elastsuse omandanud ning n\u00e4eb noorem v\u00e4lja.<\/p>\n","protected":false},"excerpt":{"rendered":"<p>Kaks protseduuris kasutatavat tehnoloogiat osutavad samaaegselt silmn\u00e4htavat pinguldavat ja nahka s\u00fcgavalt noorendavat toimet.<\/p>\n<p><span style=\"color: #ff0000;\">Valige ripploendist toode:<\/span><\/p>\n","protected":false},"featured_media":4009,"comment_status":"open","ping_status":"closed","template":"","meta":{"ocean_post_layout":"","ocean_both_sidebars_style":"","ocean_both_sidebars_content_width":0,"ocean_both_sidebars_sidebars_width":0,"ocean_sidebar":"0","ocean_second_sidebar":"0","ocean_disable_margins":"enable","ocean_add_body_class":"","ocean_shortcode_before_top_bar":"","ocean_shortcode_after_top_bar":"","ocean_shortcode_before_header":"","ocean_shortcode_after_header":"","ocean_has_shortcode":"","ocean_shortcode_after_title":"","ocean_shortcode_before_footer_widgets":"","ocean_shortcode_after_footer_widgets":"","ocean_shortcode_before_footer_bottom":"","ocean_shortcode_after_footer_bottom":"","ocean_display_top_bar":"default","ocean_display_header":"default","ocean_header_style":"","ocean_center_header_left_menu":"0","ocean_custom_header_template":"0","ocean_custom_logo":0,"ocean_custom_retina_logo":0,"ocean_custom_logo_max_width":0,"ocean_custom_logo_tablet_max_width":0,"ocean_custom_logo_mobile_max_width":0,"ocean_custom_logo_max_height":0,"ocean_custom_logo_tablet_max_height":0,"ocean_custom_logo_mobile_max_height":0,"ocean_header_custom_menu":"0","ocean_menu_typo_font_family":"0","ocean_menu_typo_font_subset":"","ocean_menu_typo_font_size":0,"ocean_menu_typo_font_size_tablet":0,"ocean_menu_typo_font_size_mobile":0,"ocean_menu_typo_font_size_unit":"px","ocean_menu_typo_font_weight":"","ocean_menu_typo_font_weight_tablet":"","ocean_menu_typo_font_weight_mobile":"","ocean_menu_typo_transform":"","ocean_menu_typo_transform_tablet":"","ocean_menu_typo_transform_mobile":"","ocean_menu_typo_line_height":0,"ocean_menu_typo_line_height_tablet":0,"ocean_menu_typo_line_height_mobile":0,"ocean_menu_typo_line_height_unit":"","ocean_menu_typo_spacing":0,"ocean_menu_typo_spacing_tablet":0,"ocean_menu_typo_spacing_mobile":0,"ocean_menu_typo_spacing_unit":"","ocean_menu_link_color":"","ocean_menu_link_color_hover":"","ocean_menu_link_color_active":"","ocean_menu_link_background":"","ocean_menu_link_hover_background":"","ocean_menu_link_active_background":"","ocean_menu_social_links_bg":"","ocean_menu_social_hover_links_bg":"","ocean_menu_social_links_color":"","ocean_menu_social_hover_links_color":"","ocean_disable_title":"default","ocean_disable_heading":"default","ocean_post_title":"","ocean_post_subheading":"","ocean_post_title_style":"","ocean_post_title_background_color":"","ocean_post_title_background":0,"ocean_post_title_bg_image_position":"","ocean_post_title_bg_image_attachment":"","ocean_post_title_bg_image_repeat":"","ocean_post_title_bg_image_size":"","ocean_post_title_height":0,"ocean_post_title_bg_overlay":0.5,"ocean_post_title_bg_overlay_color":"","ocean_disable_breadcrumbs":"default","ocean_breadcrumbs_color":"","ocean_breadcrumbs_separator_color":"","ocean_breadcrumbs_links_color":"","ocean_breadcrumbs_links_hover_color":"","ocean_display_footer_widgets":"default","ocean_display_footer_bottom":"default","ocean_custom_footer_template":"0"},"product_cat":[85],"product_tag":[],"class_list":{"0":"post-3996","1":"product","2":"type-product","3":"status-publish","4":"has-post-thumbnail","6":"product_cat-naohooldused","8":"entry","9":"has-media","11":"first","12":"instock","13":"taxable","14":"shipping-taxable","15":"purchasable","16":"product-type-variable","17":"has-product-nav","18":"col","19":"span_1_of_4","20":"owp-content-center","21":"owp-thumbs-layout-vertical","22":"owp-btn-normal","23":"owp-tabs-layout-vertical","24":"has-no-thumbnails","26":"circle-sale"},"yoast_head":"<!-- This site is optimized with the Yoast SEO plugin v23.6 - https:\/\/yoast.com\/wordpress\/plugins\/seo\/ -->\n<title>Komleksn\u00e4ohooldused Pollogen - Medic-Esthetic beauty shop<\/title>\n<meta name=\"robots\" content=\"index, follow, max-snippet:-1, max-image-preview:large, max-video-preview:-1\" \/>\n<link rel=\"canonical\" href=\"https:\/\/shopcopy.medicest.eu\/et\/product\/komleksnaohooldused-pollogen\/\" \/>\n<meta property=\"og:locale\" content=\"et_EE\" \/>\n<meta property=\"og:type\" content=\"article\" \/>\n<meta property=\"og:title\" content=\"Komleksn\u00e4ohooldused Pollogen - Medic-Esthetic beauty shop\" \/>\n<meta property=\"og:description\" content=\"Kaks protseduuris kasutatavat tehnoloogiat osutavad samaaegselt silmn\u00e4htavat pinguldavat ja nahka s\u00fcgavalt noorendavat toimet.  Valige ripploendist toode:\" \/>\n<meta property=\"og:url\" content=\"https:\/\/shopcopy.medicest.eu\/et\/product\/komleksnaohooldused-pollogen\/\" \/>\n<meta property=\"og:site_name\" content=\"Medic-Esthetic beauty shop\" \/>\n<meta property=\"article:modified_time\" content=\"2024-03-01T21:14:00+00:00\" \/>\n<meta property=\"og:image\" content=\"https:\/\/shopcopy.medicest.eu\/wp-content\/uploads\/2023\/04\/main.jpg\" \/>\n\t<meta property=\"og:image:width\" content=\"600\" \/>\n\t<meta property=\"og:image:height\" content=\"600\" \/>\n\t<meta property=\"og:image:type\" content=\"image\/jpeg\" \/>\n<meta name=\"twitter:card\" content=\"summary_large_image\" \/>\n<meta name=\"twitter:label1\" content=\"Est. reading time\" \/>\n\t<meta name=\"twitter:data1\" content=\"1 minut\" \/>\n<script type=\"application\/ld+json\" class=\"yoast-schema-graph\">{\"@context\":\"https:\/\/schema.org\",\"@graph\":[{\"@type\":\"WebPage\",\"@id\":\"https:\/\/shopcopy.medicest.eu\/et\/product\/komleksnaohooldused-pollogen\/\",\"url\":\"https:\/\/shopcopy.medicest.eu\/et\/product\/komleksnaohooldused-pollogen\/\",\"name\":\"Komleksn\u00e4ohooldused Pollogen - Medic-Esthetic beauty shop\",\"isPartOf\":{\"@id\":\"https:\/\/shopcopy.medicest.eu\/#website\"},\"primaryImageOfPage\":{\"@id\":\"https:\/\/shopcopy.medicest.eu\/et\/product\/komleksnaohooldused-pollogen\/#primaryimage\"},\"image\":{\"@id\":\"https:\/\/shopcopy.medicest.eu\/et\/product\/komleksnaohooldused-pollogen\/#primaryimage\"},\"thumbnailUrl\":\"https:\/\/shopcopy.medicest.eu\/wp-content\/uploads\/2023\/04\/main.jpg\",\"datePublished\":\"2023-04-25T12:18:52+00:00\",\"dateModified\":\"2024-03-01T21:14:00+00:00\",\"breadcrumb\":{\"@id\":\"https:\/\/shopcopy.medicest.eu\/et\/product\/komleksnaohooldused-pollogen\/#breadcrumb\"},\"inLanguage\":\"et\",\"potentialAction\":[{\"@type\":\"ReadAction\",\"target\":[\"https:\/\/shopcopy.medicest.eu\/et\/product\/komleksnaohooldused-pollogen\/\"]}]},{\"@type\":\"ImageObject\",\"inLanguage\":\"et\",\"@id\":\"https:\/\/shopcopy.medicest.eu\/et\/product\/komleksnaohooldused-pollogen\/#primaryimage\",\"url\":\"https:\/\/shopcopy.medicest.eu\/wp-content\/uploads\/2023\/04\/main.jpg\",\"contentUrl\":\"https:\/\/shopcopy.medicest.eu\/wp-content\/uploads\/2023\/04\/main.jpg\",\"width\":600,\"height\":600},{\"@type\":\"BreadcrumbList\",\"@id\":\"https:\/\/shopcopy.medicest.eu\/et\/product\/komleksnaohooldused-pollogen\/#breadcrumb\",\"itemListElement\":[{\"@type\":\"ListItem\",\"position\":1,\"name\":\"\",\"item\":\"https:\/\/shopcopy.medicest.eu\/et\/\"},{\"@type\":\"ListItem\",\"position\":2,\"name\":\"K\u00f5ik protseduurid\",\"item\":\"https:\/\/shopcopy.medicest.eu\/et\/shop\/\"},{\"@type\":\"ListItem\",\"position\":3,\"name\":\"Komleksn\u00e4ohooldused Pollogen\"}]},{\"@type\":\"WebSite\",\"@id\":\"https:\/\/shopcopy.medicest.eu\/#website\",\"url\":\"https:\/\/shopcopy.medicest.eu\/\",\"name\":\"Medic-Esthetic beauty shop\",\"description\":\"Beauty shop\",\"publisher\":{\"@id\":\"https:\/\/shopcopy.medicest.eu\/#organization\"},\"potentialAction\":[{\"@type\":\"SearchAction\",\"target\":{\"@type\":\"EntryPoint\",\"urlTemplate\":\"https:\/\/shopcopy.medicest.eu\/?s={search_term_string}\"},\"query-input\":{\"@type\":\"PropertyValueSpecification\",\"valueRequired\":true,\"valueName\":\"search_term_string\"}}],\"inLanguage\":\"et\"},{\"@type\":\"Organization\",\"@id\":\"https:\/\/shopcopy.medicest.eu\/#organization\",\"name\":\"Medic-Esthetic beauty shop\",\"url\":\"https:\/\/shopcopy.medicest.eu\/\",\"logo\":{\"@type\":\"ImageObject\",\"inLanguage\":\"et\",\"@id\":\"https:\/\/shopcopy.medicest.eu\/#\/schema\/logo\/image\/\",\"url\":\"https:\/\/shopcopy.medicest.eu\/wp-content\/uploads\/2021\/12\/medicest-logo-new2021.png\",\"contentUrl\":\"https:\/\/shopcopy.medicest.eu\/wp-content\/uploads\/2021\/12\/medicest-logo-new2021.png\",\"width\":800,\"height\":211,\"caption\":\"Medic-Esthetic beauty shop\"},\"image\":{\"@id\":\"https:\/\/shopcopy.medicest.eu\/#\/schema\/logo\/image\/\"}}]}<\/script>\n<!-- \/ Yoast SEO plugin. -->","yoast_head_json":{"title":"Komleksn\u00e4ohooldused Pollogen - Medic-Esthetic beauty shop","robots":{"index":"index","follow":"follow","max-snippet":"max-snippet:-1","max-image-preview":"max-image-preview:large","max-video-preview":"max-video-preview:-1"},"canonical":"https:\/\/shopcopy.medicest.eu\/et\/product\/komleksnaohooldused-pollogen\/","og_locale":"et_EE","og_type":"article","og_title":"Komleksn\u00e4ohooldused Pollogen - Medic-Esthetic beauty shop","og_description":"Kaks protseduuris kasutatavat tehnoloogiat osutavad samaaegselt silmn\u00e4htavat pinguldavat ja nahka s\u00fcgavalt noorendavat toimet.  Valige ripploendist toode:","og_url":"https:\/\/shopcopy.medicest.eu\/et\/product\/komleksnaohooldused-pollogen\/","og_site_name":"Medic-Esthetic beauty shop","article_modified_time":"2024-03-01T21:14:00+00:00","og_image":[{"width":600,"height":600,"url":"https:\/\/shopcopy.medicest.eu\/wp-content\/uploads\/2023\/04\/main.jpg","type":"image\/jpeg"}],"twitter_card":"summary_large_image","twitter_misc":{"Est. reading time":"1 minut"},"schema":{"@context":"https:\/\/schema.org","@graph":[{"@type":"WebPage","@id":"https:\/\/shopcopy.medicest.eu\/et\/product\/komleksnaohooldused-pollogen\/","url":"https:\/\/shopcopy.medicest.eu\/et\/product\/komleksnaohooldused-pollogen\/","name":"Komleksn\u00e4ohooldused Pollogen - Medic-Esthetic beauty shop","isPartOf":{"@id":"https:\/\/shopcopy.medicest.eu\/#website"},"primaryImageOfPage":{"@id":"https:\/\/shopcopy.medicest.eu\/et\/product\/komleksnaohooldused-pollogen\/#primaryimage"},"image":{"@id":"https:\/\/shopcopy.medicest.eu\/et\/product\/komleksnaohooldused-pollogen\/#primaryimage"},"thumbnailUrl":"https:\/\/shopcopy.medicest.eu\/wp-content\/uploads\/2023\/04\/main.jpg","datePublished":"2023-04-25T12:18:52+00:00","dateModified":"2024-03-01T21:14:00+00:00","breadcrumb":{"@id":"https:\/\/shopcopy.medicest.eu\/et\/product\/komleksnaohooldused-pollogen\/#breadcrumb"},"inLanguage":"et","potentialAction":[{"@type":"ReadAction","target":["https:\/\/shopcopy.medicest.eu\/et\/product\/komleksnaohooldused-pollogen\/"]}]},{"@type":"ImageObject","inLanguage":"et","@id":"https:\/\/shopcopy.medicest.eu\/et\/product\/komleksnaohooldused-pollogen\/#primaryimage","url":"https:\/\/shopcopy.medicest.eu\/wp-content\/uploads\/2023\/04\/main.jpg","contentUrl":"https:\/\/shopcopy.medicest.eu\/wp-content\/uploads\/2023\/04\/main.jpg","width":600,"height":600},{"@type":"BreadcrumbList","@id":"https:\/\/shopcopy.medicest.eu\/et\/product\/komleksnaohooldused-pollogen\/#breadcrumb","itemListElement":[{"@type":"ListItem","position":1,"name":"","item":"https:\/\/shopcopy.medicest.eu\/et\/"},{"@type":"ListItem","position":2,"name":"K\u00f5ik protseduurid","item":"https:\/\/shopcopy.medicest.eu\/et\/shop\/"},{"@type":"ListItem","position":3,"name":"Komleksn\u00e4ohooldused Pollogen"}]},{"@type":"WebSite","@id":"https:\/\/shopcopy.medicest.eu\/#website","url":"https:\/\/shopcopy.medicest.eu\/","name":"Medic-Esthetic beauty shop","description":"Beauty shop","publisher":{"@id":"https:\/\/shopcopy.medicest.eu\/#organization"},"potentialAction":[{"@type":"SearchAction","target":{"@type":"EntryPoint","urlTemplate":"https:\/\/shopcopy.medicest.eu\/?s={search_term_string}"},"query-input":{"@type":"PropertyValueSpecification","valueRequired":true,"valueName":"search_term_string"}}],"inLanguage":"et"},{"@type":"Organization","@id":"https:\/\/shopcopy.medicest.eu\/#organization","name":"Medic-Esthetic beauty shop","url":"https:\/\/shopcopy.medicest.eu\/","logo":{"@type":"ImageObject","inLanguage":"et","@id":"https:\/\/shopcopy.medicest.eu\/#\/schema\/logo\/image\/","url":"https:\/\/shopcopy.medicest.eu\/wp-content\/uploads\/2021\/12\/medicest-logo-new2021.png","contentUrl":"https:\/\/shopcopy.medicest.eu\/wp-content\/uploads\/2021\/12\/medicest-logo-new2021.png","width":800,"height":211,"caption":"Medic-Esthetic beauty shop"},"image":{"@id":"https:\/\/shopcopy.medicest.eu\/#\/schema\/logo\/image\/"}}]}},"_links":{"self":[{"href":"https:\/\/shopcopy.medicest.eu\/et\/wp-json\/wp\/v2\/product\/3996","targetHints":{"allow":["GET"]}}],"collection":[{"href":"https:\/\/shopcopy.medicest.eu\/et\/wp-json\/wp\/v2\/product"}],"about":[{"href":"https:\/\/shopcopy.medicest.eu\/et\/wp-json\/wp\/v2\/types\/product"}],"replies":[{"embeddable":true,"href":"https:\/\/shopcopy.medicest.eu\/et\/wp-json\/wp\/v2\/comments?post=3996"}],"wp:featuredmedia":[{"embeddable":true,"href":"https:\/\/shopcopy.medicest.eu\/et\/wp-json\/wp\/v2\/media\/4009"}],"wp:attachment":[{"href":"https:\/\/shopcopy.medicest.eu\/et\/wp-json\/wp\/v2\/media?parent=3996"}],"wp:term":[{"taxonomy":"product_cat","embeddable":true,"href":"https:\/\/shopcopy.medicest.eu\/et\/wp-json\/wp\/v2\/product_cat?post=3996"},{"taxonomy":"product_tag","embeddable":true,"href":"https:\/\/shopcopy.medicest.eu\/et\/wp-json\/wp\/v2\/product_tag?post=3996"}],"curies":[{"name":"wp","href":"https:\/\/api.w.org\/{rel}","templated":true}]}}