{"id":4024,"date":"2023-05-05T14:35:26","date_gmt":"2023-05-05T11:35:26","guid":{"rendered":"https:\/\/shopcopy.medicest.eu\/?post_type=product&#038;p=4024"},"modified":"2024-01-01T23:01:09","modified_gmt":"2024-01-01T21:01:09","slug":"mikrovoolude-teraapia-vip-line-plus","status":"publish","type":"product","link":"https:\/\/shopcopy.medicest.eu\/et\/product\/mikrovoolude-teraapia-vip-line-plus\/","title":{"rendered":"Mikrovoolude teraapia Vip Line Plus"},"content":{"rendered":"<p>Mikrovoolude teraapiaga stimuleeritakse rakke, mis p\u00f5hjustab k\u00f5ikide rakuprotsesside (ainevahetusprotsesside, metaboolsete-, energeetiliste protsesside, fibroblastide aktiivsuse, kollageeni tootmise) aktiveerumist. Selline raku t\u00f6\u00f6 viib lihastoonuse taastumiseni \u2013 nahk pinguldub. Mikrotsirkulatsiooni paranemine p\u00f5hjustab tursete, pigmentatsiooni, tumedate silmaaluste v\u00e4henemist. Mikrovoolude m\u00f5jul muutuvad naharakud vastuv\u00f5tlikuks ja seda hetke kasutatakse erinevate kergesti l\u00e4bi naha tungivate kosmeetikatoodete manustamiseks.<\/p>\n<div class=\"elementor-column elementor-col-50 elementor-top-column elementor-element elementor-element-33bd4e2\" data-id=\"33bd4e2\" data-element_type=\"column\">\n<div class=\"elementor-widget-wrap elementor-element-populated\">\n<div class=\"elementor-element elementor-element-ca1536f elementor-widget elementor-widget-text-editor\" data-id=\"ca1536f\" data-element_type=\"widget\" data-widget_type=\"text-editor.default\">\n<div class=\"elementor-widget-container\">\n<h4><strong>Eelised:\u00a0<\/strong><\/h4>\n<ul>\n<li aria-level=\"1\">Mikrovoolud v\u00f5imendavad k\u00f5ikide raviprotseduuride ja -programmide m\u00f5ju<\/li>\n<li aria-level=\"1\">Mikrovoolud sobivad ideaalselt kokku ja t\u00e4iendavad mistahes aparaadi kosmeetilisi\u00a0 protseduure. N\u00e4iteks RF-lifting, mis muudab voolu toimel kudede temperatuuri.<\/li>\n<li aria-level=\"1\">Mikrovooludel on valuvaigistav toime, seega on hea neid enne mesoteraapiat l\u00e4bi viia<\/li>\n<li aria-level=\"1\">On kliente, kellel on enamik protseduuride vastun\u00e4idustatud, reeglina sellistele klientidele mikrovoolud sobivad.<\/li>\n<\/ul>\n<\/div>\n<\/div>\n<\/div>\n<\/div>\n<p>&nbsp;<\/p>\n","protected":false},"excerpt":{"rendered":"<p><strong>Mikrovoolud<\/strong> m\u00f5jutavad \u00f5rnalt k\u00f5iki naha kihte, aga ka veresooni ja lihaseid, soodustavad rakkude jagunemist ja stimuleerib toksiinide v\u00e4ljutamist.<\/p>\n<p><span style=\"color: #ff0000;\">Valige ripploendist toode:<\/span><\/p>\n","protected":false},"featured_media":4034,"comment_status":"open","ping_status":"closed","template":"","meta":{"ocean_post_layout":"","ocean_both_sidebars_style":"","ocean_both_sidebars_content_width":0,"ocean_both_sidebars_sidebars_width":0,"ocean_sidebar":"0","ocean_second_sidebar":"0","ocean_disable_margins":"enable","ocean_add_body_class":"","ocean_shortcode_before_top_bar":"","ocean_shortcode_after_top_bar":"","ocean_shortcode_before_header":"","ocean_shortcode_after_header":"","ocean_has_shortcode":"","ocean_shortcode_after_title":"","ocean_shortcode_before_footer_widgets":"","ocean_shortcode_after_footer_widgets":"","ocean_shortcode_before_footer_bottom":"","ocean_shortcode_after_footer_bottom":"","ocean_display_top_bar":"default","ocean_display_header":"default","ocean_header_style":"","ocean_center_header_left_menu":"0","ocean_custom_header_template":"0","ocean_custom_logo":0,"ocean_custom_retina_logo":0,"ocean_custom_logo_max_width":0,"ocean_custom_logo_tablet_max_width":0,"ocean_custom_logo_mobile_max_width":0,"ocean_custom_logo_max_height":0,"ocean_custom_logo_tablet_max_height":0,"ocean_custom_logo_mobile_max_height":0,"ocean_header_custom_menu":"0","ocean_menu_typo_font_family":"0","ocean_menu_typo_font_subset":"","ocean_menu_typo_font_size":0,"ocean_menu_typo_font_size_tablet":0,"ocean_menu_typo_font_size_mobile":0,"ocean_menu_typo_font_size_unit":"px","ocean_menu_typo_font_weight":"","ocean_menu_typo_font_weight_tablet":"","ocean_menu_typo_font_weight_mobile":"","ocean_menu_typo_transform":"","ocean_menu_typo_transform_tablet":"","ocean_menu_typo_transform_mobile":"","ocean_menu_typo_line_height":0,"ocean_menu_typo_line_height_tablet":0,"ocean_menu_typo_line_height_mobile":0,"ocean_menu_typo_line_height_unit":"","ocean_menu_typo_spacing":0,"ocean_menu_typo_spacing_tablet":0,"ocean_menu_typo_spacing_mobile":0,"ocean_menu_typo_spacing_unit":"","ocean_menu_link_color":"","ocean_menu_link_color_hover":"","ocean_menu_link_color_active":"","ocean_menu_link_background":"","ocean_menu_link_hover_background":"","ocean_menu_link_active_background":"","ocean_menu_social_links_bg":"","ocean_menu_social_hover_links_bg":"","ocean_menu_social_links_color":"","ocean_menu_social_hover_links_color":"","ocean_disable_title":"default","ocean_disable_heading":"default","ocean_post_title":"","ocean_post_subheading":"","ocean_post_title_style":"","ocean_post_title_background_color":"","ocean_post_title_background":0,"ocean_post_title_bg_image_position":"","ocean_post_title_bg_image_attachment":"","ocean_post_title_bg_image_repeat":"","ocean_post_title_bg_image_size":"","ocean_post_title_height":0,"ocean_post_title_bg_overlay":0.5,"ocean_post_title_bg_overlay_color":"","ocean_disable_breadcrumbs":"default","ocean_breadcrumbs_color":"","ocean_breadcrumbs_separator_color":"","ocean_breadcrumbs_links_color":"","ocean_breadcrumbs_links_hover_color":"","ocean_display_footer_widgets":"default","ocean_display_footer_bottom":"default","ocean_custom_footer_template":"0"},"product_cat":[86],"product_tag":[],"class_list":{"0":"post-4024","1":"product","2":"type-product","3":"status-publish","4":"has-post-thumbnail","6":"product_cat-iluteenused","8":"entry","9":"has-media","11":"first","12":"instock","13":"taxable","14":"shipping-taxable","15":"purchasable","16":"product-type-variable","17":"has-product-nav","18":"col","19":"span_1_of_4","20":"owp-content-center","21":"owp-thumbs-layout-vertical","22":"owp-btn-normal","23":"owp-tabs-layout-vertical","24":"has-no-thumbnails","26":"circle-sale"},"yoast_head":"<!-- This site is optimized with the Yoast SEO plugin v23.6 - https:\/\/yoast.com\/wordpress\/plugins\/seo\/ -->\n<title>Mikrovoolude teraapia Vip Line Plus - Medic-Esthetic beauty shop<\/title>\n<meta name=\"robots\" content=\"index, follow, max-snippet:-1, max-image-preview:large, max-video-preview:-1\" \/>\n<link rel=\"canonical\" href=\"https:\/\/shopcopy.medicest.eu\/et\/product\/mikrovoolude-teraapia-vip-line-plus\/\" \/>\n<meta property=\"og:locale\" content=\"et_EE\" \/>\n<meta property=\"og:type\" content=\"article\" \/>\n<meta property=\"og:title\" content=\"Mikrovoolude teraapia Vip Line Plus - Medic-Esthetic beauty shop\" \/>\n<meta property=\"og:description\" content=\"Mikrovoolud m\u00f5jutavad \u00f5rnalt k\u00f5iki naha kihte, aga ka veresooni ja lihaseid, soodustavad rakkude jagunemist ja stimuleerib toksiinide v\u00e4ljutamist.  Valige ripploendist toode:\" \/>\n<meta property=\"og:url\" content=\"https:\/\/shopcopy.medicest.eu\/et\/product\/mikrovoolude-teraapia-vip-line-plus\/\" \/>\n<meta property=\"og:site_name\" content=\"Medic-Esthetic beauty shop\" \/>\n<meta property=\"article:modified_time\" content=\"2024-01-01T21:01:09+00:00\" \/>\n<meta property=\"og:image\" content=\"https:\/\/shopcopy.medicest.eu\/wp-content\/uploads\/2023\/05\/780x3352.jpeg\" \/>\n\t<meta property=\"og:image:width\" content=\"600\" \/>\n\t<meta property=\"og:image:height\" content=\"600\" \/>\n\t<meta property=\"og:image:type\" content=\"image\/jpeg\" \/>\n<meta name=\"twitter:card\" content=\"summary_large_image\" \/>\n<meta name=\"twitter:label1\" content=\"Est. reading time\" \/>\n\t<meta name=\"twitter:data1\" content=\"1 minut\" \/>\n<script type=\"application\/ld+json\" class=\"yoast-schema-graph\">{\"@context\":\"https:\/\/schema.org\",\"@graph\":[{\"@type\":\"WebPage\",\"@id\":\"https:\/\/shopcopy.medicest.eu\/et\/product\/mikrovoolude-teraapia-vip-line-plus\/\",\"url\":\"https:\/\/shopcopy.medicest.eu\/et\/product\/mikrovoolude-teraapia-vip-line-plus\/\",\"name\":\"Mikrovoolude teraapia Vip Line Plus - Medic-Esthetic beauty shop\",\"isPartOf\":{\"@id\":\"https:\/\/shopcopy.medicest.eu\/#website\"},\"primaryImageOfPage\":{\"@id\":\"https:\/\/shopcopy.medicest.eu\/et\/product\/mikrovoolude-teraapia-vip-line-plus\/#primaryimage\"},\"image\":{\"@id\":\"https:\/\/shopcopy.medicest.eu\/et\/product\/mikrovoolude-teraapia-vip-line-plus\/#primaryimage\"},\"thumbnailUrl\":\"https:\/\/shopcopy.medicest.eu\/wp-content\/uploads\/2023\/05\/780x3352.jpeg\",\"datePublished\":\"2023-05-05T11:35:26+00:00\",\"dateModified\":\"2024-01-01T21:01:09+00:00\",\"breadcrumb\":{\"@id\":\"https:\/\/shopcopy.medicest.eu\/et\/product\/mikrovoolude-teraapia-vip-line-plus\/#breadcrumb\"},\"inLanguage\":\"et\",\"potentialAction\":[{\"@type\":\"ReadAction\",\"target\":[\"https:\/\/shopcopy.medicest.eu\/et\/product\/mikrovoolude-teraapia-vip-line-plus\/\"]}]},{\"@type\":\"ImageObject\",\"inLanguage\":\"et\",\"@id\":\"https:\/\/shopcopy.medicest.eu\/et\/product\/mikrovoolude-teraapia-vip-line-plus\/#primaryimage\",\"url\":\"https:\/\/shopcopy.medicest.eu\/wp-content\/uploads\/2023\/05\/780x3352.jpeg\",\"contentUrl\":\"https:\/\/shopcopy.medicest.eu\/wp-content\/uploads\/2023\/05\/780x3352.jpeg\",\"width\":600,\"height\":600},{\"@type\":\"BreadcrumbList\",\"@id\":\"https:\/\/shopcopy.medicest.eu\/et\/product\/mikrovoolude-teraapia-vip-line-plus\/#breadcrumb\",\"itemListElement\":[{\"@type\":\"ListItem\",\"position\":1,\"name\":\"\",\"item\":\"https:\/\/shopcopy.medicest.eu\/et\/\"},{\"@type\":\"ListItem\",\"position\":2,\"name\":\"K\u00f5ik protseduurid\",\"item\":\"https:\/\/shopcopy.medicest.eu\/et\/shop\/\"},{\"@type\":\"ListItem\",\"position\":3,\"name\":\"Mikrovoolude teraapia Vip Line Plus\"}]},{\"@type\":\"WebSite\",\"@id\":\"https:\/\/shopcopy.medicest.eu\/#website\",\"url\":\"https:\/\/shopcopy.medicest.eu\/\",\"name\":\"Medic-Esthetic beauty shop\",\"description\":\"Beauty shop\",\"publisher\":{\"@id\":\"https:\/\/shopcopy.medicest.eu\/#organization\"},\"potentialAction\":[{\"@type\":\"SearchAction\",\"target\":{\"@type\":\"EntryPoint\",\"urlTemplate\":\"https:\/\/shopcopy.medicest.eu\/?s={search_term_string}\"},\"query-input\":{\"@type\":\"PropertyValueSpecification\",\"valueRequired\":true,\"valueName\":\"search_term_string\"}}],\"inLanguage\":\"et\"},{\"@type\":\"Organization\",\"@id\":\"https:\/\/shopcopy.medicest.eu\/#organization\",\"name\":\"Medic-Esthetic beauty shop\",\"url\":\"https:\/\/shopcopy.medicest.eu\/\",\"logo\":{\"@type\":\"ImageObject\",\"inLanguage\":\"et\",\"@id\":\"https:\/\/shopcopy.medicest.eu\/#\/schema\/logo\/image\/\",\"url\":\"https:\/\/shopcopy.medicest.eu\/wp-content\/uploads\/2021\/12\/medicest-logo-new2021.png\",\"contentUrl\":\"https:\/\/shopcopy.medicest.eu\/wp-content\/uploads\/2021\/12\/medicest-logo-new2021.png\",\"width\":800,\"height\":211,\"caption\":\"Medic-Esthetic beauty shop\"},\"image\":{\"@id\":\"https:\/\/shopcopy.medicest.eu\/#\/schema\/logo\/image\/\"}}]}<\/script>\n<!-- \/ Yoast SEO plugin. -->","yoast_head_json":{"title":"Mikrovoolude teraapia Vip Line Plus - Medic-Esthetic beauty shop","robots":{"index":"index","follow":"follow","max-snippet":"max-snippet:-1","max-image-preview":"max-image-preview:large","max-video-preview":"max-video-preview:-1"},"canonical":"https:\/\/shopcopy.medicest.eu\/et\/product\/mikrovoolude-teraapia-vip-line-plus\/","og_locale":"et_EE","og_type":"article","og_title":"Mikrovoolude teraapia Vip Line Plus - Medic-Esthetic beauty shop","og_description":"Mikrovoolud m\u00f5jutavad \u00f5rnalt k\u00f5iki naha kihte, aga ka veresooni ja lihaseid, soodustavad rakkude jagunemist ja stimuleerib toksiinide v\u00e4ljutamist.  Valige ripploendist toode:","og_url":"https:\/\/shopcopy.medicest.eu\/et\/product\/mikrovoolude-teraapia-vip-line-plus\/","og_site_name":"Medic-Esthetic beauty shop","article_modified_time":"2024-01-01T21:01:09+00:00","og_image":[{"width":600,"height":600,"url":"https:\/\/shopcopy.medicest.eu\/wp-content\/uploads\/2023\/05\/780x3352.jpeg","type":"image\/jpeg"}],"twitter_card":"summary_large_image","twitter_misc":{"Est. reading time":"1 minut"},"schema":{"@context":"https:\/\/schema.org","@graph":[{"@type":"WebPage","@id":"https:\/\/shopcopy.medicest.eu\/et\/product\/mikrovoolude-teraapia-vip-line-plus\/","url":"https:\/\/shopcopy.medicest.eu\/et\/product\/mikrovoolude-teraapia-vip-line-plus\/","name":"Mikrovoolude teraapia Vip Line Plus - Medic-Esthetic beauty shop","isPartOf":{"@id":"https:\/\/shopcopy.medicest.eu\/#website"},"primaryImageOfPage":{"@id":"https:\/\/shopcopy.medicest.eu\/et\/product\/mikrovoolude-teraapia-vip-line-plus\/#primaryimage"},"image":{"@id":"https:\/\/shopcopy.medicest.eu\/et\/product\/mikrovoolude-teraapia-vip-line-plus\/#primaryimage"},"thumbnailUrl":"https:\/\/shopcopy.medicest.eu\/wp-content\/uploads\/2023\/05\/780x3352.jpeg","datePublished":"2023-05-05T11:35:26+00:00","dateModified":"2024-01-01T21:01:09+00:00","breadcrumb":{"@id":"https:\/\/shopcopy.medicest.eu\/et\/product\/mikrovoolude-teraapia-vip-line-plus\/#breadcrumb"},"inLanguage":"et","potentialAction":[{"@type":"ReadAction","target":["https:\/\/shopcopy.medicest.eu\/et\/product\/mikrovoolude-teraapia-vip-line-plus\/"]}]},{"@type":"ImageObject","inLanguage":"et","@id":"https:\/\/shopcopy.medicest.eu\/et\/product\/mikrovoolude-teraapia-vip-line-plus\/#primaryimage","url":"https:\/\/shopcopy.medicest.eu\/wp-content\/uploads\/2023\/05\/780x3352.jpeg","contentUrl":"https:\/\/shopcopy.medicest.eu\/wp-content\/uploads\/2023\/05\/780x3352.jpeg","width":600,"height":600},{"@type":"BreadcrumbList","@id":"https:\/\/shopcopy.medicest.eu\/et\/product\/mikrovoolude-teraapia-vip-line-plus\/#breadcrumb","itemListElement":[{"@type":"ListItem","position":1,"name":"","item":"https:\/\/shopcopy.medicest.eu\/et\/"},{"@type":"ListItem","position":2,"name":"K\u00f5ik protseduurid","item":"https:\/\/shopcopy.medicest.eu\/et\/shop\/"},{"@type":"ListItem","position":3,"name":"Mikrovoolude teraapia Vip Line Plus"}]},{"@type":"WebSite","@id":"https:\/\/shopcopy.medicest.eu\/#website","url":"https:\/\/shopcopy.medicest.eu\/","name":"Medic-Esthetic beauty shop","description":"Beauty shop","publisher":{"@id":"https:\/\/shopcopy.medicest.eu\/#organization"},"potentialAction":[{"@type":"SearchAction","target":{"@type":"EntryPoint","urlTemplate":"https:\/\/shopcopy.medicest.eu\/?s={search_term_string}"},"query-input":{"@type":"PropertyValueSpecification","valueRequired":true,"valueName":"search_term_string"}}],"inLanguage":"et"},{"@type":"Organization","@id":"https:\/\/shopcopy.medicest.eu\/#organization","name":"Medic-Esthetic beauty shop","url":"https:\/\/shopcopy.medicest.eu\/","logo":{"@type":"ImageObject","inLanguage":"et","@id":"https:\/\/shopcopy.medicest.eu\/#\/schema\/logo\/image\/","url":"https:\/\/shopcopy.medicest.eu\/wp-content\/uploads\/2021\/12\/medicest-logo-new2021.png","contentUrl":"https:\/\/shopcopy.medicest.eu\/wp-content\/uploads\/2021\/12\/medicest-logo-new2021.png","width":800,"height":211,"caption":"Medic-Esthetic beauty shop"},"image":{"@id":"https:\/\/shopcopy.medicest.eu\/#\/schema\/logo\/image\/"}}]}},"_links":{"self":[{"href":"https:\/\/shopcopy.medicest.eu\/et\/wp-json\/wp\/v2\/product\/4024","targetHints":{"allow":["GET"]}}],"collection":[{"href":"https:\/\/shopcopy.medicest.eu\/et\/wp-json\/wp\/v2\/product"}],"about":[{"href":"https:\/\/shopcopy.medicest.eu\/et\/wp-json\/wp\/v2\/types\/product"}],"replies":[{"embeddable":true,"href":"https:\/\/shopcopy.medicest.eu\/et\/wp-json\/wp\/v2\/comments?post=4024"}],"wp:featuredmedia":[{"embeddable":true,"href":"https:\/\/shopcopy.medicest.eu\/et\/wp-json\/wp\/v2\/media\/4034"}],"wp:attachment":[{"href":"https:\/\/shopcopy.medicest.eu\/et\/wp-json\/wp\/v2\/media?parent=4024"}],"wp:term":[{"taxonomy":"product_cat","embeddable":true,"href":"https:\/\/shopcopy.medicest.eu\/et\/wp-json\/wp\/v2\/product_cat?post=4024"},{"taxonomy":"product_tag","embeddable":true,"href":"https:\/\/shopcopy.medicest.eu\/et\/wp-json\/wp\/v2\/product_tag?post=4024"}],"curies":[{"name":"wp","href":"https:\/\/api.w.org\/{rel}","templated":true}]}}