{"id":4090,"date":"2023-06-19T16:54:59","date_gmt":"2023-06-19T13:54:59","guid":{"rendered":"https:\/\/shopcopy.medicest.eu\/product\/fermentoterapiya-dmk-danne\/"},"modified":"2024-12-01T00:52:38","modified_gmt":"2024-11-30T22:52:38","slug":"ensuumteraapia-dmk-danne","status":"publish","type":"product","link":"https:\/\/shopcopy.medicest.eu\/et\/product\/ensuumteraapia-dmk-danne\/","title":{"rendered":"Ens\u00fc\u00fcmteraapia DMK DANNE"},"content":{"rendered":"<div class=\"elementor-element elementor-element-1390326 elementor-widget elementor-widget-text-editor\" data-id=\"1390326\" data-element_type=\"widget\" data-widget_type=\"text-editor.default\">\n<div class=\"elementor-widget-container\">\n<div class=\"elementor-element elementor-element-1390326 elementor-widget elementor-widget-text-editor\" data-id=\"1390326\" data-element_type=\"widget\" data-widget_type=\"text-editor.default\">\n<div class=\"elementor-widget-container\">\n<p>Br\u00e4ndi aluseks on ainulaadse koostisega <b>ens\u00fc\u00fcmteraapia<\/b>, mille koostisained stimuleerivad naharakkude taastumist. Sellel meetodil puuduvad siiani analoogid.\u00a0DMK sarja kuuluvad veel: eksklusiivsed aluselised, samuti kombineeritud, ens\u00fc\u00fcmkoorijad ja puuviljahappeid sisaldav koorija.<\/p>\n<\/div>\n<\/div>\n<div class=\"elementor-element elementor-element-ab9258e elementor-widget elementor-widget-text-editor\" data-id=\"ab9258e\" data-element_type=\"widget\" data-widget_type=\"text-editor.default\">\n<div class=\"elementor-widget-container\">\n<blockquote><p>DMK s\u00fcsteemil on selge kontseptsioon, millest kinni pidades saate alati tulemuse: <strong><i>\u201eEi ole olemas nahat\u00fc\u00fcpe \u2013 on naha seisundid!\u201c<\/i><\/strong><\/p><\/blockquote>\n<\/div>\n<\/div>\n<div class=\"elementor-element elementor-element-160722d elementor-widget elementor-widget-text-editor\" data-id=\"160722d\" data-element_type=\"widget\" data-widget_type=\"text-editor.default\">\n<div class=\"elementor-widget-container\">\n<p>Ens\u00fc\u00fcmteraapiaga korrigeerimine annab alati positiivse tulemuse, kuna spetsialistid j\u00e4rgivad rangelt k\u00f5iki kontseptsiooni etappe.<\/p>\n<p>Selline l\u00e4henemine ongi erakordsete tulemuste saavutamise v\u00f5ti, kuna see kujundab inimeste naha ja elu \u00fcmber \u201ev\u00e4ljastpoolt sissepoole\u201c v\u00f5i \u201enahapinnalt vormini\u201c.<\/p>\n<\/div>\n<\/div>\n<\/div>\n<\/div>\n","protected":false},"excerpt":{"rendered":"<p>DMK Danne (USA, California) on kaubam\u00e4rk, mis pakub nahahoolduse ja nahaprobleemide lahendamise terviklikku l\u00e4henemist.<\/p>\n","protected":false},"featured_media":4084,"comment_status":"open","ping_status":"closed","template":"","meta":{"ocean_post_layout":"","ocean_both_sidebars_style":"","ocean_both_sidebars_content_width":0,"ocean_both_sidebars_sidebars_width":0,"ocean_sidebar":"0","ocean_second_sidebar":"0","ocean_disable_margins":"enable","ocean_add_body_class":"","ocean_shortcode_before_top_bar":"","ocean_shortcode_after_top_bar":"","ocean_shortcode_before_header":"","ocean_shortcode_after_header":"","ocean_has_shortcode":"","ocean_shortcode_after_title":"","ocean_shortcode_before_footer_widgets":"","ocean_shortcode_after_footer_widgets":"","ocean_shortcode_before_footer_bottom":"","ocean_shortcode_after_footer_bottom":"","ocean_display_top_bar":"default","ocean_display_header":"default","ocean_header_style":"","ocean_center_header_left_menu":"0","ocean_custom_header_template":"0","ocean_custom_logo":0,"ocean_custom_retina_logo":0,"ocean_custom_logo_max_width":0,"ocean_custom_logo_tablet_max_width":0,"ocean_custom_logo_mobile_max_width":0,"ocean_custom_logo_max_height":0,"ocean_custom_logo_tablet_max_height":0,"ocean_custom_logo_mobile_max_height":0,"ocean_header_custom_menu":"0","ocean_menu_typo_font_family":"0","ocean_menu_typo_font_subset":"","ocean_menu_typo_font_size":0,"ocean_menu_typo_font_size_tablet":0,"ocean_menu_typo_font_size_mobile":0,"ocean_menu_typo_font_size_unit":"px","ocean_menu_typo_font_weight":"","ocean_menu_typo_font_weight_tablet":"","ocean_menu_typo_font_weight_mobile":"","ocean_menu_typo_transform":"","ocean_menu_typo_transform_tablet":"","ocean_menu_typo_transform_mobile":"","ocean_menu_typo_line_height":0,"ocean_menu_typo_line_height_tablet":0,"ocean_menu_typo_line_height_mobile":0,"ocean_menu_typo_line_height_unit":"","ocean_menu_typo_spacing":0,"ocean_menu_typo_spacing_tablet":0,"ocean_menu_typo_spacing_mobile":0,"ocean_menu_typo_spacing_unit":"","ocean_menu_link_color":"","ocean_menu_link_color_hover":"","ocean_menu_link_color_active":"","ocean_menu_link_background":"","ocean_menu_link_hover_background":"","ocean_menu_link_active_background":"","ocean_menu_social_links_bg":"","ocean_menu_social_hover_links_bg":"","ocean_menu_social_links_color":"","ocean_menu_social_hover_links_color":"","ocean_disable_title":"default","ocean_disable_heading":"default","ocean_post_title":"","ocean_post_subheading":"","ocean_post_title_style":"","ocean_post_title_background_color":"","ocean_post_title_background":0,"ocean_post_title_bg_image_position":"","ocean_post_title_bg_image_attachment":"","ocean_post_title_bg_image_repeat":"","ocean_post_title_bg_image_size":"","ocean_post_title_height":0,"ocean_post_title_bg_overlay":0.5,"ocean_post_title_bg_overlay_color":"","ocean_disable_breadcrumbs":"default","ocean_breadcrumbs_color":"","ocean_breadcrumbs_separator_color":"","ocean_breadcrumbs_links_color":"","ocean_breadcrumbs_links_hover_color":"","ocean_display_footer_widgets":"default","ocean_display_footer_bottom":"default","ocean_custom_footer_template":"0"},"product_cat":[85],"product_tag":[],"class_list":{"0":"post-4090","1":"product","2":"type-product","3":"status-publish","4":"has-post-thumbnail","6":"product_cat-naohooldused","8":"entry","9":"has-media","11":"first","12":"instock","13":"taxable","14":"shipping-taxable","15":"purchasable","16":"product-type-variable","17":"has-product-nav","18":"col","19":"span_1_of_4","20":"owp-content-center","21":"owp-thumbs-layout-vertical","22":"owp-btn-normal","23":"owp-tabs-layout-vertical","24":"has-no-thumbnails","26":"circle-sale"},"yoast_head":"<!-- This site is optimized with the Yoast SEO plugin v23.6 - https:\/\/yoast.com\/wordpress\/plugins\/seo\/ -->\n<title>Ens\u00fc\u00fcmteraapia DMK DANNE - Medic-Esthetic beauty shop<\/title>\n<meta name=\"robots\" content=\"index, follow, max-snippet:-1, max-image-preview:large, max-video-preview:-1\" \/>\n<link rel=\"canonical\" href=\"https:\/\/shopcopy.medicest.eu\/et\/product\/ensuumteraapia-dmk-danne\/\" \/>\n<meta property=\"og:locale\" content=\"et_EE\" \/>\n<meta property=\"og:type\" content=\"article\" \/>\n<meta property=\"og:title\" content=\"Ens\u00fc\u00fcmteraapia DMK DANNE - Medic-Esthetic beauty shop\" \/>\n<meta property=\"og:description\" content=\"DMK Danne (USA, California) on kaubam\u00e4rk, mis pakub nahahoolduse ja nahaprobleemide lahendamise terviklikku l\u00e4henemist.\" \/>\n<meta property=\"og:url\" content=\"https:\/\/shopcopy.medicest.eu\/et\/product\/ensuumteraapia-dmk-danne\/\" \/>\n<meta property=\"og:site_name\" content=\"Medic-Esthetic beauty shop\" \/>\n<meta property=\"article:modified_time\" content=\"2024-11-30T22:52:38+00:00\" \/>\n<meta property=\"og:image\" content=\"https:\/\/shopcopy.medicest.eu\/wp-content\/uploads\/2023\/06\/dmk-eesti-1024x6821-1.jpg\" \/>\n\t<meta property=\"og:image:width\" content=\"600\" \/>\n\t<meta property=\"og:image:height\" content=\"600\" \/>\n\t<meta property=\"og:image:type\" content=\"image\/jpeg\" \/>\n<meta name=\"twitter:card\" content=\"summary_large_image\" \/>\n<script type=\"application\/ld+json\" class=\"yoast-schema-graph\">{\"@context\":\"https:\/\/schema.org\",\"@graph\":[{\"@type\":\"WebPage\",\"@id\":\"https:\/\/shopcopy.medicest.eu\/et\/product\/ensuumteraapia-dmk-danne\/\",\"url\":\"https:\/\/shopcopy.medicest.eu\/et\/product\/ensuumteraapia-dmk-danne\/\",\"name\":\"Ens\u00fc\u00fcmteraapia DMK DANNE - Medic-Esthetic beauty shop\",\"isPartOf\":{\"@id\":\"https:\/\/shopcopy.medicest.eu\/#website\"},\"primaryImageOfPage\":{\"@id\":\"https:\/\/shopcopy.medicest.eu\/et\/product\/ensuumteraapia-dmk-danne\/#primaryimage\"},\"image\":{\"@id\":\"https:\/\/shopcopy.medicest.eu\/et\/product\/ensuumteraapia-dmk-danne\/#primaryimage\"},\"thumbnailUrl\":\"https:\/\/shopcopy.medicest.eu\/wp-content\/uploads\/2023\/06\/dmk-eesti-1024x6821-1.jpg\",\"datePublished\":\"2023-06-19T13:54:59+00:00\",\"dateModified\":\"2024-11-30T22:52:38+00:00\",\"breadcrumb\":{\"@id\":\"https:\/\/shopcopy.medicest.eu\/et\/product\/ensuumteraapia-dmk-danne\/#breadcrumb\"},\"inLanguage\":\"et\",\"potentialAction\":[{\"@type\":\"ReadAction\",\"target\":[\"https:\/\/shopcopy.medicest.eu\/et\/product\/ensuumteraapia-dmk-danne\/\"]}]},{\"@type\":\"ImageObject\",\"inLanguage\":\"et\",\"@id\":\"https:\/\/shopcopy.medicest.eu\/et\/product\/ensuumteraapia-dmk-danne\/#primaryimage\",\"url\":\"https:\/\/shopcopy.medicest.eu\/wp-content\/uploads\/2023\/06\/dmk-eesti-1024x6821-1.jpg\",\"contentUrl\":\"https:\/\/shopcopy.medicest.eu\/wp-content\/uploads\/2023\/06\/dmk-eesti-1024x6821-1.jpg\",\"width\":600,\"height\":600},{\"@type\":\"BreadcrumbList\",\"@id\":\"https:\/\/shopcopy.medicest.eu\/et\/product\/ensuumteraapia-dmk-danne\/#breadcrumb\",\"itemListElement\":[{\"@type\":\"ListItem\",\"position\":1,\"name\":\"\",\"item\":\"https:\/\/shopcopy.medicest.eu\/et\/\"},{\"@type\":\"ListItem\",\"position\":2,\"name\":\"K\u00f5ik protseduurid\",\"item\":\"https:\/\/shopcopy.medicest.eu\/et\/shop\/\"},{\"@type\":\"ListItem\",\"position\":3,\"name\":\"Ens\u00fc\u00fcmteraapia DMK DANNE\"}]},{\"@type\":\"WebSite\",\"@id\":\"https:\/\/shopcopy.medicest.eu\/#website\",\"url\":\"https:\/\/shopcopy.medicest.eu\/\",\"name\":\"Medic-Esthetic beauty shop\",\"description\":\"Beauty shop\",\"publisher\":{\"@id\":\"https:\/\/shopcopy.medicest.eu\/#organization\"},\"potentialAction\":[{\"@type\":\"SearchAction\",\"target\":{\"@type\":\"EntryPoint\",\"urlTemplate\":\"https:\/\/shopcopy.medicest.eu\/?s={search_term_string}\"},\"query-input\":{\"@type\":\"PropertyValueSpecification\",\"valueRequired\":true,\"valueName\":\"search_term_string\"}}],\"inLanguage\":\"et\"},{\"@type\":\"Organization\",\"@id\":\"https:\/\/shopcopy.medicest.eu\/#organization\",\"name\":\"Medic-Esthetic beauty shop\",\"url\":\"https:\/\/shopcopy.medicest.eu\/\",\"logo\":{\"@type\":\"ImageObject\",\"inLanguage\":\"et\",\"@id\":\"https:\/\/shopcopy.medicest.eu\/#\/schema\/logo\/image\/\",\"url\":\"https:\/\/shopcopy.medicest.eu\/wp-content\/uploads\/2021\/12\/medicest-logo-new2021.png\",\"contentUrl\":\"https:\/\/shopcopy.medicest.eu\/wp-content\/uploads\/2021\/12\/medicest-logo-new2021.png\",\"width\":800,\"height\":211,\"caption\":\"Medic-Esthetic beauty shop\"},\"image\":{\"@id\":\"https:\/\/shopcopy.medicest.eu\/#\/schema\/logo\/image\/\"}}]}<\/script>\n<!-- \/ Yoast SEO plugin. -->","yoast_head_json":{"title":"Ens\u00fc\u00fcmteraapia DMK DANNE - Medic-Esthetic beauty shop","robots":{"index":"index","follow":"follow","max-snippet":"max-snippet:-1","max-image-preview":"max-image-preview:large","max-video-preview":"max-video-preview:-1"},"canonical":"https:\/\/shopcopy.medicest.eu\/et\/product\/ensuumteraapia-dmk-danne\/","og_locale":"et_EE","og_type":"article","og_title":"Ens\u00fc\u00fcmteraapia DMK DANNE - Medic-Esthetic beauty shop","og_description":"DMK Danne (USA, California) on kaubam\u00e4rk, mis pakub nahahoolduse ja nahaprobleemide lahendamise terviklikku l\u00e4henemist.","og_url":"https:\/\/shopcopy.medicest.eu\/et\/product\/ensuumteraapia-dmk-danne\/","og_site_name":"Medic-Esthetic beauty shop","article_modified_time":"2024-11-30T22:52:38+00:00","og_image":[{"width":600,"height":600,"url":"https:\/\/shopcopy.medicest.eu\/wp-content\/uploads\/2023\/06\/dmk-eesti-1024x6821-1.jpg","type":"image\/jpeg"}],"twitter_card":"summary_large_image","schema":{"@context":"https:\/\/schema.org","@graph":[{"@type":"WebPage","@id":"https:\/\/shopcopy.medicest.eu\/et\/product\/ensuumteraapia-dmk-danne\/","url":"https:\/\/shopcopy.medicest.eu\/et\/product\/ensuumteraapia-dmk-danne\/","name":"Ens\u00fc\u00fcmteraapia DMK DANNE - Medic-Esthetic beauty shop","isPartOf":{"@id":"https:\/\/shopcopy.medicest.eu\/#website"},"primaryImageOfPage":{"@id":"https:\/\/shopcopy.medicest.eu\/et\/product\/ensuumteraapia-dmk-danne\/#primaryimage"},"image":{"@id":"https:\/\/shopcopy.medicest.eu\/et\/product\/ensuumteraapia-dmk-danne\/#primaryimage"},"thumbnailUrl":"https:\/\/shopcopy.medicest.eu\/wp-content\/uploads\/2023\/06\/dmk-eesti-1024x6821-1.jpg","datePublished":"2023-06-19T13:54:59+00:00","dateModified":"2024-11-30T22:52:38+00:00","breadcrumb":{"@id":"https:\/\/shopcopy.medicest.eu\/et\/product\/ensuumteraapia-dmk-danne\/#breadcrumb"},"inLanguage":"et","potentialAction":[{"@type":"ReadAction","target":["https:\/\/shopcopy.medicest.eu\/et\/product\/ensuumteraapia-dmk-danne\/"]}]},{"@type":"ImageObject","inLanguage":"et","@id":"https:\/\/shopcopy.medicest.eu\/et\/product\/ensuumteraapia-dmk-danne\/#primaryimage","url":"https:\/\/shopcopy.medicest.eu\/wp-content\/uploads\/2023\/06\/dmk-eesti-1024x6821-1.jpg","contentUrl":"https:\/\/shopcopy.medicest.eu\/wp-content\/uploads\/2023\/06\/dmk-eesti-1024x6821-1.jpg","width":600,"height":600},{"@type":"BreadcrumbList","@id":"https:\/\/shopcopy.medicest.eu\/et\/product\/ensuumteraapia-dmk-danne\/#breadcrumb","itemListElement":[{"@type":"ListItem","position":1,"name":"","item":"https:\/\/shopcopy.medicest.eu\/et\/"},{"@type":"ListItem","position":2,"name":"K\u00f5ik protseduurid","item":"https:\/\/shopcopy.medicest.eu\/et\/shop\/"},{"@type":"ListItem","position":3,"name":"Ens\u00fc\u00fcmteraapia DMK DANNE"}]},{"@type":"WebSite","@id":"https:\/\/shopcopy.medicest.eu\/#website","url":"https:\/\/shopcopy.medicest.eu\/","name":"Medic-Esthetic beauty shop","description":"Beauty shop","publisher":{"@id":"https:\/\/shopcopy.medicest.eu\/#organization"},"potentialAction":[{"@type":"SearchAction","target":{"@type":"EntryPoint","urlTemplate":"https:\/\/shopcopy.medicest.eu\/?s={search_term_string}"},"query-input":{"@type":"PropertyValueSpecification","valueRequired":true,"valueName":"search_term_string"}}],"inLanguage":"et"},{"@type":"Organization","@id":"https:\/\/shopcopy.medicest.eu\/#organization","name":"Medic-Esthetic beauty shop","url":"https:\/\/shopcopy.medicest.eu\/","logo":{"@type":"ImageObject","inLanguage":"et","@id":"https:\/\/shopcopy.medicest.eu\/#\/schema\/logo\/image\/","url":"https:\/\/shopcopy.medicest.eu\/wp-content\/uploads\/2021\/12\/medicest-logo-new2021.png","contentUrl":"https:\/\/shopcopy.medicest.eu\/wp-content\/uploads\/2021\/12\/medicest-logo-new2021.png","width":800,"height":211,"caption":"Medic-Esthetic beauty shop"},"image":{"@id":"https:\/\/shopcopy.medicest.eu\/#\/schema\/logo\/image\/"}}]}},"_links":{"self":[{"href":"https:\/\/shopcopy.medicest.eu\/et\/wp-json\/wp\/v2\/product\/4090","targetHints":{"allow":["GET"]}}],"collection":[{"href":"https:\/\/shopcopy.medicest.eu\/et\/wp-json\/wp\/v2\/product"}],"about":[{"href":"https:\/\/shopcopy.medicest.eu\/et\/wp-json\/wp\/v2\/types\/product"}],"replies":[{"embeddable":true,"href":"https:\/\/shopcopy.medicest.eu\/et\/wp-json\/wp\/v2\/comments?post=4090"}],"wp:featuredmedia":[{"embeddable":true,"href":"https:\/\/shopcopy.medicest.eu\/et\/wp-json\/wp\/v2\/media\/4084"}],"wp:attachment":[{"href":"https:\/\/shopcopy.medicest.eu\/et\/wp-json\/wp\/v2\/media?parent=4090"}],"wp:term":[{"taxonomy":"product_cat","embeddable":true,"href":"https:\/\/shopcopy.medicest.eu\/et\/wp-json\/wp\/v2\/product_cat?post=4090"},{"taxonomy":"product_tag","embeddable":true,"href":"https:\/\/shopcopy.medicest.eu\/et\/wp-json\/wp\/v2\/product_tag?post=4090"}],"curies":[{"name":"wp","href":"https:\/\/api.w.org\/{rel}","templated":true}]}}